{"id":100,"date":"2020-06-11T18:36:53","date_gmt":"2020-06-11T16:36:53","guid":{"rendered":"https:\/\/msgudjonsdottir.com\/?page_id=100"},"modified":"2026-01-28T18:35:53","modified_gmt":"2026-01-28T17:35:53","slug":"commissions","status":"publish","type":"page","link":"https:\/\/msgudjonsdottir.com\/index.php\/commissions\/","title":{"rendered":"COMMISSIONS"},"content":{"rendered":"<p>[et_pb_section fb_built=&#8221;1&#8243; fullwidth=&#8221;on&#8221; _builder_version=&#8221;4.16&#8243; background_color=&#8221;#ece9ea&#8221; global_colors_info=&#8221;{}&#8221;][et_pb_fullwidth_header title=&#8221;COMMISSIONED WORK&#8221; header_fullscreen=&#8221;on&#8221; admin_label=&#8221;COMMISSIONED WORKS : TEXT&#8221; _builder_version=&#8221;4.27.4&#8243; title_font=&#8221;Dosis|700||on|||||&#8221; title_text_align=&#8221;center&#8221; title_text_color=&#8221;#9b9996&#8243; content_font=&#8221;Dosis|500|||||||&#8221; content_text_align=&#8221;center&#8221; content_text_color=&#8221;#727272&#8243; subhead_font=&#8221;Dosis|700|||||||&#8221; subhead_text_align=&#8221;center&#8221; subhead_text_color=&#8221;#bbbab8&#8243; subhead_font_size=&#8221;20px&#8221; background_color=&#8221;#ece9ea&#8221; background_layout=&#8221;light&#8221; custom_margin_tablet=&#8221;&#8221; custom_margin_phone=&#8221;&#8221; custom_margin_last_edited=&#8221;on|desktop&#8221; custom_padding=&#8221;0px|||||&#8221; hover_enabled=&#8221;0&#8243; global_colors_info=&#8221;{}&#8221; sticky_enabled=&#8221;0&#8243;]<\/p>\n<p>2026 &#8220;From the finite to the infinite to the finite to the infinite to the finite to the&#8230;&#8221;, commissioned co authored performance by and with choreographer Marie Topp.<\/p>\n<p>&nbsp;<\/p>\n<p>2025 &#8220;Boundless Ominous Fields&#8221;, commissioned performance for trilogy produced by the dancers Karolina Ginman and Marlon Moilanen.\u00a0<\/p>\n<p>&nbsp;<\/p>\n<p style=\"text-align: left;\">2024 &#8220;Liminal States&#8221;, commissioned performance for the Icelandic Dance Company, National dance company of Iceland. Premiere at City Theatre of Reykjavik, Iceland.<\/p>\n<p>&nbsp;<\/p>\n<p class=\"p1\" style=\"text-align: left;\"><span class=\"s1\">2019 \u00a0&#8220;Ocean Glory&#8221;, interdisciplinary performance installation commissioned by SAVY Contemporary gallery Berlin, TOXIC COMMONS festival. Collaborative work initiated by visual <\/span><span class=\"s1\">artist and film maker Hulda R\u00f3s Gu\u00f0nad\u00f3ttir, composer Gu\u00f0n\u00fd Gu\u00f0mundsd\u00f3ttir.<\/span><\/p>\n<p>&nbsp;<\/p>\n<p style=\"text-align: left;\"><span class=\"s1\">2017 &#8220;HYPER&#8221;, commissioned by the Cullberg Ballet Sweden.<\/span><\/p>\n<p>&nbsp;<\/p>\n<p style=\"text-align: left;\"><span class=\"s1\">2014 \u201cTARGETED\u201d, commissioned by the Cullberg Ballet Sweden.<\/span><\/p>\n<p>&nbsp;<\/p>\n<p class=\"p1\" style=\"text-align: left;\"><span class=\"s1\">2013 \u201cS(tragedies), commissioned by Folk Operan Stockholm.<\/span><\/p>\n<p>&nbsp;<\/p>\n<p class=\"p1\" style=\"text-align: left;\"><span class=\"s1\">2013 \u201cSoft Target Installed\u201d, commissioned by Reykjav\u00edk Dance Festival with the support of APAP Tanzfabrik studio Berlin.<\/span><\/p>\n<p>&nbsp;<\/p>\n<p class=\"p1\" style=\"text-align: left;\"><span class=\"s1\">2013 \u201eStep right to it\u201c commissioned by \u00a0UniArts Stockholm and MDT Stockholm.\u00a0<\/span><\/p>\n<p>&nbsp;<\/p>\n<p class=\"p1\" style=\"text-align: left;\">2011 &#8220;Me I Play&#8221;,\u00a0commissioned\u00a0by Les Grandes Travers\u00e9es\u00a0Festival, Bordeaux.<\/p>\n<p>&nbsp;<\/p>\n<p>[\/et_pb_fullwidth_header][\/et_pb_section]<\/p>\n","protected":false},"excerpt":{"rendered":"<p>2026 &#8220;From the finite to the infinite to the finite to the infinite to the finite to the&#8230;&#8221;, commissioned co authored performance by and with choreographer Marie Topp. &nbsp; 2025 &#8220;Boundless Ominous Fields&#8221;, commissioned performance for trilogy produced by the dancers Karolina Ginman and Marlon Moilanen.\u00a0 &nbsp; 2024 &#8220;Liminal States&#8221;, commissioned performance for the Icelandic [&hellip;]<\/p>\n","protected":false},"author":1,"featured_media":0,"parent":0,"menu_order":0,"comment_status":"closed","ping_status":"open","template":"","meta":{"_et_pb_use_builder":"on","_et_pb_old_content":"<!-- wp:paragraph -->\r\n<p>Ceci est une page d\u2019exemple. C\u2019est diff\u00e9rent d\u2019un article de blog parce qu\u2019elle restera au m\u00eame endroit et appara\u00eetra dans la navigation de votre site (dans la plupart des th\u00e8mes). La plupart des gens commencent par une page \u00ab\u00a0\u00c0 propos\u00a0\u00bb qui les pr\u00e9sente aux visiteurs du site. Cela pourrait ressembler \u00e0 quelque chose comme cela\u00a0:<\/p>\r\n<!-- \/wp:paragraph --><!-- wp:quote -->\r\n<blockquote class=\"wp-block-quote\">\r\n<p>Bonjour\u00a0! Je suis un m\u00e9canicien qui aspire \u00e0 devenir acteur, et voici mon site. J\u2019habite \u00e0 Bordeaux, j\u2019ai un super chien baptis\u00e9 Russell, et j\u2019aime la vodka-ananas (ainsi qu\u2019\u00eatre surpris par la pluie soudaine lors de longues balades sur la plage au coucher du soleil).<\/p>\r\n<\/blockquote>\r\n<!-- \/wp:quote --><!-- wp:paragraph -->\r\n<p>... ou quelque chose comme cela\u00a0:<\/p>\r\n<!-- \/wp:paragraph --><!-- wp:quote -->\r\n<blockquote class=\"wp-block-quote\">\r\n<p>La soci\u00e9t\u00e9 123 Machin Truc a \u00e9t\u00e9 cr\u00e9\u00e9e en 1971, et n\u2019a cess\u00e9 de proposer au public des machins-trucs de qualit\u00e9 depuis lors. Situ\u00e9e \u00e0 Saint-Remy-en-Bouzemont-Saint-Genest-et-Isson, 123 Machin Truc emploie 2 000 personnes, et fabrique toutes sortes de bidules super pour la communaut\u00e9 bouzemontoise.<\/p>\r\n<\/blockquote>\r\n<!-- \/wp:quote --><!-- wp:paragraph -->\r\n<p>En tant que nouvel\u00b7le utilisateur ou utilisatrice de WordPress, vous devriez vous rendre sur <a href=\"http:\/\/msgudjonsdottir.com\/wp-admin\/\">votre tableau de bord<\/a> pour supprimer cette page et cr\u00e9er de nouvelles pages pour votre contenu. Amusez-vous bien\u00a0!<\/p>\r\n<!-- \/wp:paragraph -->","_et_gb_content_width":"","footnotes":""},"class_list":["post-100","page","type-page","status-publish","hentry"],"yoast_head":"<!-- This site is optimized with the Yoast SEO plugin v27.4 - https:\/\/yoast.com\/product\/yoast-seo-wordpress\/ -->\n<title>COMMISSIONS - MARGRET SARA GUDJONSDOTTIR<\/title>\n<meta name=\"robots\" content=\"index, follow, max-snippet:-1, max-image-preview:large, max-video-preview:-1\" \/>\n<link rel=\"canonical\" href=\"https:\/\/msgudjonsdottir.com\/index.php\/commissions\/\" \/>\n<meta property=\"og:locale\" content=\"en_US\" \/>\n<meta property=\"og:type\" content=\"article\" \/>\n<meta property=\"og:title\" content=\"COMMISSIONS - MARGRET SARA GUDJONSDOTTIR\" \/>\n<meta property=\"og:description\" content=\"2026 &quot;From the finite to the infinite to the finite to the infinite to the finite to the...&quot;, commissioned co authored performance by and with choreographer Marie Topp. &nbsp; 2025 &quot;Boundless Ominous Fields&quot;, commissioned performance for trilogy produced by the dancers Karolina Ginman and Marlon Moilanen.\u00a0 &nbsp; 2024 &quot;Liminal States&quot;, commissioned performance for the Icelandic [&hellip;]\" \/>\n<meta property=\"og:url\" content=\"https:\/\/msgudjonsdottir.com\/index.php\/commissions\/\" \/>\n<meta property=\"og:site_name\" content=\"MARGRET SARA GUDJONSDOTTIR\" \/>\n<meta property=\"article:modified_time\" content=\"2026-01-28T17:35:53+00:00\" \/>\n<meta name=\"twitter:card\" content=\"summary_large_image\" \/>\n<meta name=\"twitter:label1\" content=\"Est. reading time\" \/>\n\t<meta name=\"twitter:data1\" content=\"1 minute\" \/>\n<script type=\"application\/ld+json\" class=\"yoast-schema-graph\">{\"@context\":\"https:\\\/\\\/schema.org\",\"@graph\":[{\"@type\":\"WebPage\",\"@id\":\"https:\\\/\\\/msgudjonsdottir.com\\\/index.php\\\/commissions\\\/\",\"url\":\"https:\\\/\\\/msgudjonsdottir.com\\\/index.php\\\/commissions\\\/\",\"name\":\"COMMISSIONS - MARGRET SARA GUDJONSDOTTIR\",\"isPartOf\":{\"@id\":\"https:\\\/\\\/msgudjonsdottir.com\\\/#website\"},\"datePublished\":\"2020-06-11T16:36:53+00:00\",\"dateModified\":\"2026-01-28T17:35:53+00:00\",\"breadcrumb\":{\"@id\":\"https:\\\/\\\/msgudjonsdottir.com\\\/index.php\\\/commissions\\\/#breadcrumb\"},\"inLanguage\":\"en-US\",\"potentialAction\":[{\"@type\":\"ReadAction\",\"target\":[\"https:\\\/\\\/msgudjonsdottir.com\\\/index.php\\\/commissions\\\/\"]}]},{\"@type\":\"BreadcrumbList\",\"@id\":\"https:\\\/\\\/msgudjonsdottir.com\\\/index.php\\\/commissions\\\/#breadcrumb\",\"itemListElement\":[{\"@type\":\"ListItem\",\"position\":1,\"name\":\"Home\",\"item\":\"https:\\\/\\\/msgudjonsdottir.com\\\/\"},{\"@type\":\"ListItem\",\"position\":2,\"name\":\"COMMISSIONS\"}]},{\"@type\":\"WebSite\",\"@id\":\"https:\\\/\\\/msgudjonsdottir.com\\\/#website\",\"url\":\"https:\\\/\\\/msgudjonsdottir.com\\\/\",\"name\":\"MARGRET SARA GUDJONSDOTTIR\",\"description\":\"\",\"publisher\":{\"@id\":\"https:\\\/\\\/msgudjonsdottir.com\\\/#organization\"},\"potentialAction\":[{\"@type\":\"SearchAction\",\"target\":{\"@type\":\"EntryPoint\",\"urlTemplate\":\"https:\\\/\\\/msgudjonsdottir.com\\\/?s={search_term_string}\"},\"query-input\":{\"@type\":\"PropertyValueSpecification\",\"valueRequired\":true,\"valueName\":\"search_term_string\"}}],\"inLanguage\":\"en-US\"},{\"@type\":\"Organization\",\"@id\":\"https:\\\/\\\/msgudjonsdottir.com\\\/#organization\",\"name\":\"MARGRET SARA GUDJONSDOTTIR\",\"url\":\"https:\\\/\\\/msgudjonsdottir.com\\\/\",\"logo\":{\"@type\":\"ImageObject\",\"inLanguage\":\"en-US\",\"@id\":\"https:\\\/\\\/msgudjonsdottir.com\\\/#\\\/schema\\\/logo\\\/image\\\/\",\"url\":\"https:\\\/\\\/msgudjonsdottir.com\\\/wp-content\\\/uploads\\\/2020\\\/06\\\/msg.png\",\"contentUrl\":\"https:\\\/\\\/msgudjonsdottir.com\\\/wp-content\\\/uploads\\\/2020\\\/06\\\/msg.png\",\"width\":551,\"height\":90,\"caption\":\"MARGRET SARA GUDJONSDOTTIR\"},\"image\":{\"@id\":\"https:\\\/\\\/msgudjonsdottir.com\\\/#\\\/schema\\\/logo\\\/image\\\/\"}}]}<\/script>\n<!-- \/ Yoast SEO plugin. -->","yoast_head_json":{"title":"COMMISSIONS - MARGRET SARA GUDJONSDOTTIR","robots":{"index":"index","follow":"follow","max-snippet":"max-snippet:-1","max-image-preview":"max-image-preview:large","max-video-preview":"max-video-preview:-1"},"canonical":"https:\/\/msgudjonsdottir.com\/index.php\/commissions\/","og_locale":"en_US","og_type":"article","og_title":"COMMISSIONS - MARGRET SARA GUDJONSDOTTIR","og_description":"2026 \"From the finite to the infinite to the finite to the infinite to the finite to the...\", commissioned co authored performance by and with choreographer Marie Topp. &nbsp; 2025 \"Boundless Ominous Fields\", commissioned performance for trilogy produced by the dancers Karolina Ginman and Marlon Moilanen.\u00a0 &nbsp; 2024 \"Liminal States\", commissioned performance for the Icelandic [&hellip;]","og_url":"https:\/\/msgudjonsdottir.com\/index.php\/commissions\/","og_site_name":"MARGRET SARA GUDJONSDOTTIR","article_modified_time":"2026-01-28T17:35:53+00:00","twitter_card":"summary_large_image","twitter_misc":{"Est. reading time":"1 minute"},"schema":{"@context":"https:\/\/schema.org","@graph":[{"@type":"WebPage","@id":"https:\/\/msgudjonsdottir.com\/index.php\/commissions\/","url":"https:\/\/msgudjonsdottir.com\/index.php\/commissions\/","name":"COMMISSIONS - MARGRET SARA GUDJONSDOTTIR","isPartOf":{"@id":"https:\/\/msgudjonsdottir.com\/#website"},"datePublished":"2020-06-11T16:36:53+00:00","dateModified":"2026-01-28T17:35:53+00:00","breadcrumb":{"@id":"https:\/\/msgudjonsdottir.com\/index.php\/commissions\/#breadcrumb"},"inLanguage":"en-US","potentialAction":[{"@type":"ReadAction","target":["https:\/\/msgudjonsdottir.com\/index.php\/commissions\/"]}]},{"@type":"BreadcrumbList","@id":"https:\/\/msgudjonsdottir.com\/index.php\/commissions\/#breadcrumb","itemListElement":[{"@type":"ListItem","position":1,"name":"Home","item":"https:\/\/msgudjonsdottir.com\/"},{"@type":"ListItem","position":2,"name":"COMMISSIONS"}]},{"@type":"WebSite","@id":"https:\/\/msgudjonsdottir.com\/#website","url":"https:\/\/msgudjonsdottir.com\/","name":"MARGRET SARA GUDJONSDOTTIR","description":"","publisher":{"@id":"https:\/\/msgudjonsdottir.com\/#organization"},"potentialAction":[{"@type":"SearchAction","target":{"@type":"EntryPoint","urlTemplate":"https:\/\/msgudjonsdottir.com\/?s={search_term_string}"},"query-input":{"@type":"PropertyValueSpecification","valueRequired":true,"valueName":"search_term_string"}}],"inLanguage":"en-US"},{"@type":"Organization","@id":"https:\/\/msgudjonsdottir.com\/#organization","name":"MARGRET SARA GUDJONSDOTTIR","url":"https:\/\/msgudjonsdottir.com\/","logo":{"@type":"ImageObject","inLanguage":"en-US","@id":"https:\/\/msgudjonsdottir.com\/#\/schema\/logo\/image\/","url":"https:\/\/msgudjonsdottir.com\/wp-content\/uploads\/2020\/06\/msg.png","contentUrl":"https:\/\/msgudjonsdottir.com\/wp-content\/uploads\/2020\/06\/msg.png","width":551,"height":90,"caption":"MARGRET SARA GUDJONSDOTTIR"},"image":{"@id":"https:\/\/msgudjonsdottir.com\/#\/schema\/logo\/image\/"}}]}},"_links":{"self":[{"href":"https:\/\/msgudjonsdottir.com\/index.php\/wp-json\/wp\/v2\/pages\/100","targetHints":{"allow":["GET"]}}],"collection":[{"href":"https:\/\/msgudjonsdottir.com\/index.php\/wp-json\/wp\/v2\/pages"}],"about":[{"href":"https:\/\/msgudjonsdottir.com\/index.php\/wp-json\/wp\/v2\/types\/page"}],"author":[{"embeddable":true,"href":"https:\/\/msgudjonsdottir.com\/index.php\/wp-json\/wp\/v2\/users\/1"}],"replies":[{"embeddable":true,"href":"https:\/\/msgudjonsdottir.com\/index.php\/wp-json\/wp\/v2\/comments?post=100"}],"version-history":[{"count":39,"href":"https:\/\/msgudjonsdottir.com\/index.php\/wp-json\/wp\/v2\/pages\/100\/revisions"}],"predecessor-version":[{"id":2907,"href":"https:\/\/msgudjonsdottir.com\/index.php\/wp-json\/wp\/v2\/pages\/100\/revisions\/2907"}],"wp:attachment":[{"href":"https:\/\/msgudjonsdottir.com\/index.php\/wp-json\/wp\/v2\/media?parent=100"}],"curies":[{"name":"wp","href":"https:\/\/api.w.org\/{rel}","templated":true}]}}