{"id":1303,"date":"2021-08-24T13:11:02","date_gmt":"2021-08-24T11:11:02","guid":{"rendered":"https:\/\/msgudjonsdottir.com\/?page_id=1303"},"modified":"2023-09-30T14:54:54","modified_gmt":"2023-09-30T12:54:54","slug":"dialoging-full-drop","status":"publish","type":"page","link":"https:\/\/msgudjonsdottir.com\/index.php\/dialoging-full-drop\/","title":{"rendered":"DIALOGING-FULL DROP"},"content":{"rendered":"<p>[et_pb_section fb_built=&#8221;1&#8243; admin_label=&#8221;CATALYSTS&#8221; _builder_version=&#8221;4.16&#8243; background_color=&#8221;#ece9ea&#8221; global_colors_info=&#8221;{}&#8221;][et_pb_row admin_label=&#8221;CATALYSTS&#8221; _builder_version=&#8221;4.16&#8243; global_colors_info=&#8221;{}&#8221;][et_pb_column type=&#8221;4_4&#8243; _builder_version=&#8221;4.16&#8243; global_colors_info=&#8221;{}&#8221;][et_pb_text admin_label=&#8221;CATALYSTS&#8221; _builder_version=&#8221;4.21.0&#8243; text_font=&#8221;Dosis||||||||&#8221; text_text_color=&#8221;#8e8e8e&#8221; header_text_align=&#8221;center&#8221; header_text_color=&#8221;#595758&#8243; header_2_font=&#8221;|||on|||||&#8221; header_2_text_align=&#8221;center&#8221; header_2_text_color=&#8221;#777777&#8243; header_3_font=&#8221;Dosis||||||||&#8221; header_3_text_align=&#8221;left&#8221; header_3_text_color=&#8221;#000000&#8243; text_orientation=&#8221;justified&#8221; custom_margin=&#8221;|150px||150px|false|false&#8221; custom_margin_tablet=&#8221;|80px||80px|false|false&#8221; custom_margin_phone=&#8221;|15px||15px|false|false&#8221; custom_margin_last_edited=&#8221;on|phone&#8221; global_colors_info=&#8221;{}&#8221;]<\/p>\n<h3 class=\"p1\" style=\"text-align: center;\"><strong><span class=\"s1\">DIALOG RESEARCH\u00a0<\/span><\/strong><\/h3>\n<p>&nbsp;<\/p>\n<h4 class=\"p1\" style=\"text-align: center;\"><em><span class=\"s1\">SERIES OF 12 INTERVIEWS WITH 15 FULL DROP\u00a0\u00a0PRACTITIONERS FROM THE FIELD OF DANCE AND SCIENCE WAS\u00a0CONDUCTED IN EARLY 2021. THE DISCUSSIONS THAT TOOK PLACE FOCUSED ON THE LINK BETWEEN THE FULL DROP\u00a0 PRACTICE AND CHOREOGRAPHY, WRITING AND OTHER CREATIVE OUTCOMES<\/span><\/em><\/h4>\n<p>[\/et_pb_text][et_pb_image title_text=&#8221;Screen Shot 2022-03-03 at 11.14.45&#8243; align=&#8221;center&#8221; _builder_version=&#8221;4.16&#8243; _module_preset=&#8221;default&#8221; animation_style=&#8221;fade&#8221; animation_duration=&#8221;2000ms&#8221; locked=&#8221;off&#8221; global_colors_info=&#8221;{}&#8221;][\/et_pb_image][et_pb_text admin_label=&#8221;TEXT&#8221; _builder_version=&#8221;4.21.0&#8243; text_font=&#8221;Dosis||||||||&#8221; text_text_color=&#8221;#8e8e8e&#8221; header_text_align=&#8221;center&#8221; header_text_color=&#8221;#595758&#8243; header_3_font=&#8221;Dosis||||||||&#8221; header_3_text_align=&#8221;left&#8221; header_3_text_color=&#8221;#000000&#8243; text_orientation=&#8221;justified&#8221; custom_margin=&#8221;|150px||150px|false|false&#8221; custom_margin_tablet=&#8221;|80px||80px|false|false&#8221; custom_margin_phone=&#8221;|15px||15px|false|false&#8221; custom_margin_last_edited=&#8221;on|phone&#8221; global_colors_info=&#8221;{}&#8221;]<\/p>\n<p>In 2021 I conducted 12<span class=\"Apple-converted-space\">\u00a0 <\/span>interviews with 15 artist and creatives working with and inspired by the FULL DROP method within their artistic processes. With the opening questions; What does the FULL DROP practice do to your artistic work and what does that reflect from a political perspective? What is the bridge between practice and choreography or any kind of \u00a0creative outcomes when it comes tot he FULL DROP practice?<\/p>\n<p>What became clear from the interviews is that the practice is a transformative gateway creating space and time for immanent states and the new to surface and for ideas to come to you through letting go of time and space and habitual control while surrendering to listening. Subsequently de-conditioning of older trained and learned patterns of approach to working, moving and thinking. Which kickstarts a process of changing perspectives regarding approach towards your self, towards others, towards the way you create art and function within the cultural structures for arts. The practice represents a rejection of using force as means to achieve and steps away from acrobatic physical control and forced rigorous training, over loading and exhausting the body by forcing it into physicality\u2019s that are not organic and induce injuries through repetition. In general rejects approach which shows a lack of respect for the limits and capacity of each individual.<span class=\"Apple-converted-space\">\u00a0T<\/span>he FULL DROP practice aims for creativity to arrises through deep relaxation and not through engaging in trying or doing or further designing controlled by the mind.<\/p>\n<p>My own creative work as a choreographer within the FULL DROP practice \u00a0was embracing and researching the pathological body, embodied phenomenological existence and the subtile body. The way it was developed was connected to the politics of what I wanted to express in my artistic work due to my biographical history, which reflects a larger whole. The practice as a tool within the field of dance does not create artistic outcomes on its own without a clear artistic vision. Whilst doing the practice can inspire an artistic vision and new discoveries on multiple levels and therefor result in any kind of creative outcome depending on the practitioner and the openings which the context of the practice facilitates for the individual practicing it.<\/p>\n<p>This research was funded by the #TAKE CARE program, supported by Fonds Darstellende K\u00fcnste with funds from the Federal Government Commissioner for Culture and Media within the program NEUSTART KULTUR<\/p>\n<p><b><i>Margr\u00e9t Sara Gu\u00f0j\u00f3nsd\u00f3ttir<\/i><\/b><\/p>\n<p>&nbsp;<\/p>\n<p>&nbsp;<\/p>\n<p><strong>PARTICIPANTS<\/strong><\/p>\n<p style=\"text-align: left;\"><b>-Marie Louise and Ida Elisabeth Larsen,<\/b><b> <\/b>Danish choreographers and dancers and creators of the TWO WOMAN MACHINE dance company in Copenhagen. Interview took place on zoom on the 24. February 2021 Berlin &#8211; Roskile Denmark. Main topic of discussion; The performance &#8220;All Of Its Parts: From Darkness&#8221;.<span class=\"Apple-converted-space\">\u00a0<\/span>Premiere 2020. Working method was using FULL DROP as the main source of the performance and how that created a common space and working tools for the 2 performers and creators of the performance. The discussion also opened into a reflection on the difference between holistic practices and artists practices and artistic research.<\/p>\n<p style=\"text-align: left;\"><b>-Andrea Deres and Sofia Karlsson,<\/b> Danish choreographers and dancers<span class=\"Apple-converted-space\">\u00a0<\/span>and founders of the FAN CLUB COMPANY based in Copenhagen and Roskilde Denmark.<span class=\"Apple-converted-space\">\u00a0<\/span>Interview took place on zoom on the 27.February 2021 Berlin &#8211; Copenhagen Denmark. Main topic of discussion; The performance &#8220;BEEING&#8221;.<span class=\"Apple-converted-space\">\u00a0W<\/span>orked on and shared with audience in 2020. \u00a0How the FULL DROP practice influenced the creation of that performance, in relation to the dramaturgy, facilitation, trauma release and inherent body intelligent in relation to self healing and different holistic somatic methods in general. The discussion also opened into a reflection on the relationship to the audience and entry points to artistic sharing.<span class=\"Apple-converted-space\">\u00a0<\/span><\/p>\n<p style=\"text-align: left;\"><b>-Jeannette Ginslov<\/b> south african screen dance maker, choreographer and dancer, specialist in Digital Dance for AR, Screen and Mixed Reality Performance.<span class=\"Apple-converted-space\">\u00a0 <\/span>Interview took place on zoom on the 2.march 2021 Berlin &#8211; Dundee Scotland. Main topic of discussion was how the FULL DROP practice influenced the research and writing of Jeannettes PhD work titled: Embodied Biometry: Tentacular worlding of dance, biosensor technology and lived experience through relational biofeedback of the human and non-humankind.<\/p>\n<p style=\"text-align: left;\"><b>-Karolina Ginmann<\/b> Finnish choreographer, dancer, psychologist and teacher &amp; <b>Marlon Moilanen <\/b>Finnish dancer and lawyer.\u00a0Interview took place on zoom on the 4.march 2021 Berlin &#8211;<span class=\"Apple-converted-space\">\u00a0 <\/span>Helsinki. Main topic of discussion; Influences &amp; development of own practices. Approaches towards commitment to having a red thread in ones artistic lives<span class=\"Apple-converted-space\">\u00a0<\/span>through a life long practices.<span class=\"Apple-converted-space\">\u00a0<\/span>Therapy and art and their different goals.<span class=\"Apple-converted-space\">\u00a0<\/span><\/p>\n<p style=\"text-align: left;\"><b>-Jenni Elina <\/b>Finnish choreographer, dancer and actor. Interview took place on zoom on the 4.march 2021 Berlin &#8211;<span class=\"Apple-converted-space\">\u00a0 <\/span>Helsinki. Main topic of discussion; Philosophically oriented discussion. Where is the space of creation. From where does art come from?<\/p>\n<p style=\"text-align: left;\"><b>-Anja R\u00f6tterkamp <\/b>German dancer, teacher, dramaturge and fascia therapist in the Danis Bois Method. Interview took place on zoom on the 12th march 2021 Berlin &#8211;<span class=\"Apple-converted-space\">\u00a0 <\/span>Brussels. Anja R\u00f6ttgerkamp is the person who introduced me to the protocol of visualizing as a way to release tension in the body and regenerate energetically and get in touch with the tensegrity structure of the body. She teaches extensively within the field of dance myo fascial work with emphasis on regenerating energy and vital movement, into energetic dance and healthy rythmicality based on the Danis Bois method of Fascia Therapy.<span class=\"Apple-converted-space\">\u00a0<\/span><\/p>\n<p style=\"text-align: left;\"><b>-Jonathan Bonnici\u00a0<\/b>\u00a0British Indian writer, actor and healer.<span class=\"Apple-converted-space\">\u00a0<\/span>Interview took place on zoom on the 15th march 2021 Berlin &#8211;<span class=\"Apple-converted-space\">\u00a0 <\/span>Copenhagen. Main topic of discussion; Changed view on existence in general, and relationally to everything outside of ourselves from practicing the FULL DROP method. Supporting and generating an organic flow of consciousness when writing.<\/p>\n<p style=\"text-align: left;\"><b>-Susan Kozel <\/b>Canadian phenomenologist, writer, dancer and choreographer specialist in the digital field of arts and creative science. Interview took place on zoom on the 17th march 2021 Berlin &#8211;<span class=\"Apple-converted-space\">\u00a0 <\/span>Malm\u00f6. Main topic of discussion; In which way and where does the FULL DROP method serve other disciplines and a different way of living.<\/p>\n<p style=\"text-align: left;\"><b>-Ingrid Andr\u00e9 <\/b>Belgian visual artist, choreographer, dancer, gyro tonic teacher and student in the<span class=\"Apple-converted-space\">\u00a0 <\/span>Danis Bois method Fascia Therapy. Interview took place on zoom on the 19th march 2021 Berlin &#8211;<span class=\"Apple-converted-space\">\u00a0 <\/span>Helsinki. Main topic of discussion; Holistic approach within the arts towards yourself as a makers and teacher and what it does to your approach towards artistic creativity. How can our view on body and politics of body be taken creatively into social change within other fields of work in society. Holistic body presence within other fields in life then the therapeutical field.<\/p>\n<p style=\"text-align: left;\"><b>-Emilia Gasiorek<\/b> British dancer and choreographer and psychology student. Interview took place on zoom on the 30th of march 2021 Berlin &#8211;<span class=\"Apple-converted-space\">\u00a0 <\/span>Copenhagen. Main topic of discussion; Energy work and choreography and carving out a space where a way of being is completely altered from the day to day perception of existence.<\/p>\n<p style=\"text-align: left;\"><b>-Ghita Eli Burghartz <\/b>Swiss \u00a0dancer and shiatsu therapist. Interview took place on zoom on the 1rst of april 2021 Berlin &#8211;<span class=\"Apple-converted-space\">\u00a0 <\/span>Basel. Main topic of discussion;\u00a0Feminism, social politics and FULL DROP. How to participate in the European cultural structures in a healthy way.<\/p>\n<p style=\"text-align: left;\"><b>-Riina Huhtanen <\/b>Finnish dancer and Osteopath. Interview took place on zoom on the 1rst of april 2021 Berlin- Helsinki. Main topic of discussion; Osteopathy and the FULL DROP practice in practical terms from the professional dancers experience.<\/p>\n<p>&nbsp;<\/p>\n<p>[\/et_pb_text][et_pb_gallery gallery_ids=&#8221;1923,1924,1922,1928,1927,1926,1941,1940,1939,1942,1930,1929,1937,2052&#8243; fullwidth=&#8221;on&#8221; disabled_on=&#8221;off|off|off&#8221; _builder_version=&#8221;4.22.1&#8243; _module_preset=&#8221;default&#8221; height=&#8221;700px&#8221; max_height=&#8221;700px&#8221; hover_enabled=&#8221;0&#8243; locked=&#8221;off&#8221; global_colors_info=&#8221;{}&#8221; sticky_enabled=&#8221;0&#8243;][\/et_pb_gallery][\/et_pb_column][\/et_pb_row][\/et_pb_section]<\/p>\n","protected":false},"excerpt":{"rendered":"<p>DIALOG RESEARCH\u00a0 &nbsp; SERIES OF 12 INTERVIEWS WITH 15 FULL DROP\u00a0\u00a0PRACTITIONERS FROM THE FIELD OF DANCE AND SCIENCE WAS\u00a0CONDUCTED IN EARLY 2021. THE DISCUSSIONS THAT TOOK PLACE FOCUSED ON THE LINK BETWEEN THE FULL DROP\u00a0 PRACTICE AND CHOREOGRAPHY, WRITING AND OTHER CREATIVE OUTCOMESIn 2021 I conducted 12\u00a0 interviews with 15 artist and creatives working with [&hellip;]<\/p>\n","protected":false},"author":1,"featured_media":0,"parent":0,"menu_order":0,"comment_status":"closed","ping_status":"closed","template":"","meta":{"_et_pb_use_builder":"on","_et_pb_old_content":"<!-- wp:paragraph -->\r\n<p>Ceci est une page d\u2019exemple. C\u2019est diff\u00e9rent d\u2019un article de blog parce qu\u2019elle restera au m\u00eame endroit et appara\u00eetra dans la navigation de votre site (dans la plupart des th\u00e8mes). La plupart des gens commencent par une page \u00ab\u00a0\u00c0 propos\u00a0\u00bb qui les pr\u00e9sente aux visiteurs du site. Cela pourrait ressembler \u00e0 quelque chose comme cela\u00a0:<\/p>\r\n<!-- \/wp:paragraph --><!-- wp:quote -->\r\n<blockquote class=\"wp-block-quote\">\r\n<p>Bonjour\u00a0! Je suis un m\u00e9canicien qui aspire \u00e0 devenir acteur, et voici mon site. J\u2019habite \u00e0 Bordeaux, j\u2019ai un super chien baptis\u00e9 Russell, et j\u2019aime la vodka-ananas (ainsi qu\u2019\u00eatre surpris par la pluie soudaine lors de longues balades sur la plage au coucher du soleil).<\/p>\r\n<\/blockquote>\r\n<!-- \/wp:quote --><!-- wp:paragraph -->\r\n<p>... ou quelque chose comme cela\u00a0:<\/p>\r\n<!-- \/wp:paragraph --><!-- wp:quote -->\r\n<blockquote class=\"wp-block-quote\">\r\n<p>La soci\u00e9t\u00e9 123 Machin Truc a \u00e9t\u00e9 cr\u00e9\u00e9e en 1971, et n\u2019a cess\u00e9 de proposer au public des machins-trucs de qualit\u00e9 depuis lors. Situ\u00e9e \u00e0 Saint-Remy-en-Bouzemont-Saint-Genest-et-Isson, 123 Machin Truc emploie 2 000 personnes, et fabrique toutes sortes de bidules super pour la communaut\u00e9 bouzemontoise.<\/p>\r\n<\/blockquote>\r\n<!-- \/wp:quote --><!-- wp:paragraph -->\r\n<p>En tant que nouvel\u00b7le utilisateur ou utilisatrice de WordPress, vous devriez vous rendre sur <a href=\"http:\/\/msgudjonsdottir.com\/wp-admin\/\">votre tableau de bord<\/a> pour supprimer cette page et cr\u00e9er de nouvelles pages pour votre contenu. Amusez-vous bien\u00a0!<\/p>\r\n<!-- \/wp:paragraph -->","_et_gb_content_width":"","footnotes":""},"class_list":["post-1303","page","type-page","status-publish","hentry"],"yoast_head":"<!-- This site is optimized with the Yoast SEO plugin v24.9 - https:\/\/yoast.com\/wordpress\/plugins\/seo\/ -->\n<title>DIALOGING-FULL DROP - MARGRET SARA GUDJONSDOTTIR<\/title>\n<meta name=\"robots\" content=\"index, follow, max-snippet:-1, max-image-preview:large, max-video-preview:-1\" \/>\n<link rel=\"canonical\" href=\"https:\/\/msgudjonsdottir.com\/index.php\/dialoging-full-drop\/\" \/>\n<meta property=\"og:locale\" content=\"en_US\" \/>\n<meta property=\"og:type\" content=\"article\" \/>\n<meta property=\"og:title\" content=\"DIALOGING-FULL DROP - MARGRET SARA GUDJONSDOTTIR\" \/>\n<meta property=\"og:description\" content=\"DIALOG RESEARCH\u00a0 &nbsp; SERIES OF 12 INTERVIEWS WITH 15 FULL DROP\u00a0\u00a0PRACTITIONERS FROM THE FIELD OF DANCE AND SCIENCE WAS\u00a0CONDUCTED IN EARLY 2021. THE DISCUSSIONS THAT TOOK PLACE FOCUSED ON THE LINK BETWEEN THE FULL DROP\u00a0 PRACTICE AND CHOREOGRAPHY, WRITING AND OTHER CREATIVE OUTCOMESIn 2021 I conducted 12\u00a0 interviews with 15 artist and creatives working with [&hellip;]\" \/>\n<meta property=\"og:url\" content=\"https:\/\/msgudjonsdottir.com\/index.php\/dialoging-full-drop\/\" \/>\n<meta property=\"og:site_name\" content=\"MARGRET SARA GUDJONSDOTTIR\" \/>\n<meta property=\"article:modified_time\" content=\"2023-09-30T12:54:54+00:00\" \/>\n<meta name=\"twitter:card\" content=\"summary_large_image\" \/>\n<meta name=\"twitter:label1\" content=\"Est. reading time\" \/>\n\t<meta name=\"twitter:data1\" content=\"6 minutes\" \/>\n<script type=\"application\/ld+json\" class=\"yoast-schema-graph\">{\"@context\":\"https:\/\/schema.org\",\"@graph\":[{\"@type\":\"WebPage\",\"@id\":\"https:\/\/msgudjonsdottir.com\/index.php\/dialoging-full-drop\/\",\"url\":\"https:\/\/msgudjonsdottir.com\/index.php\/dialoging-full-drop\/\",\"name\":\"DIALOGING-FULL DROP - MARGRET SARA GUDJONSDOTTIR\",\"isPartOf\":{\"@id\":\"https:\/\/msgudjonsdottir.com\/#website\"},\"datePublished\":\"2021-08-24T11:11:02+00:00\",\"dateModified\":\"2023-09-30T12:54:54+00:00\",\"breadcrumb\":{\"@id\":\"https:\/\/msgudjonsdottir.com\/index.php\/dialoging-full-drop\/#breadcrumb\"},\"inLanguage\":\"en-US\",\"potentialAction\":[{\"@type\":\"ReadAction\",\"target\":[\"https:\/\/msgudjonsdottir.com\/index.php\/dialoging-full-drop\/\"]}]},{\"@type\":\"BreadcrumbList\",\"@id\":\"https:\/\/msgudjonsdottir.com\/index.php\/dialoging-full-drop\/#breadcrumb\",\"itemListElement\":[{\"@type\":\"ListItem\",\"position\":1,\"name\":\"Home\",\"item\":\"https:\/\/msgudjonsdottir.com\/\"},{\"@type\":\"ListItem\",\"position\":2,\"name\":\"DIALOGING-FULL DROP\"}]},{\"@type\":\"WebSite\",\"@id\":\"https:\/\/msgudjonsdottir.com\/#website\",\"url\":\"https:\/\/msgudjonsdottir.com\/\",\"name\":\"MARGRET SARA GUDJONSDOTTIR\",\"description\":\"\",\"publisher\":{\"@id\":\"https:\/\/msgudjonsdottir.com\/#organization\"},\"potentialAction\":[{\"@type\":\"SearchAction\",\"target\":{\"@type\":\"EntryPoint\",\"urlTemplate\":\"https:\/\/msgudjonsdottir.com\/?s={search_term_string}\"},\"query-input\":{\"@type\":\"PropertyValueSpecification\",\"valueRequired\":true,\"valueName\":\"search_term_string\"}}],\"inLanguage\":\"en-US\"},{\"@type\":\"Organization\",\"@id\":\"https:\/\/msgudjonsdottir.com\/#organization\",\"name\":\"MARGRET SARA GUDJONSDOTTIR\",\"url\":\"https:\/\/msgudjonsdottir.com\/\",\"logo\":{\"@type\":\"ImageObject\",\"inLanguage\":\"en-US\",\"@id\":\"https:\/\/msgudjonsdottir.com\/#\/schema\/logo\/image\/\",\"url\":\"https:\/\/msgudjonsdottir.com\/wp-content\/uploads\/2020\/06\/msg.png\",\"contentUrl\":\"https:\/\/msgudjonsdottir.com\/wp-content\/uploads\/2020\/06\/msg.png\",\"width\":551,\"height\":90,\"caption\":\"MARGRET SARA GUDJONSDOTTIR\"},\"image\":{\"@id\":\"https:\/\/msgudjonsdottir.com\/#\/schema\/logo\/image\/\"}}]}<\/script>\n<!-- \/ Yoast SEO plugin. -->","yoast_head_json":{"title":"DIALOGING-FULL DROP - MARGRET SARA GUDJONSDOTTIR","robots":{"index":"index","follow":"follow","max-snippet":"max-snippet:-1","max-image-preview":"max-image-preview:large","max-video-preview":"max-video-preview:-1"},"canonical":"https:\/\/msgudjonsdottir.com\/index.php\/dialoging-full-drop\/","og_locale":"en_US","og_type":"article","og_title":"DIALOGING-FULL DROP - MARGRET SARA GUDJONSDOTTIR","og_description":"DIALOG RESEARCH\u00a0 &nbsp; SERIES OF 12 INTERVIEWS WITH 15 FULL DROP\u00a0\u00a0PRACTITIONERS FROM THE FIELD OF DANCE AND SCIENCE WAS\u00a0CONDUCTED IN EARLY 2021. THE DISCUSSIONS THAT TOOK PLACE FOCUSED ON THE LINK BETWEEN THE FULL DROP\u00a0 PRACTICE AND CHOREOGRAPHY, WRITING AND OTHER CREATIVE OUTCOMESIn 2021 I conducted 12\u00a0 interviews with 15 artist and creatives working with [&hellip;]","og_url":"https:\/\/msgudjonsdottir.com\/index.php\/dialoging-full-drop\/","og_site_name":"MARGRET SARA GUDJONSDOTTIR","article_modified_time":"2023-09-30T12:54:54+00:00","twitter_card":"summary_large_image","twitter_misc":{"Est. reading time":"6 minutes"},"schema":{"@context":"https:\/\/schema.org","@graph":[{"@type":"WebPage","@id":"https:\/\/msgudjonsdottir.com\/index.php\/dialoging-full-drop\/","url":"https:\/\/msgudjonsdottir.com\/index.php\/dialoging-full-drop\/","name":"DIALOGING-FULL DROP - MARGRET SARA GUDJONSDOTTIR","isPartOf":{"@id":"https:\/\/msgudjonsdottir.com\/#website"},"datePublished":"2021-08-24T11:11:02+00:00","dateModified":"2023-09-30T12:54:54+00:00","breadcrumb":{"@id":"https:\/\/msgudjonsdottir.com\/index.php\/dialoging-full-drop\/#breadcrumb"},"inLanguage":"en-US","potentialAction":[{"@type":"ReadAction","target":["https:\/\/msgudjonsdottir.com\/index.php\/dialoging-full-drop\/"]}]},{"@type":"BreadcrumbList","@id":"https:\/\/msgudjonsdottir.com\/index.php\/dialoging-full-drop\/#breadcrumb","itemListElement":[{"@type":"ListItem","position":1,"name":"Home","item":"https:\/\/msgudjonsdottir.com\/"},{"@type":"ListItem","position":2,"name":"DIALOGING-FULL DROP"}]},{"@type":"WebSite","@id":"https:\/\/msgudjonsdottir.com\/#website","url":"https:\/\/msgudjonsdottir.com\/","name":"MARGRET SARA GUDJONSDOTTIR","description":"","publisher":{"@id":"https:\/\/msgudjonsdottir.com\/#organization"},"potentialAction":[{"@type":"SearchAction","target":{"@type":"EntryPoint","urlTemplate":"https:\/\/msgudjonsdottir.com\/?s={search_term_string}"},"query-input":{"@type":"PropertyValueSpecification","valueRequired":true,"valueName":"search_term_string"}}],"inLanguage":"en-US"},{"@type":"Organization","@id":"https:\/\/msgudjonsdottir.com\/#organization","name":"MARGRET SARA GUDJONSDOTTIR","url":"https:\/\/msgudjonsdottir.com\/","logo":{"@type":"ImageObject","inLanguage":"en-US","@id":"https:\/\/msgudjonsdottir.com\/#\/schema\/logo\/image\/","url":"https:\/\/msgudjonsdottir.com\/wp-content\/uploads\/2020\/06\/msg.png","contentUrl":"https:\/\/msgudjonsdottir.com\/wp-content\/uploads\/2020\/06\/msg.png","width":551,"height":90,"caption":"MARGRET SARA GUDJONSDOTTIR"},"image":{"@id":"https:\/\/msgudjonsdottir.com\/#\/schema\/logo\/image\/"}}]}},"_links":{"self":[{"href":"https:\/\/msgudjonsdottir.com\/index.php\/wp-json\/wp\/v2\/pages\/1303","targetHints":{"allow":["GET"]}}],"collection":[{"href":"https:\/\/msgudjonsdottir.com\/index.php\/wp-json\/wp\/v2\/pages"}],"about":[{"href":"https:\/\/msgudjonsdottir.com\/index.php\/wp-json\/wp\/v2\/types\/page"}],"author":[{"embeddable":true,"href":"https:\/\/msgudjonsdottir.com\/index.php\/wp-json\/wp\/v2\/users\/1"}],"replies":[{"embeddable":true,"href":"https:\/\/msgudjonsdottir.com\/index.php\/wp-json\/wp\/v2\/comments?post=1303"}],"version-history":[{"count":51,"href":"https:\/\/msgudjonsdottir.com\/index.php\/wp-json\/wp\/v2\/pages\/1303\/revisions"}],"predecessor-version":[{"id":2224,"href":"https:\/\/msgudjonsdottir.com\/index.php\/wp-json\/wp\/v2\/pages\/1303\/revisions\/2224"}],"wp:attachment":[{"href":"https:\/\/msgudjonsdottir.com\/index.php\/wp-json\/wp\/v2\/media?parent=1303"}],"curies":[{"name":"wp","href":"https:\/\/api.w.org\/{rel}","templated":true}]}}