{"id":2350,"date":"2023-12-06T16:04:10","date_gmt":"2023-12-06T15:04:10","guid":{"rendered":"https:\/\/msgudjonsdottir.com\/?page_id=2350"},"modified":"2025-11-09T17:18:30","modified_gmt":"2025-11-09T16:18:30","slug":"boundless-ominous-fields-2024","status":"publish","type":"page","link":"https:\/\/msgudjonsdottir.com\/index.php\/boundless-ominous-fields-2024\/","title":{"rendered":"BOUNDLESS OMINOUS FIELDS (2024)"},"content":{"rendered":"<p>[et_pb_section fb_built=&#8221;1&#8243; admin_label=&#8221;PERFORMANCES&#8221; _builder_version=&#8221;4.16&#8243; background_color=&#8221;#ece9ea&#8221; global_colors_info=&#8221;{}&#8221;][et_pb_row admin_label=&#8221;BOUNDLESS OMINOUS FIELDS (2024)&#8221; _builder_version=&#8221;4.16&#8243; global_colors_info=&#8221;{}&#8221;][et_pb_column type=&#8221;4_4&#8243; _builder_version=&#8221;4.16&#8243; global_colors_info=&#8221;{}&#8221;][et_pb_text admin_label=&#8221;BOUNDLESS OMINOUS FIELDS (2024)&#8221; _builder_version=&#8221;4.23.1&#8243; text_font=&#8221;Dosis||||||||&#8221; text_text_color=&#8221;#8e8e8e&#8221; header_text_align=&#8221;center&#8221; header_text_color=&#8221;#595758&#8243; header_2_font=&#8221;|||on|||||&#8221; header_2_text_align=&#8221;center&#8221; header_2_text_color=&#8221;#777777&#8243; header_3_font=&#8221;Dosis||||||||&#8221; header_3_text_align=&#8221;left&#8221; header_3_text_color=&#8221;#000000&#8243; text_orientation=&#8221;justified&#8221; custom_margin=&#8221;|150px||150px|false|false&#8221; custom_margin_tablet=&#8221;|80px||80px|false|false&#8221; custom_margin_phone=&#8221;|15px||15px|false|false&#8221; custom_margin_last_edited=&#8221;on|phone&#8221; global_colors_info=&#8221;{}&#8221;]<\/p>\n<h2><strong>BOUNDLESS OMINOUS FIELDS<\/strong><\/h2>\n<p>[\/et_pb_text][et_pb_image src=&#8221;https:\/\/msgudjonsdottir.com\/wp-content\/uploads\/2024\/02\/Boundless_MSG_cSKayacan_WebRes-49s.jpg&#8221; title_text=&#8221;DSC01110.jpeg.&#8221; align=&#8221;center&#8221; _builder_version=&#8221;4.27.4&#8243; _module_preset=&#8221;default&#8221; animation_style=&#8221;fade&#8221; animation_duration=&#8221;2000ms&#8221; global_colors_info=&#8221;{}&#8221;][\/et_pb_image][et_pb_text admin_label=&#8221;BOUNDLESS OMINOUS FIELDS (2024) TEXTE&#8221; _builder_version=&#8221;4.27.4&#8243; text_font=&#8221;Dosis||||||||&#8221; text_text_color=&#8221;#8e8e8e&#8221; header_text_align=&#8221;center&#8221; header_text_color=&#8221;#595758&#8243; header_3_font=&#8221;Dosis||||||||&#8221; header_3_text_align=&#8221;left&#8221; header_3_text_color=&#8221;#000000&#8243; text_orientation=&#8221;justified&#8221; custom_margin=&#8221;|150px||150px|false|false&#8221; custom_margin_tablet=&#8221;|80px||80px|false|false&#8221; custom_margin_phone=&#8221;|15px||15px|false|false&#8221; custom_margin_last_edited=&#8221;on|phone&#8221; hover_enabled=&#8221;0&#8243; global_colors_info=&#8221;{}&#8221; sticky_enabled=&#8221;0&#8243;]<\/p>\n<p>&nbsp;<\/p>\n<h3>\u00a0<\/h3>\n<h3><strong>Synopsis<\/strong><\/h3>\n<p>&nbsp;<\/p>\n<p dir=\"ltr\">This performance work aims to activate the archaic and energetic transgenerational archives of both performer and spectator.<\/p>\n<p>Two bodies on stage in altered states, traveling through internal archives beyond the personal biographical body and the immediate conscious mind. Channeling rather than presenting or representing.\u00a0Immersed with their epigenetic imprinting they hover on the borders between the unfamiliar and the hyper familiar, serving as a reflection of and a gateway into human history shared within our subconscious territories carrying<span class=\"Apple-converted-space\">\u00a0 <\/span>altered states of resonance.<\/p>\n<p dir=\"ltr\"><em>Boundless Ominous Fields<\/em> goes a step further into Gu\u00f0j\u00f3nsd\u00f3ttirs long term phenomenological exploration of altered states of consciousness through embodiment. Created with and for Finnish performers Karolina Ginman and Marlon Moilanen, it is the first work in a trilogy commissioned by the two performers.<\/p>\n<p><b>Confronting Hyper reality<\/b><\/p>\n<p>\u201cPhysically, choreographically and dramaturgically I compose performances as highly intensive experiences. The experiences are meant to vibrate energetically at the core of omnipresent pathological states of embodied being, induced by current and ancient conditioning and transference. These embodied pathologies exist in the shadows of what is considered normal life and in conceptual shadows. The work is a gesture to step into this space where it is necessary to stay until a shift happens. The commonality of these pathologies is revealed by being together in these states of incapacity to act, respond, move, feel or escape. Even though this is not a comfortable or comforting space to be in, a soft power of resistance is produced. It is this power that is choreographed, not the movements of bodies but the resonance of the internal movements and energies of the dancers in live performance. The dancers resonate with selected pathologies and formerly unconscious realities that they carry within their bodies, through them we resonate together in a meditative state of reciprocity. The intensity and information ripples outwards. The audience may be confronted by pathology, but this is done to initiate release and transformation and further cognitive processes on the topic, not to re traumatise. This is a different sort of documentary with a different sense of fiction: it is documentation because the dancers bodies have spent many years doing the practice; it is fiction not that it is not real, but that it is hyper-real. The way the dancers vibrate differently is an invitation to a different body state that is a state of affective potential. The dancers bodies offer the potential to attune and align the audience bodies and thoughts.<span class=\"Apple-converted-space\">\u00a0<\/span><\/p>\n<p><i>Margr\u00e8t Sara Gu\u00f0j\u00f3nsd\u00f3ttir<\/i><\/p>\n<h3 dir=\"ltr\"><strong>Credits:<\/strong><\/h3>\n<p dir=\"ltr\"><span style=\"font-weight: 400;\">Direction, choreography, concept: Margr\u00e9t Sara Gu\u00f0j\u00f3nsd\u00f3ttir<br \/><\/span>Performance, choreography: Karolina Ginman, Marlon Moilanen<br \/>Sound &amp; composition: Lucy Railton<br \/>Lights design: Sofia Palillo<br \/><span style=\"font-weight: 400;\">Spatial concept: Margr\u00e9t Sara Gu\u00f0j\u00f3nsd\u00f3ttir<\/span><\/p>\n<p dir=\"ltr\"><span style=\"font-weight: 400;\">Spatial design: Sofia Palillo<br \/><\/span><span style=\"font-weight: 400;\">Production: Karolina Ginman, Marlon Moilanen, Inari Pesonen, Zodiak \u2013 Center for New Dance<br \/><\/span><span style=\"font-weight: 400;\">Trilogy Concept: Karolina Ginman, Marlon Moilanen<\/span><\/p>\n<p dir=\"ltr\">Photo credits: Sinem Kayacan \/ Zodiak.<\/p>\n<p><span style=\"font-weight: 400;\">Funded by: The Arts Promotion Centre Finland, The Swedish Cultural Foundation in Finland, Oskar \u00d6flunds Stiftelse, Icelandic-Finnish Cultural Foundation, Eug\u00e8ne, Elisabeth &amp; Birgit Nygr\u00e9ns Stiftelse \u00a0<\/span><span style=\"font-weight: 400;\">Residency support: Saari Residence &#8211; Kone Foundation, Ty\u00f6huone \u00a0Helsinki. Zodiak Center for\u00a0<\/span>New Dance Helsinki.<\/p>\n<p>&nbsp;<\/p>\n<p dir=\"ltr\"><br style=\"font-weight: 400;\" \/><br style=\"font-weight: 400;\" \/><br style=\"font-weight: 400;\" \/><br style=\"font-weight: 400;\" \/><\/p>\n<p>[\/et_pb_text][et_pb_video src=&#8221;https:\/\/msgudjonsdottir.com\/wp-content\/uploads\/2025\/04\/Boundless-Ominous-Fields-website-trailer-21.april-2025-opti-.mp4&#8243; src_webm=&#8221;https:\/\/msgudjonsdottir.com\/wp-content\/uploads\/2025\/04\/Boundless-Ominous-Fields-website-trailer-21.april-2025-opti-.mp4&#8243; image_src=&#8221;https:\/\/msgudjonsdottir.com\/wp-content\/uploads\/2025\/04\/boundless.jpg&#8221; thumbnail_overlay_color=&#8221;rgba(0,0,0,0.6)&#8221; disabled_on=&#8221;off|off|off&#8221; _builder_version=&#8221;4.27.4&#8243; custom_margin=&#8221;|100px||100px|false|false&#8221; custom_margin_tablet=&#8221;|80px||80px|false|false&#8221; custom_margin_phone=&#8221;|10px||10px|false|false&#8221; custom_margin_last_edited=&#8221;on|phone&#8221; global_colors_info=&#8221;{}&#8221;][\/et_pb_video][et_pb_video src=&#8221;https:\/\/msgudjonsdottir.com\/wp-content\/uploads\/2025\/04\/BOF-final-trailer-1.april-2025.mp4&#8243; src_webm=&#8221;https:\/\/msgudjonsdottir.com\/wp-content\/uploads\/2025\/04\/BOF-final-trailer-1.april-2025.mp4&#8243; image_src=&#8221;https:\/\/msgudjonsdottir.com\/wp-content\/uploads\/2024\/12\/Boundless_MSG_cSKayacan_WebRes-1.jpg&#8221; thumbnail_overlay_color=&#8221;rgba(0,0,0,0.6)&#8221; disabled_on=&#8221;on|on|on&#8221; _builder_version=&#8221;4.27.4&#8243; custom_margin=&#8221;|100px||100px|false|false&#8221; custom_margin_tablet=&#8221;|80px||80px|false|false&#8221; custom_margin_phone=&#8221;|10px||10px|false|false&#8221; custom_margin_last_edited=&#8221;on|phone&#8221; disabled=&#8221;on&#8221; global_colors_info=&#8221;{}&#8221;][\/et_pb_video][et_pb_gallery gallery_ids=&#8221;2456,2454,2541,2895,2875,2691,2534,2885,2542&#8243; fullwidth=&#8221;on&#8221; disabled_on=&#8221;off|off|off&#8221; _builder_version=&#8221;4.27.4&#8243; _module_preset=&#8221;default&#8221; text_orientation=&#8221;center&#8221; width=&#8221;600px&#8221; module_alignment=&#8221;center&#8221; global_colors_info=&#8221;{}&#8221;][\/et_pb_gallery][\/et_pb_column][\/et_pb_row][\/et_pb_section][et_pb_section fb_built=&#8221;1&#8243; _builder_version=&#8221;4.27.3&#8243; _module_preset=&#8221;default&#8221; global_colors_info=&#8221;{}&#8221;][et_pb_row _builder_version=&#8221;4.27.3&#8243; _module_preset=&#8221;default&#8221; global_colors_info=&#8221;{}&#8221;][et_pb_column type=&#8221;4_4&#8243; _builder_version=&#8221;4.27.3&#8243; _module_preset=&#8221;default&#8221; global_colors_info=&#8221;{}&#8221;][\/et_pb_column][\/et_pb_row][\/et_pb_section]<\/p>\n","protected":false},"excerpt":{"rendered":"<p>BOUNDLESS OMINOUS FIELDS&nbsp; \u00a0 Synopsis &nbsp; This performance work aims to activate the archaic and energetic transgenerational archives of both performer and spectator. Two bodies on stage in altered states, traveling through internal archives beyond the personal biographical body and the immediate conscious mind. Channeling rather than presenting or representing.\u00a0Immersed with their epigenetic imprinting they [&hellip;]<\/p>\n","protected":false},"author":1,"featured_media":0,"parent":0,"menu_order":0,"comment_status":"closed","ping_status":"closed","template":"","meta":{"_et_pb_use_builder":"on","_et_pb_old_content":"<!-- wp:paragraph -->\r\n<p>Ceci est une page d\u2019exemple. C\u2019est diff\u00e9rent d\u2019un article de blog parce qu\u2019elle restera au m\u00eame endroit et appara\u00eetra dans la navigation de votre site (dans la plupart des th\u00e8mes). La plupart des gens commencent par une page \u00ab\u00a0\u00c0 propos\u00a0\u00bb qui les pr\u00e9sente aux visiteurs du site. Cela pourrait ressembler \u00e0 quelque chose comme cela\u00a0:<\/p>\r\n<!-- \/wp:paragraph --><!-- wp:quote -->\r\n<blockquote class=\"wp-block-quote\">\r\n<p>Bonjour\u00a0! Je suis un m\u00e9canicien qui aspire \u00e0 devenir acteur, et voici mon site. J\u2019habite \u00e0 Bordeaux, j\u2019ai un super chien baptis\u00e9 Russell, et j\u2019aime la vodka-ananas (ainsi qu\u2019\u00eatre surpris par la pluie soudaine lors de longues balades sur la plage au coucher du soleil).<\/p>\r\n<\/blockquote>\r\n<!-- \/wp:quote --><!-- wp:paragraph -->\r\n<p>... ou quelque chose comme cela\u00a0:<\/p>\r\n<!-- \/wp:paragraph --><!-- wp:quote -->\r\n<blockquote class=\"wp-block-quote\">\r\n<p>La soci\u00e9t\u00e9 123 Machin Truc a \u00e9t\u00e9 cr\u00e9\u00e9e en 1971, et n\u2019a cess\u00e9 de proposer au public des machins-trucs de qualit\u00e9 depuis lors. Situ\u00e9e \u00e0 Saint-Remy-en-Bouzemont-Saint-Genest-et-Isson, 123 Machin Truc emploie 2 000 personnes, et fabrique toutes sortes de bidules super pour la communaut\u00e9 bouzemontoise.<\/p>\r\n<\/blockquote>\r\n<!-- \/wp:quote --><!-- wp:paragraph -->\r\n<p>En tant que nouvel\u00b7le utilisateur ou utilisatrice de WordPress, vous devriez vous rendre sur <a href=\"http:\/\/msgudjonsdottir.com\/wp-admin\/\">votre tableau de bord<\/a> pour supprimer cette page et cr\u00e9er de nouvelles pages pour votre contenu. Amusez-vous bien\u00a0!<\/p>\r\n<!-- \/wp:paragraph -->","_et_gb_content_width":"","footnotes":""},"class_list":["post-2350","page","type-page","status-publish","hentry"],"yoast_head":"<!-- This site is optimized with the Yoast SEO plugin v27.4 - https:\/\/yoast.com\/product\/yoast-seo-wordpress\/ -->\n<title>BOUNDLESS OMINOUS FIELDS (2024) - MARGRET SARA GUDJONSDOTTIR<\/title>\n<meta name=\"robots\" content=\"index, follow, max-snippet:-1, max-image-preview:large, max-video-preview:-1\" \/>\n<link rel=\"canonical\" href=\"https:\/\/msgudjonsdottir.com\/index.php\/boundless-ominous-fields-2024\/\" \/>\n<meta property=\"og:locale\" content=\"en_US\" \/>\n<meta property=\"og:type\" content=\"article\" \/>\n<meta property=\"og:title\" content=\"BOUNDLESS OMINOUS FIELDS (2024) - MARGRET SARA GUDJONSDOTTIR\" \/>\n<meta property=\"og:description\" content=\"BOUNDLESS OMINOUS FIELDS&nbsp; \u00a0 Synopsis &nbsp; This performance work aims to activate the archaic and energetic transgenerational archives of both performer and spectator. Two bodies on stage in altered states, traveling through internal archives beyond the personal biographical body and the immediate conscious mind. Channeling rather than presenting or representing.\u00a0Immersed with their epigenetic imprinting they [&hellip;]\" \/>\n<meta property=\"og:url\" content=\"https:\/\/msgudjonsdottir.com\/index.php\/boundless-ominous-fields-2024\/\" \/>\n<meta property=\"og:site_name\" content=\"MARGRET SARA GUDJONSDOTTIR\" \/>\n<meta property=\"article:modified_time\" content=\"2025-11-09T16:18:30+00:00\" \/>\n<meta name=\"twitter:card\" content=\"summary_large_image\" \/>\n<meta name=\"twitter:label1\" content=\"Est. reading time\" \/>\n\t<meta name=\"twitter:data1\" content=\"5 minutes\" \/>\n<script type=\"application\/ld+json\" class=\"yoast-schema-graph\">{\"@context\":\"https:\\\/\\\/schema.org\",\"@graph\":[{\"@type\":\"WebPage\",\"@id\":\"https:\\\/\\\/msgudjonsdottir.com\\\/index.php\\\/boundless-ominous-fields-2024\\\/\",\"url\":\"https:\\\/\\\/msgudjonsdottir.com\\\/index.php\\\/boundless-ominous-fields-2024\\\/\",\"name\":\"BOUNDLESS OMINOUS FIELDS (2024) - MARGRET SARA GUDJONSDOTTIR\",\"isPartOf\":{\"@id\":\"https:\\\/\\\/msgudjonsdottir.com\\\/#website\"},\"datePublished\":\"2023-12-06T15:04:10+00:00\",\"dateModified\":\"2025-11-09T16:18:30+00:00\",\"breadcrumb\":{\"@id\":\"https:\\\/\\\/msgudjonsdottir.com\\\/index.php\\\/boundless-ominous-fields-2024\\\/#breadcrumb\"},\"inLanguage\":\"en-US\",\"potentialAction\":[{\"@type\":\"ReadAction\",\"target\":[\"https:\\\/\\\/msgudjonsdottir.com\\\/index.php\\\/boundless-ominous-fields-2024\\\/\"]}]},{\"@type\":\"BreadcrumbList\",\"@id\":\"https:\\\/\\\/msgudjonsdottir.com\\\/index.php\\\/boundless-ominous-fields-2024\\\/#breadcrumb\",\"itemListElement\":[{\"@type\":\"ListItem\",\"position\":1,\"name\":\"Home\",\"item\":\"https:\\\/\\\/msgudjonsdottir.com\\\/\"},{\"@type\":\"ListItem\",\"position\":2,\"name\":\"BOUNDLESS OMINOUS FIELDS (2024)\"}]},{\"@type\":\"WebSite\",\"@id\":\"https:\\\/\\\/msgudjonsdottir.com\\\/#website\",\"url\":\"https:\\\/\\\/msgudjonsdottir.com\\\/\",\"name\":\"MARGRET SARA GUDJONSDOTTIR\",\"description\":\"\",\"publisher\":{\"@id\":\"https:\\\/\\\/msgudjonsdottir.com\\\/#organization\"},\"potentialAction\":[{\"@type\":\"SearchAction\",\"target\":{\"@type\":\"EntryPoint\",\"urlTemplate\":\"https:\\\/\\\/msgudjonsdottir.com\\\/?s={search_term_string}\"},\"query-input\":{\"@type\":\"PropertyValueSpecification\",\"valueRequired\":true,\"valueName\":\"search_term_string\"}}],\"inLanguage\":\"en-US\"},{\"@type\":\"Organization\",\"@id\":\"https:\\\/\\\/msgudjonsdottir.com\\\/#organization\",\"name\":\"MARGRET SARA GUDJONSDOTTIR\",\"url\":\"https:\\\/\\\/msgudjonsdottir.com\\\/\",\"logo\":{\"@type\":\"ImageObject\",\"inLanguage\":\"en-US\",\"@id\":\"https:\\\/\\\/msgudjonsdottir.com\\\/#\\\/schema\\\/logo\\\/image\\\/\",\"url\":\"https:\\\/\\\/msgudjonsdottir.com\\\/wp-content\\\/uploads\\\/2020\\\/06\\\/msg.png\",\"contentUrl\":\"https:\\\/\\\/msgudjonsdottir.com\\\/wp-content\\\/uploads\\\/2020\\\/06\\\/msg.png\",\"width\":551,\"height\":90,\"caption\":\"MARGRET SARA GUDJONSDOTTIR\"},\"image\":{\"@id\":\"https:\\\/\\\/msgudjonsdottir.com\\\/#\\\/schema\\\/logo\\\/image\\\/\"}}]}<\/script>\n<!-- \/ Yoast SEO plugin. -->","yoast_head_json":{"title":"BOUNDLESS OMINOUS FIELDS (2024) - MARGRET SARA GUDJONSDOTTIR","robots":{"index":"index","follow":"follow","max-snippet":"max-snippet:-1","max-image-preview":"max-image-preview:large","max-video-preview":"max-video-preview:-1"},"canonical":"https:\/\/msgudjonsdottir.com\/index.php\/boundless-ominous-fields-2024\/","og_locale":"en_US","og_type":"article","og_title":"BOUNDLESS OMINOUS FIELDS (2024) - MARGRET SARA GUDJONSDOTTIR","og_description":"BOUNDLESS OMINOUS FIELDS&nbsp; \u00a0 Synopsis &nbsp; This performance work aims to activate the archaic and energetic transgenerational archives of both performer and spectator. Two bodies on stage in altered states, traveling through internal archives beyond the personal biographical body and the immediate conscious mind. Channeling rather than presenting or representing.\u00a0Immersed with their epigenetic imprinting they [&hellip;]","og_url":"https:\/\/msgudjonsdottir.com\/index.php\/boundless-ominous-fields-2024\/","og_site_name":"MARGRET SARA GUDJONSDOTTIR","article_modified_time":"2025-11-09T16:18:30+00:00","twitter_card":"summary_large_image","twitter_misc":{"Est. reading time":"5 minutes"},"schema":{"@context":"https:\/\/schema.org","@graph":[{"@type":"WebPage","@id":"https:\/\/msgudjonsdottir.com\/index.php\/boundless-ominous-fields-2024\/","url":"https:\/\/msgudjonsdottir.com\/index.php\/boundless-ominous-fields-2024\/","name":"BOUNDLESS OMINOUS FIELDS (2024) - MARGRET SARA GUDJONSDOTTIR","isPartOf":{"@id":"https:\/\/msgudjonsdottir.com\/#website"},"datePublished":"2023-12-06T15:04:10+00:00","dateModified":"2025-11-09T16:18:30+00:00","breadcrumb":{"@id":"https:\/\/msgudjonsdottir.com\/index.php\/boundless-ominous-fields-2024\/#breadcrumb"},"inLanguage":"en-US","potentialAction":[{"@type":"ReadAction","target":["https:\/\/msgudjonsdottir.com\/index.php\/boundless-ominous-fields-2024\/"]}]},{"@type":"BreadcrumbList","@id":"https:\/\/msgudjonsdottir.com\/index.php\/boundless-ominous-fields-2024\/#breadcrumb","itemListElement":[{"@type":"ListItem","position":1,"name":"Home","item":"https:\/\/msgudjonsdottir.com\/"},{"@type":"ListItem","position":2,"name":"BOUNDLESS OMINOUS FIELDS (2024)"}]},{"@type":"WebSite","@id":"https:\/\/msgudjonsdottir.com\/#website","url":"https:\/\/msgudjonsdottir.com\/","name":"MARGRET SARA GUDJONSDOTTIR","description":"","publisher":{"@id":"https:\/\/msgudjonsdottir.com\/#organization"},"potentialAction":[{"@type":"SearchAction","target":{"@type":"EntryPoint","urlTemplate":"https:\/\/msgudjonsdottir.com\/?s={search_term_string}"},"query-input":{"@type":"PropertyValueSpecification","valueRequired":true,"valueName":"search_term_string"}}],"inLanguage":"en-US"},{"@type":"Organization","@id":"https:\/\/msgudjonsdottir.com\/#organization","name":"MARGRET SARA GUDJONSDOTTIR","url":"https:\/\/msgudjonsdottir.com\/","logo":{"@type":"ImageObject","inLanguage":"en-US","@id":"https:\/\/msgudjonsdottir.com\/#\/schema\/logo\/image\/","url":"https:\/\/msgudjonsdottir.com\/wp-content\/uploads\/2020\/06\/msg.png","contentUrl":"https:\/\/msgudjonsdottir.com\/wp-content\/uploads\/2020\/06\/msg.png","width":551,"height":90,"caption":"MARGRET SARA GUDJONSDOTTIR"},"image":{"@id":"https:\/\/msgudjonsdottir.com\/#\/schema\/logo\/image\/"}}]}},"_links":{"self":[{"href":"https:\/\/msgudjonsdottir.com\/index.php\/wp-json\/wp\/v2\/pages\/2350","targetHints":{"allow":["GET"]}}],"collection":[{"href":"https:\/\/msgudjonsdottir.com\/index.php\/wp-json\/wp\/v2\/pages"}],"about":[{"href":"https:\/\/msgudjonsdottir.com\/index.php\/wp-json\/wp\/v2\/types\/page"}],"author":[{"embeddable":true,"href":"https:\/\/msgudjonsdottir.com\/index.php\/wp-json\/wp\/v2\/users\/1"}],"replies":[{"embeddable":true,"href":"https:\/\/msgudjonsdottir.com\/index.php\/wp-json\/wp\/v2\/comments?post=2350"}],"version-history":[{"count":83,"href":"https:\/\/msgudjonsdottir.com\/index.php\/wp-json\/wp\/v2\/pages\/2350\/revisions"}],"predecessor-version":[{"id":2901,"href":"https:\/\/msgudjonsdottir.com\/index.php\/wp-json\/wp\/v2\/pages\/2350\/revisions\/2901"}],"wp:attachment":[{"href":"https:\/\/msgudjonsdottir.com\/index.php\/wp-json\/wp\/v2\/media?parent=2350"}],"curies":[{"name":"wp","href":"https:\/\/api.w.org\/{rel}","templated":true}]}}