{"id":2498,"date":"2024-07-05T13:59:48","date_gmt":"2024-07-05T11:59:48","guid":{"rendered":"https:\/\/msgudjonsdottir.com\/?page_id=2498"},"modified":"2025-11-09T17:19:28","modified_gmt":"2025-11-09T16:19:28","slug":"liminal-states-2024","status":"publish","type":"page","link":"https:\/\/msgudjonsdottir.com\/index.php\/liminal-states-2024\/","title":{"rendered":"LIMINAL STATES (2024)"},"content":{"rendered":"<p>[et_pb_section fb_built=&#8221;1&#8243; admin_label=&#8221;PERFORMANCES&#8221; _builder_version=&#8221;4.16&#8243; background_color=&#8221;#ece9ea&#8221; global_colors_info=&#8221;{}&#8221;][et_pb_row admin_label=&#8221;Liminal States (2024)&#8221; _builder_version=&#8221;4.16&#8243; global_colors_info=&#8221;{}&#8221;][et_pb_column type=&#8221;4_4&#8243; _builder_version=&#8221;4.16&#8243; global_colors_info=&#8221;{}&#8221;][et_pb_text admin_label=&#8221;Liminal States (2024)&#8221; _builder_version=&#8221;4.27.4&#8243; text_font=&#8221;Dosis||||||||&#8221; text_text_color=&#8221;#8e8e8e&#8221; header_text_align=&#8221;center&#8221; header_text_color=&#8221;#595758&#8243; header_2_font=&#8221;|||on|||||&#8221; header_2_text_align=&#8221;center&#8221; header_2_text_color=&#8221;#777777&#8243; header_3_font=&#8221;Dosis||||||||&#8221; header_3_text_align=&#8221;left&#8221; header_3_text_color=&#8221;#000000&#8243; text_orientation=&#8221;justified&#8221; custom_margin=&#8221;|150px||150px|false|false&#8221; custom_margin_tablet=&#8221;|80px||80px|false|false&#8221; custom_margin_phone=&#8221;|15px||15px|false|false&#8221; custom_margin_last_edited=&#8221;on|phone&#8221; global_colors_info=&#8221;{}&#8221;]<\/p>\n<h2><strong>LIMINAL STATES<\/strong><\/h2>\n<p>[\/et_pb_text][et_pb_image src=&#8221;https:\/\/msgudjonsdottir.com\/wp-content\/uploads\/2025\/04\/Screenshot-2024-11-16-at-09.10.01.png&#8221; alt=&#8221;Liminal States (2024)&#8221; title_text=&#8221;Screenshot 2024-11-16 at 09.10.01&#8243; align=&#8221;center&#8221; _builder_version=&#8221;4.27.3&#8243; _module_preset=&#8221;default&#8221; animation_style=&#8221;fade&#8221; animation_duration=&#8221;2000ms&#8221; global_colors_info=&#8221;{}&#8221;][\/et_pb_image][et_pb_text admin_label=&#8221;Liminal States (2024) TEXTE&#8221; _builder_version=&#8221;4.27.4&#8243; text_font=&#8221;Dosis||||||||&#8221; text_text_color=&#8221;#8e8e8e&#8221; header_text_align=&#8221;center&#8221; header_text_color=&#8221;#595758&#8243; header_3_font=&#8221;Dosis||||||||&#8221; header_3_text_align=&#8221;left&#8221; header_3_text_color=&#8221;#000000&#8243; text_orientation=&#8221;justified&#8221; custom_margin=&#8221;|150px||150px|false|false&#8221; custom_margin_tablet=&#8221;|80px||80px|false|false&#8221; custom_margin_phone=&#8221;|15px||15px|false|false&#8221; custom_margin_last_edited=&#8221;on|phone&#8221; hover_enabled=&#8221;0&#8243; global_colors_info=&#8221;{}&#8221; sticky_enabled=&#8221;0&#8243;]<\/p>\n<p>&nbsp;<\/p>\n<h3>\u00a0<\/h3>\n<h3><strong>Synopsis<\/strong><\/h3>\n<p>&nbsp;<\/p>\n<p>The performance <i>Liminal States<\/i> serves as an escape from the visual sphere of our existence into the energetic embodied aspect of living. A space of liminality where experiences happen on the threshold of consciousness. The desire behind this work is to dialogue with internal spaces and states of perseption that are experienced subjectively and not visually. To put a focus on where the transformative happens and can be experienced as corporal liminal states of abyss. Ultimately it can be seen as a meditation on the elusive but powerful sub-currents of our lives. That part of our lives which composes the largest past of it. The work is based on an ongoing artistic research conducted by the choreographer into altered states of perception through phenomenological embodiment. It is the last in a trilogy dealing with the notion of larger forces that act on us beyond our conscious mind. The trilogy consists of; <i>Pervasive Magnetic Stimuli <\/i>(2018), <i>Boundless Ominous Fields <\/i>(2024), <i>Liminal States <\/i>(2024).<\/p>\n<p>Creating a new performance <i>Liminal States <\/i>(2024) on Peter&#8217;s music is a tribute to the decade-long collaboration between Icelandic choreographer Margr\u00e9t Sara Gu\u00f0j\u00f3nsd\u00f3ttir and Peter Rehberg until his passing in 2021. The original composition was created by Peter Rehberg for the performance <i>Pervasive Magnetic Stimuli <\/i>(2018).The music composition will be released on Editions Mego in 2025. Pre-release at the<i> Liminal States<\/i> premiere 1st November 2024 at the City Theatre of Reykjav\u00edk in Iceland.<\/p>\n<p><b>Confronting Hyper reality<\/b><\/p>\n<p>\u201cPhysically, choreographically and dramaturgically I compose performances as highly intensive experiences. The experiences are meant to vibrate energetically at the core of omnipresent pathological states of embodied being, induced by current and ancient conditioning and transference. These embodied pathologies exist in the shadows of what is considered normal life and in conceptual shadows. The work is a gesture to step into this space where it is necessary to stay until a shift happens. The commonality of these pathologies is revealed by being together in these states of incapacity to act, respond, move, feel or escape. Even though this is not a comfortable or comforting space to be in, a soft power of resistance is produced. It is this power that is choreographed, not the movements of bodies but the resonance of the internal movements and energies of the dancers in live performance. The dancers resonate with selected pathologies and formerly unconscious realities that they carry within their bodies, through them we resonate together in a meditative state of reciprocity. The intensity and information ripples outwards. The audience may be confronted by pathology, but this is done to initiate release and transformation and further cognitive processes on the topic, not to re traumatise. This is a different sort of documentary with a different sense of fiction: it is documentation because the dancers bodies have spent many years doing the practice; it is fiction not that it is not real, but that it is hyper-real. The way the dancers vibrate differently is an invitation to a different body state that is a state of affective potential. The dancers bodies offer the potential to attune and align the audience bodies and thoughts.<span class=\"Apple-converted-space\">\u00a0<\/span><\/p>\n<p><i>Margr\u00e8t Sara Gu\u00f0j\u00f3nsd\u00f3ttir<\/i><\/p>\n<h3 dir=\"ltr\"><strong>Credits:<\/strong><\/h3>\n<p dir=\"ltr\"><span style=\"font-weight: 400;\">Concept, Choreography, Set design: Margr\u00e9t Sara Gu\u00f0j\u00f3nsd\u00f3ttir<\/span><\/p>\n<p dir=\"ltr\">Performers: F\u00e9lix Urbina Alejandre, Una Bj\u00f6rg Bjarnad\u00f3ttir, El\u00edn Sign\u00fd W. Ragnarsd\u00f3ttir, Erna Gunnarsd\u00f3ttir<\/p>\n<p dir=\"ltr\">Composition: Peter Rehberg<\/p>\n<p dir=\"ltr\">Lights design: J\u00f3hann Fri\u00f0rik \u00c1g\u00fastsson<\/p>\n<p dir=\"ltr\">Costumes: Karen Briem<\/p>\n<p dir=\"ltr\">Commissioned and produced by: \u00a0Icelandic Dance Company<\/p>\n<p dir=\"ltr\">Photos: Elisabeth Bl\u00f6ndal.<\/p>\n<p>&nbsp;<\/p>\n<p dir=\"ltr\">[\/et_pb_text][et_pb_video src=&#8221;https:\/\/msgudjonsdottir.com\/wp-content\/uploads\/2024\/11\/Liminal_30sek_Feed.mp4&#8243; src_webm=&#8221;https:\/\/msgudjonsdottir.com\/wp-content\/uploads\/2024\/11\/Liminal_30sek_Feed.mp4&#8243; image_src=&#8221;https:\/\/msgudjonsdottir.com\/wp-content\/uploads\/2024\/11\/capturefilmliminal.jpg&#8221; thumbnail_overlay_color=&#8221;rgba(0,0,0,0.6)&#8221; disabled_on=&#8221;on|on|on&#8221; _builder_version=&#8221;4.27.3&#8243; custom_margin=&#8221;|100px|50px|100px|false|false&#8221; custom_margin_tablet=&#8221;|80px||80px|false|false&#8221; custom_margin_phone=&#8221;|10px|50px|10px|false|false&#8221; custom_margin_last_edited=&#8221;on|phone&#8221; custom_padding=&#8221;||||false|false&#8221; disabled=&#8221;on&#8221; global_colors_info=&#8221;{}&#8221;][\/et_pb_video][et_pb_video src=&#8221;https:\/\/msgudjonsdottir.com\/wp-content\/uploads\/2025\/04\/Liminal-States-trailer-website-opti.mp4&#8243; src_webm=&#8221;https:\/\/msgudjonsdottir.com\/wp-content\/uploads\/2025\/04\/Liminal-States-trailer-website-opti.mp4&#8243; image_src=&#8221;https:\/\/msgudjonsdottir.com\/wp-content\/uploads\/2025\/04\/liminal.png&#8221; thumbnail_overlay_color=&#8221;rgba(0,0,0,0.6)&#8221; disabled_on=&#8221;off|off|off&#8221; _builder_version=&#8221;4.27.4&#8243; custom_margin=&#8221;|100px|50px|100px|false|false&#8221; custom_margin_tablet=&#8221;|80px||80px|false|false&#8221; custom_margin_phone=&#8221;|10px|50px|10px|false|false&#8221; custom_margin_last_edited=&#8221;on|phone&#8221; custom_padding=&#8221;||||false|false&#8221; global_colors_info=&#8221;{}&#8221;][\/et_pb_video][et_pb_gallery gallery_ids=&#8221;2816,2800,2667,2681,2702,2588,2638,2703,2639,2656,2662,2578,2716,2686,2573&#8243; fullwidth=&#8221;on&#8221; disabled_on=&#8221;off|off|off&#8221; _builder_version=&#8221;4.27.4&#8243; _module_preset=&#8221;default&#8221; text_orientation=&#8221;center&#8221; width=&#8221;600px&#8221; module_alignment=&#8221;center&#8221; global_colors_info=&#8221;{}&#8221;][\/et_pb_gallery][\/et_pb_column][\/et_pb_row][et_pb_row _builder_version=&#8221;4.27.3&#8243; _module_preset=&#8221;default&#8221; global_colors_info=&#8221;{}&#8221;][et_pb_column type=&#8221;4_4&#8243; _builder_version=&#8221;4.27.3&#8243; _module_preset=&#8221;default&#8221; global_colors_info=&#8221;{}&#8221;][et_pb_image src=&#8221;https:\/\/msgudjonsdottir.com\/wp-content\/uploads\/2024\/11\/eMego315-vinyl-.jpg&#8221; _builder_version=&#8221;4.27.3&#8243; _module_preset=&#8221;default&#8221; global_colors_info=&#8221;{}&#8221;][\/et_pb_image][\/et_pb_column][\/et_pb_row][\/et_pb_section]<\/p>\n","protected":false},"excerpt":{"rendered":"<p>LIMINAL STATES&nbsp; \u00a0 Synopsis &nbsp; The performance Liminal States serves as an escape from the visual sphere of our existence into the energetic embodied aspect of living. A space of liminality where experiences happen on the threshold of consciousness. The desire behind this work is to dialogue with internal spaces and states of perseption that [&hellip;]<\/p>\n","protected":false},"author":1,"featured_media":0,"parent":0,"menu_order":0,"comment_status":"closed","ping_status":"closed","template":"","meta":{"_et_pb_use_builder":"on","_et_pb_old_content":"<!-- wp:paragraph -->\r\n<p>Ceci est une page d\u2019exemple. C\u2019est diff\u00e9rent d\u2019un article de blog parce qu\u2019elle restera au m\u00eame endroit et appara\u00eetra dans la navigation de votre site (dans la plupart des th\u00e8mes). La plupart des gens commencent par une page \u00ab\u00a0\u00c0 propos\u00a0\u00bb qui les pr\u00e9sente aux visiteurs du site. Cela pourrait ressembler \u00e0 quelque chose comme cela\u00a0:<\/p>\r\n<!-- \/wp:paragraph --><!-- wp:quote -->\r\n<blockquote class=\"wp-block-quote\">\r\n<p>Bonjour\u00a0! Je suis un m\u00e9canicien qui aspire \u00e0 devenir acteur, et voici mon site. J\u2019habite \u00e0 Bordeaux, j\u2019ai un super chien baptis\u00e9 Russell, et j\u2019aime la vodka-ananas (ainsi qu\u2019\u00eatre surpris par la pluie soudaine lors de longues balades sur la plage au coucher du soleil).<\/p>\r\n<\/blockquote>\r\n<!-- \/wp:quote --><!-- wp:paragraph -->\r\n<p>... ou quelque chose comme cela\u00a0:<\/p>\r\n<!-- \/wp:paragraph --><!-- wp:quote -->\r\n<blockquote class=\"wp-block-quote\">\r\n<p>La soci\u00e9t\u00e9 123 Machin Truc a \u00e9t\u00e9 cr\u00e9\u00e9e en 1971, et n\u2019a cess\u00e9 de proposer au public des machins-trucs de qualit\u00e9 depuis lors. Situ\u00e9e \u00e0 Saint-Remy-en-Bouzemont-Saint-Genest-et-Isson, 123 Machin Truc emploie 2 000 personnes, et fabrique toutes sortes de bidules super pour la communaut\u00e9 bouzemontoise.<\/p>\r\n<\/blockquote>\r\n<!-- \/wp:quote --><!-- wp:paragraph -->\r\n<p>En tant que nouvel\u00b7le utilisateur ou utilisatrice de WordPress, vous devriez vous rendre sur <a href=\"http:\/\/msgudjonsdottir.com\/wp-admin\/\">votre tableau de bord<\/a> pour supprimer cette page et cr\u00e9er de nouvelles pages pour votre contenu. Amusez-vous bien\u00a0!<\/p>\r\n<!-- \/wp:paragraph -->","_et_gb_content_width":"","footnotes":""},"class_list":["post-2498","page","type-page","status-publish","hentry"],"yoast_head":"<!-- This site is optimized with the Yoast SEO plugin v27.4 - https:\/\/yoast.com\/product\/yoast-seo-wordpress\/ -->\n<title>LIMINAL STATES (2024) - MARGRET SARA GUDJONSDOTTIR<\/title>\n<meta name=\"robots\" content=\"index, follow, max-snippet:-1, max-image-preview:large, max-video-preview:-1\" \/>\n<link rel=\"canonical\" href=\"https:\/\/msgudjonsdottir.com\/index.php\/liminal-states-2024\/\" \/>\n<meta property=\"og:locale\" content=\"en_US\" \/>\n<meta property=\"og:type\" content=\"article\" \/>\n<meta property=\"og:title\" content=\"LIMINAL STATES (2024) - MARGRET SARA GUDJONSDOTTIR\" \/>\n<meta property=\"og:description\" content=\"LIMINAL STATES&nbsp; \u00a0 Synopsis &nbsp; The performance Liminal States serves as an escape from the visual sphere of our existence into the energetic embodied aspect of living. A space of liminality where experiences happen on the threshold of consciousness. The desire behind this work is to dialogue with internal spaces and states of perseption that [&hellip;]\" \/>\n<meta property=\"og:url\" content=\"https:\/\/msgudjonsdottir.com\/index.php\/liminal-states-2024\/\" \/>\n<meta property=\"og:site_name\" content=\"MARGRET SARA GUDJONSDOTTIR\" \/>\n<meta property=\"article:modified_time\" content=\"2025-11-09T16:19:28+00:00\" \/>\n<meta name=\"twitter:card\" content=\"summary_large_image\" \/>\n<meta name=\"twitter:label1\" content=\"Est. reading time\" \/>\n\t<meta name=\"twitter:data1\" content=\"6 minutes\" \/>\n<script type=\"application\/ld+json\" class=\"yoast-schema-graph\">{\"@context\":\"https:\\\/\\\/schema.org\",\"@graph\":[{\"@type\":\"WebPage\",\"@id\":\"https:\\\/\\\/msgudjonsdottir.com\\\/index.php\\\/liminal-states-2024\\\/\",\"url\":\"https:\\\/\\\/msgudjonsdottir.com\\\/index.php\\\/liminal-states-2024\\\/\",\"name\":\"LIMINAL STATES (2024) - MARGRET SARA GUDJONSDOTTIR\",\"isPartOf\":{\"@id\":\"https:\\\/\\\/msgudjonsdottir.com\\\/#website\"},\"datePublished\":\"2024-07-05T11:59:48+00:00\",\"dateModified\":\"2025-11-09T16:19:28+00:00\",\"breadcrumb\":{\"@id\":\"https:\\\/\\\/msgudjonsdottir.com\\\/index.php\\\/liminal-states-2024\\\/#breadcrumb\"},\"inLanguage\":\"en-US\",\"potentialAction\":[{\"@type\":\"ReadAction\",\"target\":[\"https:\\\/\\\/msgudjonsdottir.com\\\/index.php\\\/liminal-states-2024\\\/\"]}]},{\"@type\":\"BreadcrumbList\",\"@id\":\"https:\\\/\\\/msgudjonsdottir.com\\\/index.php\\\/liminal-states-2024\\\/#breadcrumb\",\"itemListElement\":[{\"@type\":\"ListItem\",\"position\":1,\"name\":\"Home\",\"item\":\"https:\\\/\\\/msgudjonsdottir.com\\\/\"},{\"@type\":\"ListItem\",\"position\":2,\"name\":\"LIMINAL STATES (2024)\"}]},{\"@type\":\"WebSite\",\"@id\":\"https:\\\/\\\/msgudjonsdottir.com\\\/#website\",\"url\":\"https:\\\/\\\/msgudjonsdottir.com\\\/\",\"name\":\"MARGRET SARA GUDJONSDOTTIR\",\"description\":\"\",\"publisher\":{\"@id\":\"https:\\\/\\\/msgudjonsdottir.com\\\/#organization\"},\"potentialAction\":[{\"@type\":\"SearchAction\",\"target\":{\"@type\":\"EntryPoint\",\"urlTemplate\":\"https:\\\/\\\/msgudjonsdottir.com\\\/?s={search_term_string}\"},\"query-input\":{\"@type\":\"PropertyValueSpecification\",\"valueRequired\":true,\"valueName\":\"search_term_string\"}}],\"inLanguage\":\"en-US\"},{\"@type\":\"Organization\",\"@id\":\"https:\\\/\\\/msgudjonsdottir.com\\\/#organization\",\"name\":\"MARGRET SARA GUDJONSDOTTIR\",\"url\":\"https:\\\/\\\/msgudjonsdottir.com\\\/\",\"logo\":{\"@type\":\"ImageObject\",\"inLanguage\":\"en-US\",\"@id\":\"https:\\\/\\\/msgudjonsdottir.com\\\/#\\\/schema\\\/logo\\\/image\\\/\",\"url\":\"https:\\\/\\\/msgudjonsdottir.com\\\/wp-content\\\/uploads\\\/2020\\\/06\\\/msg.png\",\"contentUrl\":\"https:\\\/\\\/msgudjonsdottir.com\\\/wp-content\\\/uploads\\\/2020\\\/06\\\/msg.png\",\"width\":551,\"height\":90,\"caption\":\"MARGRET SARA GUDJONSDOTTIR\"},\"image\":{\"@id\":\"https:\\\/\\\/msgudjonsdottir.com\\\/#\\\/schema\\\/logo\\\/image\\\/\"}}]}<\/script>\n<!-- \/ Yoast SEO plugin. -->","yoast_head_json":{"title":"LIMINAL STATES (2024) - MARGRET SARA GUDJONSDOTTIR","robots":{"index":"index","follow":"follow","max-snippet":"max-snippet:-1","max-image-preview":"max-image-preview:large","max-video-preview":"max-video-preview:-1"},"canonical":"https:\/\/msgudjonsdottir.com\/index.php\/liminal-states-2024\/","og_locale":"en_US","og_type":"article","og_title":"LIMINAL STATES (2024) - MARGRET SARA GUDJONSDOTTIR","og_description":"LIMINAL STATES&nbsp; \u00a0 Synopsis &nbsp; The performance Liminal States serves as an escape from the visual sphere of our existence into the energetic embodied aspect of living. A space of liminality where experiences happen on the threshold of consciousness. The desire behind this work is to dialogue with internal spaces and states of perseption that [&hellip;]","og_url":"https:\/\/msgudjonsdottir.com\/index.php\/liminal-states-2024\/","og_site_name":"MARGRET SARA GUDJONSDOTTIR","article_modified_time":"2025-11-09T16:19:28+00:00","twitter_card":"summary_large_image","twitter_misc":{"Est. reading time":"6 minutes"},"schema":{"@context":"https:\/\/schema.org","@graph":[{"@type":"WebPage","@id":"https:\/\/msgudjonsdottir.com\/index.php\/liminal-states-2024\/","url":"https:\/\/msgudjonsdottir.com\/index.php\/liminal-states-2024\/","name":"LIMINAL STATES (2024) - MARGRET SARA GUDJONSDOTTIR","isPartOf":{"@id":"https:\/\/msgudjonsdottir.com\/#website"},"datePublished":"2024-07-05T11:59:48+00:00","dateModified":"2025-11-09T16:19:28+00:00","breadcrumb":{"@id":"https:\/\/msgudjonsdottir.com\/index.php\/liminal-states-2024\/#breadcrumb"},"inLanguage":"en-US","potentialAction":[{"@type":"ReadAction","target":["https:\/\/msgudjonsdottir.com\/index.php\/liminal-states-2024\/"]}]},{"@type":"BreadcrumbList","@id":"https:\/\/msgudjonsdottir.com\/index.php\/liminal-states-2024\/#breadcrumb","itemListElement":[{"@type":"ListItem","position":1,"name":"Home","item":"https:\/\/msgudjonsdottir.com\/"},{"@type":"ListItem","position":2,"name":"LIMINAL STATES (2024)"}]},{"@type":"WebSite","@id":"https:\/\/msgudjonsdottir.com\/#website","url":"https:\/\/msgudjonsdottir.com\/","name":"MARGRET SARA GUDJONSDOTTIR","description":"","publisher":{"@id":"https:\/\/msgudjonsdottir.com\/#organization"},"potentialAction":[{"@type":"SearchAction","target":{"@type":"EntryPoint","urlTemplate":"https:\/\/msgudjonsdottir.com\/?s={search_term_string}"},"query-input":{"@type":"PropertyValueSpecification","valueRequired":true,"valueName":"search_term_string"}}],"inLanguage":"en-US"},{"@type":"Organization","@id":"https:\/\/msgudjonsdottir.com\/#organization","name":"MARGRET SARA GUDJONSDOTTIR","url":"https:\/\/msgudjonsdottir.com\/","logo":{"@type":"ImageObject","inLanguage":"en-US","@id":"https:\/\/msgudjonsdottir.com\/#\/schema\/logo\/image\/","url":"https:\/\/msgudjonsdottir.com\/wp-content\/uploads\/2020\/06\/msg.png","contentUrl":"https:\/\/msgudjonsdottir.com\/wp-content\/uploads\/2020\/06\/msg.png","width":551,"height":90,"caption":"MARGRET SARA GUDJONSDOTTIR"},"image":{"@id":"https:\/\/msgudjonsdottir.com\/#\/schema\/logo\/image\/"}}]}},"_links":{"self":[{"href":"https:\/\/msgudjonsdottir.com\/index.php\/wp-json\/wp\/v2\/pages\/2498","targetHints":{"allow":["GET"]}}],"collection":[{"href":"https:\/\/msgudjonsdottir.com\/index.php\/wp-json\/wp\/v2\/pages"}],"about":[{"href":"https:\/\/msgudjonsdottir.com\/index.php\/wp-json\/wp\/v2\/types\/page"}],"author":[{"embeddable":true,"href":"https:\/\/msgudjonsdottir.com\/index.php\/wp-json\/wp\/v2\/users\/1"}],"replies":[{"embeddable":true,"href":"https:\/\/msgudjonsdottir.com\/index.php\/wp-json\/wp\/v2\/comments?post=2498"}],"version-history":[{"count":44,"href":"https:\/\/msgudjonsdottir.com\/index.php\/wp-json\/wp\/v2\/pages\/2498\/revisions"}],"predecessor-version":[{"id":2902,"href":"https:\/\/msgudjonsdottir.com\/index.php\/wp-json\/wp\/v2\/pages\/2498\/revisions\/2902"}],"wp:attachment":[{"href":"https:\/\/msgudjonsdottir.com\/index.php\/wp-json\/wp\/v2\/media?parent=2498"}],"curies":[{"name":"wp","href":"https:\/\/api.w.org\/{rel}","templated":true}]}}