{"id":294,"date":"2020-07-30T12:41:00","date_gmt":"2020-07-30T10:41:00","guid":{"rendered":"https:\/\/msgudjonsdottir.com\/?page_id=294"},"modified":"2023-09-18T15:07:41","modified_gmt":"2023-09-18T13:07:41","slug":"soft-target-2010","status":"publish","type":"page","link":"https:\/\/msgudjonsdottir.com\/index.php\/soft-target-2010\/","title":{"rendered":"SOFT TARGET"},"content":{"rendered":"<p>[et_pb_section fb_built=&#8221;1&#8243; admin_label=&#8221;PERFORMANCES&#8221; _builder_version=&#8221;4.16&#8243; background_color=&#8221;#ece9ea&#8221; global_colors_info=&#8221;{}&#8221;][et_pb_row admin_label=&#8221;SOFT TARGET&#8221; _builder_version=&#8221;4.16&#8243; global_colors_info=&#8221;{}&#8221;][et_pb_column type=&#8221;4_4&#8243; _builder_version=&#8221;4.16&#8243; global_colors_info=&#8221;{}&#8221;][et_pb_text admin_label=&#8221;soft target&#8221; _builder_version=&#8221;4.16&#8243; text_font=&#8221;Dosis||||||||&#8221; text_text_color=&#8221;#8e8e8e&#8221; header_text_align=&#8221;center&#8221; header_text_color=&#8221;#595758&#8243; header_2_font=&#8221;|||on|||||&#8221; header_2_text_align=&#8221;center&#8221; header_2_text_color=&#8221;#777777&#8243; header_3_font=&#8221;Dosis||||||||&#8221; header_3_text_align=&#8221;left&#8221; header_3_text_color=&#8221;#000000&#8243; text_orientation=&#8221;justified&#8221; custom_margin=&#8221;|150px||150px|false|false&#8221; custom_margin_tablet=&#8221;|80px||80px|false|false&#8221; custom_margin_phone=&#8221;|15px||15px|false|false&#8221; custom_margin_last_edited=&#8221;on|phone&#8221; global_colors_info=&#8221;{}&#8221;]<\/p>\n<h2 class=\"p1\"><span class=\"s1\"><b>SOFT TARGET<\/b><\/span><\/h2>\n<p>[\/et_pb_text][et_pb_image src=&#8221;https:\/\/msgudjonsdottir.com\/wp-content\/uploads\/2020\/08\/softtargetmontage.jpg&#8221; title_text=&#8221;softtargetmontage&#8221; align=&#8221;center&#8221; _builder_version=&#8221;4.16&#8243; _module_preset=&#8221;default&#8221; animation_style=&#8221;fade&#8221; animation_duration=&#8221;2000ms&#8221; global_colors_info=&#8221;{}&#8221;][\/et_pb_image][et_pb_text admin_label=&#8221;soft target&#8221; _builder_version=&#8221;4.16&#8243; text_font=&#8221;Dosis||||||||&#8221; text_text_color=&#8221;#8e8e8e&#8221; header_text_align=&#8221;center&#8221; header_text_color=&#8221;#595758&#8243; header_3_font=&#8221;Dosis||||||||&#8221; header_3_text_align=&#8221;left&#8221; header_3_text_color=&#8221;#000000&#8243; text_orientation=&#8221;justified&#8221; custom_margin=&#8221;|150px||150px|false|false&#8221; custom_margin_tablet=&#8221;|80px||80px|false|false&#8221; custom_margin_phone=&#8221;|15px||15px|false|false&#8221; custom_margin_last_edited=&#8221;on|phone&#8221; global_colors_info=&#8221;{}&#8221;]<\/p>\n<p>&nbsp;<\/p>\n<h3>\u00a0<\/h3>\n<h3 class=\"p1\"><b>Synopsis &amp; credits\u00a0<\/b><\/h3>\n<p>&nbsp;<\/p>\n<p>Choreographer Margret Sara Gudjonsdottir accompanied by dancer Johanna Chemnitz, music made by Peter Rehberg(PITA) and text composed from internet spam by Gordon Spragg, confront the idea of the \u201cSelf\u201d in an attempt to tear down the fabric of what separates the subject from the gaze.<\/p>\n<p>&#8220;<em>Consider that there is nothing between us but a fleeting bundle of perceptions. In all eyes we want to be all things differently. I doubt your parents taught you last time I checked. With that in mind, consider this. How are you suppose to know what the right thing to say and do is?&#8230; then this is one of the best signs that there is. I think that you are a very interesting person.\u00a0The opposite of love is simply complete and utter indifference. I presume this will come to you as a surprise, but as things unfold, we will know each other better.<b> <\/b>Because the truth is, whether you consider our methods ethical or not&#8230;\u00a0 In other words, I know how you feel. You should also know&#8230;And now I&#8217;m going to get right to the point<\/em>&#8230;\u201c<span class=\"Apple-converted-space\">\u00a0<\/span>-Gordon Spragg<\/p>\n<p><b>Concept\/ direction\/choreography<\/b>: Margr\u00e9t Sara Gudj\u00f3nsd\u00f3ttir\/<b>Performance\/choreography<\/b>: Johanna Chemnitz\/<b>Text<\/b>: Gordon Spragg\/<b>Sound<\/b>: Peter Rehberg\/<strong>Photo:<\/strong>Tom Akinleminu\/<b>Co-production<\/b>: The city funds of Reykjavik\/ Ballhaus Ost Berlin, Reykjavik Dance Festival.<\/p>\n<p>&nbsp;<\/p>\n<p>&nbsp;<\/p>\n<div class=\"page\" title=\"Page 2\">\n<div class=\"layoutArea\">\n<div class=\"column\">\n<h3 class=\"p1\"><span class=\"s1\"><b>Reviews<\/b><\/span><\/h3>\n<p>&nbsp;<\/p>\n<p>Equally interesting and affecting is the Icelandic choreographer Margre\u0301t Sara Gudjonsdottir who created the solo Soft Target for the dancer Johanna Chemnitz. It begins in the thick darkness where a man\u2019s voice disturbs our minds with<br \/>nonsense. The dancer, dressed only in bra and shorts, exposes every muscle and twitch. Her eyes are closed at first her and she seems to shrink instinctively from something. The dancer tries to orient herself in both her own body and space, like an animal that is frightened out of his burrow and blinking against the light, to us who see her. The electronic sound is amplified to the pain threshold while the dancer switches with pressure between various movement fragments. She reflects in our eyes but is also trapped in it \u2013 a soft target. Soft Target is a consistent and thought-provoking unpleasant solo that leaves traces in the viewer\u2019s body and raises awareness of how we read of the environment.<\/p>\n<p><em> Anna Angstrom, 22.05.2012<\/em><br \/><em> SvD Kultur Sweden<\/em><\/p>\n<p>Effective and clever;\u201cSoft Target\u201d manages to reinvent the wheel<br \/>The incredibly simple concept behind the performance is intimidatingly effective, pure, clever and persistent&#8230; Soft Target is an exceptionally thought out piece both physiologically and psychological. Managing to be captivating as well challenging it is a true piece of art that transcends itself.<br \/><em>O\u0308rjan Abrahamsson 14.10.2012<\/em><br \/><em> Dagens Nyheter, Stockholm<\/em><\/p>\n<p>&nbsp;<\/p>\n<h3><strong>Trailer &#8211; full performance &#8211; photos<\/strong><\/h3>\n<\/div>\n<p>&nbsp;<\/p>\n<p>&nbsp;<\/p>\n<\/div>\n<\/div>\n<p>[\/et_pb_text][et_pb_video src=&#8221;https:\/\/msgudjonsdottir.com\/wp-content\/uploads\/2020\/07\/softtargettrailer.mp4&#8243; src_webm=&#8221;https:\/\/msgudjonsdottir.com\/wp-content\/uploads\/2020\/07\/softtargettrailer.mp4&#8243; image_src=&#8221;https:\/\/msgudjonsdottir.com\/wp-content\/uploads\/2020\/10\/softtarget1.jpg&#8221; thumbnail_overlay_color=&#8221;rgba(0,0,0,0.6)&#8221; _builder_version=&#8221;4.22.1&#8243; custom_margin=&#8221;|100px||100px|false|false&#8221; custom_margin_tablet=&#8221;|80px||80px|false|false&#8221; custom_margin_phone=&#8221;|10px||10px|false|false&#8221; custom_margin_last_edited=&#8221;on|phone&#8221; hover_enabled=&#8221;0&#8243; global_colors_info=&#8221;{}&#8221; sticky_enabled=&#8221;0&#8243;][\/et_pb_video][et_pb_video src=&#8221;https:\/\/msgudjonsdottir.com\/videosweb\/Soft%20Target.mp4&#8243; src_webm=&#8221;https:\/\/msgudjonsdottir.com\/videosweb\/Soft%20Target.mp4&#8243; image_src=&#8221;https:\/\/msgudjonsdottir.com\/wp-content\/uploads\/2020\/10\/softtarget2.jpg&#8221; thumbnail_overlay_color=&#8221;rgba(0,0,0,0.6)&#8221; _builder_version=&#8221;4.22.1&#8243; custom_margin=&#8221;|100px||100px|false|false&#8221; custom_margin_tablet=&#8221;|80px||80px|false|false&#8221; custom_margin_phone=&#8221;|10px||10px|false|false&#8221; custom_margin_last_edited=&#8221;on|phone&#8221; global_colors_info=&#8221;{}&#8221;][\/et_pb_video][et_pb_gallery gallery_ids=&#8221;545,546,544&#8243; fullwidth=&#8221;on&#8221; _builder_version=&#8221;4.16&#8243; _module_preset=&#8221;default&#8221; global_colors_info=&#8221;{}&#8221;][\/et_pb_gallery][\/et_pb_column][\/et_pb_row][\/et_pb_section]<\/p>\n","protected":false},"excerpt":{"rendered":"<p>SOFT TARGET&nbsp; \u00a0 Synopsis &amp; credits\u00a0 &nbsp; Choreographer Margret Sara Gudjonsdottir accompanied by dancer Johanna Chemnitz, music made by Peter Rehberg(PITA) and text composed from internet spam by Gordon Spragg, confront the idea of the \u201cSelf\u201d in an attempt to tear down the fabric of what separates the subject from the gaze. &#8220;Consider that there [&hellip;]<\/p>\n","protected":false},"author":1,"featured_media":0,"parent":0,"menu_order":0,"comment_status":"closed","ping_status":"open","template":"","meta":{"_et_pb_use_builder":"on","_et_pb_old_content":"<!-- wp:paragraph -->\r\n<p>Ceci est une page d\u2019exemple. C\u2019est diff\u00e9rent d\u2019un article de blog parce qu\u2019elle restera au m\u00eame endroit et appara\u00eetra dans la navigation de votre site (dans la plupart des th\u00e8mes). La plupart des gens commencent par une page \u00ab\u00a0\u00c0 propos\u00a0\u00bb qui les pr\u00e9sente aux visiteurs du site. Cela pourrait ressembler \u00e0 quelque chose comme cela\u00a0:<\/p>\r\n<!-- \/wp:paragraph --><!-- wp:quote -->\r\n<blockquote class=\"wp-block-quote\">\r\n<p>Bonjour\u00a0! Je suis un m\u00e9canicien qui aspire \u00e0 devenir acteur, et voici mon site. J\u2019habite \u00e0 Bordeaux, j\u2019ai un super chien baptis\u00e9 Russell, et j\u2019aime la vodka-ananas (ainsi qu\u2019\u00eatre surpris par la pluie soudaine lors de longues balades sur la plage au coucher du soleil).<\/p>\r\n<\/blockquote>\r\n<!-- \/wp:quote --><!-- wp:paragraph -->\r\n<p>... ou quelque chose comme cela\u00a0:<\/p>\r\n<!-- \/wp:paragraph --><!-- wp:quote -->\r\n<blockquote class=\"wp-block-quote\">\r\n<p>La soci\u00e9t\u00e9 123 Machin Truc a \u00e9t\u00e9 cr\u00e9\u00e9e en 1971, et n\u2019a cess\u00e9 de proposer au public des machins-trucs de qualit\u00e9 depuis lors. Situ\u00e9e \u00e0 Saint-Remy-en-Bouzemont-Saint-Genest-et-Isson, 123 Machin Truc emploie 2 000 personnes, et fabrique toutes sortes de bidules super pour la communaut\u00e9 bouzemontoise.<\/p>\r\n<\/blockquote>\r\n<!-- \/wp:quote --><!-- wp:paragraph -->\r\n<p>En tant que nouvel\u00b7le utilisateur ou utilisatrice de WordPress, vous devriez vous rendre sur <a href=\"http:\/\/msgudjonsdottir.com\/wp-admin\/\">votre tableau de bord<\/a> pour supprimer cette page et cr\u00e9er de nouvelles pages pour votre contenu. Amusez-vous bien\u00a0!<\/p>\r\n<!-- \/wp:paragraph -->","_et_gb_content_width":"","footnotes":""},"class_list":["post-294","page","type-page","status-publish","hentry"],"yoast_head":"<!-- This site is optimized with the Yoast SEO plugin v24.9 - https:\/\/yoast.com\/wordpress\/plugins\/seo\/ -->\n<title>SOFT TARGET - MARGRET SARA GUDJONSDOTTIR<\/title>\n<meta name=\"robots\" content=\"index, follow, max-snippet:-1, max-image-preview:large, max-video-preview:-1\" \/>\n<link rel=\"canonical\" href=\"https:\/\/msgudjonsdottir.com\/index.php\/soft-target-2010\/\" \/>\n<meta property=\"og:locale\" content=\"en_US\" \/>\n<meta property=\"og:type\" content=\"article\" \/>\n<meta property=\"og:title\" content=\"SOFT TARGET - MARGRET SARA GUDJONSDOTTIR\" \/>\n<meta property=\"og:description\" content=\"SOFT TARGET&nbsp; \u00a0 Synopsis &amp; credits\u00a0 &nbsp; Choreographer Margret Sara Gudjonsdottir accompanied by dancer Johanna Chemnitz, music made by Peter Rehberg(PITA) and text composed from internet spam by Gordon Spragg, confront the idea of the \u201cSelf\u201d in an attempt to tear down the fabric of what separates the subject from the gaze. &quot;Consider that there [&hellip;]\" \/>\n<meta property=\"og:url\" content=\"https:\/\/msgudjonsdottir.com\/index.php\/soft-target-2010\/\" \/>\n<meta property=\"og:site_name\" content=\"MARGRET SARA GUDJONSDOTTIR\" \/>\n<meta property=\"article:modified_time\" content=\"2023-09-18T13:07:41+00:00\" \/>\n<meta name=\"twitter:card\" content=\"summary_large_image\" \/>\n<meta name=\"twitter:label1\" content=\"Est. reading time\" \/>\n\t<meta name=\"twitter:data1\" content=\"3 minutes\" \/>\n<script type=\"application\/ld+json\" class=\"yoast-schema-graph\">{\"@context\":\"https:\/\/schema.org\",\"@graph\":[{\"@type\":\"WebPage\",\"@id\":\"https:\/\/msgudjonsdottir.com\/index.php\/soft-target-2010\/\",\"url\":\"https:\/\/msgudjonsdottir.com\/index.php\/soft-target-2010\/\",\"name\":\"SOFT TARGET - MARGRET SARA GUDJONSDOTTIR\",\"isPartOf\":{\"@id\":\"https:\/\/msgudjonsdottir.com\/#website\"},\"datePublished\":\"2020-07-30T10:41:00+00:00\",\"dateModified\":\"2023-09-18T13:07:41+00:00\",\"breadcrumb\":{\"@id\":\"https:\/\/msgudjonsdottir.com\/index.php\/soft-target-2010\/#breadcrumb\"},\"inLanguage\":\"en-US\",\"potentialAction\":[{\"@type\":\"ReadAction\",\"target\":[\"https:\/\/msgudjonsdottir.com\/index.php\/soft-target-2010\/\"]}]},{\"@type\":\"BreadcrumbList\",\"@id\":\"https:\/\/msgudjonsdottir.com\/index.php\/soft-target-2010\/#breadcrumb\",\"itemListElement\":[{\"@type\":\"ListItem\",\"position\":1,\"name\":\"Home\",\"item\":\"https:\/\/msgudjonsdottir.com\/\"},{\"@type\":\"ListItem\",\"position\":2,\"name\":\"SOFT TARGET\"}]},{\"@type\":\"WebSite\",\"@id\":\"https:\/\/msgudjonsdottir.com\/#website\",\"url\":\"https:\/\/msgudjonsdottir.com\/\",\"name\":\"MARGRET SARA GUDJONSDOTTIR\",\"description\":\"\",\"publisher\":{\"@id\":\"https:\/\/msgudjonsdottir.com\/#organization\"},\"potentialAction\":[{\"@type\":\"SearchAction\",\"target\":{\"@type\":\"EntryPoint\",\"urlTemplate\":\"https:\/\/msgudjonsdottir.com\/?s={search_term_string}\"},\"query-input\":{\"@type\":\"PropertyValueSpecification\",\"valueRequired\":true,\"valueName\":\"search_term_string\"}}],\"inLanguage\":\"en-US\"},{\"@type\":\"Organization\",\"@id\":\"https:\/\/msgudjonsdottir.com\/#organization\",\"name\":\"MARGRET SARA GUDJONSDOTTIR\",\"url\":\"https:\/\/msgudjonsdottir.com\/\",\"logo\":{\"@type\":\"ImageObject\",\"inLanguage\":\"en-US\",\"@id\":\"https:\/\/msgudjonsdottir.com\/#\/schema\/logo\/image\/\",\"url\":\"https:\/\/msgudjonsdottir.com\/wp-content\/uploads\/2020\/06\/msg.png\",\"contentUrl\":\"https:\/\/msgudjonsdottir.com\/wp-content\/uploads\/2020\/06\/msg.png\",\"width\":551,\"height\":90,\"caption\":\"MARGRET SARA GUDJONSDOTTIR\"},\"image\":{\"@id\":\"https:\/\/msgudjonsdottir.com\/#\/schema\/logo\/image\/\"}}]}<\/script>\n<!-- \/ Yoast SEO plugin. -->","yoast_head_json":{"title":"SOFT TARGET - MARGRET SARA GUDJONSDOTTIR","robots":{"index":"index","follow":"follow","max-snippet":"max-snippet:-1","max-image-preview":"max-image-preview:large","max-video-preview":"max-video-preview:-1"},"canonical":"https:\/\/msgudjonsdottir.com\/index.php\/soft-target-2010\/","og_locale":"en_US","og_type":"article","og_title":"SOFT TARGET - MARGRET SARA GUDJONSDOTTIR","og_description":"SOFT TARGET&nbsp; \u00a0 Synopsis &amp; credits\u00a0 &nbsp; Choreographer Margret Sara Gudjonsdottir accompanied by dancer Johanna Chemnitz, music made by Peter Rehberg(PITA) and text composed from internet spam by Gordon Spragg, confront the idea of the \u201cSelf\u201d in an attempt to tear down the fabric of what separates the subject from the gaze. \"Consider that there [&hellip;]","og_url":"https:\/\/msgudjonsdottir.com\/index.php\/soft-target-2010\/","og_site_name":"MARGRET SARA GUDJONSDOTTIR","article_modified_time":"2023-09-18T13:07:41+00:00","twitter_card":"summary_large_image","twitter_misc":{"Est. reading time":"3 minutes"},"schema":{"@context":"https:\/\/schema.org","@graph":[{"@type":"WebPage","@id":"https:\/\/msgudjonsdottir.com\/index.php\/soft-target-2010\/","url":"https:\/\/msgudjonsdottir.com\/index.php\/soft-target-2010\/","name":"SOFT TARGET - MARGRET SARA GUDJONSDOTTIR","isPartOf":{"@id":"https:\/\/msgudjonsdottir.com\/#website"},"datePublished":"2020-07-30T10:41:00+00:00","dateModified":"2023-09-18T13:07:41+00:00","breadcrumb":{"@id":"https:\/\/msgudjonsdottir.com\/index.php\/soft-target-2010\/#breadcrumb"},"inLanguage":"en-US","potentialAction":[{"@type":"ReadAction","target":["https:\/\/msgudjonsdottir.com\/index.php\/soft-target-2010\/"]}]},{"@type":"BreadcrumbList","@id":"https:\/\/msgudjonsdottir.com\/index.php\/soft-target-2010\/#breadcrumb","itemListElement":[{"@type":"ListItem","position":1,"name":"Home","item":"https:\/\/msgudjonsdottir.com\/"},{"@type":"ListItem","position":2,"name":"SOFT TARGET"}]},{"@type":"WebSite","@id":"https:\/\/msgudjonsdottir.com\/#website","url":"https:\/\/msgudjonsdottir.com\/","name":"MARGRET SARA GUDJONSDOTTIR","description":"","publisher":{"@id":"https:\/\/msgudjonsdottir.com\/#organization"},"potentialAction":[{"@type":"SearchAction","target":{"@type":"EntryPoint","urlTemplate":"https:\/\/msgudjonsdottir.com\/?s={search_term_string}"},"query-input":{"@type":"PropertyValueSpecification","valueRequired":true,"valueName":"search_term_string"}}],"inLanguage":"en-US"},{"@type":"Organization","@id":"https:\/\/msgudjonsdottir.com\/#organization","name":"MARGRET SARA GUDJONSDOTTIR","url":"https:\/\/msgudjonsdottir.com\/","logo":{"@type":"ImageObject","inLanguage":"en-US","@id":"https:\/\/msgudjonsdottir.com\/#\/schema\/logo\/image\/","url":"https:\/\/msgudjonsdottir.com\/wp-content\/uploads\/2020\/06\/msg.png","contentUrl":"https:\/\/msgudjonsdottir.com\/wp-content\/uploads\/2020\/06\/msg.png","width":551,"height":90,"caption":"MARGRET SARA GUDJONSDOTTIR"},"image":{"@id":"https:\/\/msgudjonsdottir.com\/#\/schema\/logo\/image\/"}}]}},"_links":{"self":[{"href":"https:\/\/msgudjonsdottir.com\/index.php\/wp-json\/wp\/v2\/pages\/294","targetHints":{"allow":["GET"]}}],"collection":[{"href":"https:\/\/msgudjonsdottir.com\/index.php\/wp-json\/wp\/v2\/pages"}],"about":[{"href":"https:\/\/msgudjonsdottir.com\/index.php\/wp-json\/wp\/v2\/types\/page"}],"author":[{"embeddable":true,"href":"https:\/\/msgudjonsdottir.com\/index.php\/wp-json\/wp\/v2\/users\/1"}],"replies":[{"embeddable":true,"href":"https:\/\/msgudjonsdottir.com\/index.php\/wp-json\/wp\/v2\/comments?post=294"}],"version-history":[{"count":28,"href":"https:\/\/msgudjonsdottir.com\/index.php\/wp-json\/wp\/v2\/pages\/294\/revisions"}],"predecessor-version":[{"id":2219,"href":"https:\/\/msgudjonsdottir.com\/index.php\/wp-json\/wp\/v2\/pages\/294\/revisions\/2219"}],"wp:attachment":[{"href":"https:\/\/msgudjonsdottir.com\/index.php\/wp-json\/wp\/v2\/media?parent=294"}],"curies":[{"name":"wp","href":"https:\/\/api.w.org\/{rel}","templated":true}]}}