{"id":305,"date":"2020-07-30T12:50:34","date_gmt":"2020-07-30T10:50:34","guid":{"rendered":"https:\/\/msgudjonsdottir.com\/?page_id=305"},"modified":"2023-09-18T14:59:19","modified_gmt":"2023-09-18T12:59:19","slug":"conspiracy-ceremony-hypersonic-states-2017","status":"publish","type":"page","link":"https:\/\/msgudjonsdottir.com\/index.php\/conspiracy-ceremony-hypersonic-states-2017\/","title":{"rendered":"Conspiracy Ceremony-HYPERSONIC STATES"},"content":{"rendered":"<p>[et_pb_section fb_built=&#8221;1&#8243; admin_label=&#8221;PERFORMANCES&#8221; _builder_version=&#8221;4.16&#8243; background_color=&#8221;#ece9ea&#8221; global_colors_info=&#8221;{}&#8221;][et_pb_row admin_label=&#8221; Conspiracy Ceremony-HYPERSONIC STATES (2017)&#8221; _builder_version=&#8221;4.16&#8243; global_colors_info=&#8221;{}&#8221;][et_pb_column type=&#8221;4_4&#8243; _builder_version=&#8221;4.16&#8243; global_colors_info=&#8221;{}&#8221;][et_pb_text admin_label=&#8221; Conspiracy Ceremony-HYPERSONIC STATES (2017)&#8221; _builder_version=&#8221;4.16&#8243; text_font=&#8221;Dosis||||||||&#8221; text_text_color=&#8221;#8e8e8e&#8221; header_text_align=&#8221;center&#8221; header_text_color=&#8221;#595758&#8243; header_2_font=&#8221;|||on|||||&#8221; header_2_text_align=&#8221;center&#8221; header_2_text_color=&#8221;#777777&#8243; header_3_font=&#8221;Dosis||||||||&#8221; header_3_text_align=&#8221;left&#8221; header_3_text_color=&#8221;#000000&#8243; text_orientation=&#8221;justified&#8221; custom_margin=&#8221;|150px||150px|false|false&#8221; custom_margin_tablet=&#8221;|80px||80px|false|false&#8221; custom_margin_phone=&#8221;|15px||15px|false|false&#8221; custom_margin_last_edited=&#8221;on|phone&#8221; global_colors_info=&#8221;{}&#8221;]<\/p>\n<h2 class=\"column\"><strong>Conspiracy Ceremony-HYPERSONIC STATES\u00a0<\/strong><\/h2>\n<p>[\/et_pb_text][et_pb_image src=&#8221;https:\/\/msgudjonsdottir.com\/wp-content\/uploads\/2020\/08\/caty-johanna-suet-1-5-scaled.jpg&#8221; title_text=&#8221;_Conspiracy-Ceremony-HYPERSONIC-STATES&#8221; align=&#8221;center&#8221; _builder_version=&#8221;4.16&#8243; _module_preset=&#8221;default&#8221; animation_style=&#8221;fade&#8221; animation_duration=&#8221;2000ms&#8221; global_colors_info=&#8221;{}&#8221;][\/et_pb_image][et_pb_text admin_label=&#8221; Conspiracy Ceremony-HYPERSONIC STATES (2017)&#8221; _builder_version=&#8221;4.16&#8243; text_font=&#8221;Dosis||||||||&#8221; text_text_color=&#8221;#8e8e8e&#8221; header_text_align=&#8221;center&#8221; header_text_color=&#8221;#595758&#8243; header_3_font=&#8221;Dosis||||||||&#8221; header_3_text_align=&#8221;left&#8221; header_3_text_color=&#8221;#000000&#8243; text_orientation=&#8221;justified&#8221; custom_margin=&#8221;|150px||150px|false|false&#8221; custom_margin_tablet=&#8221;|80px||80px|false|false&#8221; custom_margin_phone=&#8221;|15px||15px|false|false&#8221; custom_margin_last_edited=&#8221;on|phone&#8221; global_colors_info=&#8221;{}&#8221;]<\/p>\n<p>&nbsp;<\/p>\n<h3><b>Synopsis &amp; credits<\/b><\/h3>\n<p>&nbsp;<\/p>\n<p>A symphony of pathologies, sentiments, and physical states originating in the personal emotional body are on display in this latest work by Icelandic choreographer Margr\u00e9t Sara Gudj\u00f3nsd\u00f3ttir. Emotions rush through these bodies without filters. The viewer experiences extreme and at times painfully private states. Portraying the anonymous multitude, the five dancers are ceremonially surrendered to, and moved by, invisible forces, both political and energetic in nature, that are far greater than all of us. The <em>Hyperstates<\/em> form a corporeal language that serves as a doorway into the subconscious. This language is marked by an infinite presence that reveals and provokes in the same moment. It transfers itself into the bodies of the audience as they meet the performers with full intensity. Together, they explore and confront the inner landscape of the de-bordered body, offering up an alternative reality of physical pleasure and pain that comes with surrendering to the <em>Hyperstates<\/em>.<\/p>\n<p>In <em>Conspiracy\u00a0Ceremony<\/em><em>\u2013 Hypersonic States<\/em>, <span class=\"_4n-j _3cht fsl\">Margr\u00e9t Sara Gu\u00f0j\u00f3nsd\u00f3ttir <\/span>and her long-term artistic associates continue their in-depth research into a methodology that accesses physiological and emotional sub-worlds. Over a series of works (including the <em>Blind Spotting Performance Series<\/em>), she has developed a new genre of performative body language, and an original working method that directly informs her creative outcomes.<\/p>\n<p><strong>Concept,\u00a0choreography, direction,costumes:\u00a0<\/strong><span class=\"_4n-j _3cht fsl\">Margr\u00e9t Sara Gu\u00f0j\u00f3nsd\u00f3ttir\/<\/span>\u00a0<b>Choreography\/Performance:<\/b>\u00a0Johanna Chemnitz, Catherine Jodoin, Laura Siegmund, Marie Topp, Suet-Wan Tsang\/\u00a0<strong>Music:\u00a0<\/strong>Peter Rehberg\/\u00a0<strong>Light design:\u00a0<\/strong>Martin Beeretz \/\u00a0<strong>Dramaturgical advice:\u00a0<\/strong>Zeina Hanna\/ <b>Production\u00a0management:\u00a0<\/b>Elena Kr\u00fcskemper\/<strong> Photos:<\/strong> Jeanette Ginslov\/\u200b. <strong>Funding and coproduction:\u00a0<\/strong>Senate Department for Culture and Europe, SOPHIENS\u00c6LE, L\u00d3KAL theater festival Iceland, Rann\u00eds &#8211; National funds for Performing Arts Iceland, Nordic Culture Fund.<span class=\"Apple-converted-space\">\u00a0<\/span><\/p>\n<p>&nbsp;<\/p>\n<h3><strong>Reviews<\/strong><\/h3>\n<p>&nbsp;<\/p>\n<p><strong>Internal emergencies<\/strong><\/p>\n<p>And it is true that something incredible happens in this &#8220;conspiratorial ceremony&#8221; in which Gudjo\u0301nsdo\u0301ttir involves five dancers, most often separately. Little movement, no interaction or claim of communication with the space or the public. The hyper-state is an internal affair. And yet &#8230;No one, probably, has ever been so successful in rhyming with a state of choreographic urgency. Many contemporary choreographers have, however, got down to work. Without much result. Feeling what is going on within the body or mind of an interpreter usually requires the viewer to have an acute divining ability.<br \/>The Conspiracy Ceremony changes the game. With her research on myofascial release and her personal approach to somatic practices, Margre\u0301t Sara Gu\u00f0jo\u0301nsdo\u0301ttir has opened doors to the invisible and buried body memory. The performers manage, with a minimum of gestures, to create energetic fields that link their bodily presence to very powerful and almost palpable mental ones.<\/p>\n<p>Date: 22\/05\/2018 Thomas Hahn dansercanalhistorique.fr<br \/>BAGNOLET<\/p>\n<h6>\u00a0<\/h6>\n<p>[\/et_pb_text][et_pb_video src=&#8221;https:\/\/msgudjonsdottir.com\/wp-content\/uploads\/2020\/09\/A-Somatic-Archiving-Living-Archives-Research-Project-Laura-02.mp4&#8243; src_webm=&#8221;https:\/\/msgudjonsdottir.com\/wp-content\/uploads\/2020\/09\/A-Somatic-Archiving-Living-Archives-Research-Project-Laura-02.mp4&#8243; thumbnail_overlay_color=&#8221;rgba(0,0,0,0.6)&#8221; disabled_on=&#8221;on|on|on&#8221; _builder_version=&#8221;4.16&#8243; custom_margin=&#8221;|100px||100px|false|false&#8221; custom_margin_tablet=&#8221;|80px||80px|false|false&#8221; custom_margin_phone=&#8221;|10px||10px|false|false&#8221; custom_margin_last_edited=&#8221;on|phone&#8221; disabled=&#8221;on&#8221; global_colors_info=&#8221;{}&#8221;][\/et_pb_video][et_pb_text admin_label=&#8221;Trailer- full performance- photos&#8221; _builder_version=&#8221;4.16&#8243; text_font=&#8221;Dosis||||||||&#8221; text_text_color=&#8221;#8e8e8e&#8221; header_text_align=&#8221;center&#8221; header_text_color=&#8221;#595758&#8243; header_3_font=&#8221;Dosis||||||||&#8221; header_3_text_align=&#8221;left&#8221; header_3_text_color=&#8221;#000000&#8243; text_orientation=&#8221;justified&#8221; custom_margin=&#8221;|150px||150px|false|false&#8221; custom_margin_tablet=&#8221;|80px||80px|false|false&#8221; custom_margin_phone=&#8221;|15px||15px|false|false&#8221; custom_margin_last_edited=&#8221;on|phone&#8221; global_colors_info=&#8221;{}&#8221;]<\/p>\n<h3>\u00a0<\/h3>\n<h3><strong>Trailer- full performance- photos<\/strong><\/h3>\n<p>&nbsp;<\/p>\n<p>[\/et_pb_text][et_pb_video src=&#8221;https:\/\/msgudjonsdottir.com\/wp-content\/uploads\/2020\/09\/A-Somatic-Archiving-Living-Archives-Research-Project-Suet-Wan-March.mp4&#8243; src_webm=&#8221;https:\/\/msgudjonsdottir.com\/wp-content\/uploads\/2020\/09\/A-Somatic-Archiving-Living-Archives-Research-Project-Suet-Wan-March.mp4&#8243; thumbnail_overlay_color=&#8221;rgba(0,0,0,0.6)&#8221; disabled_on=&#8221;on|on|on&#8221; _builder_version=&#8221;4.16&#8243; custom_margin=&#8221;|100px||100px|false|false&#8221; custom_margin_tablet=&#8221;|80px||80px|false|false&#8221; custom_margin_phone=&#8221;|10px||10px|false|false&#8221; custom_margin_last_edited=&#8221;on|phone&#8221; disabled=&#8221;on&#8221; global_colors_info=&#8221;{}&#8221;][\/et_pb_video][et_pb_video src=&#8221;https:\/\/msgudjonsdottir.com\/wp-content\/uploads\/2020\/08\/Trailer-Conspiracy_Ceremony-HYPERSONIC_STATES-2017.mp4&#8243; src_webm=&#8221;https:\/\/msgudjonsdottir.com\/wp-content\/uploads\/2020\/08\/Trailer-Conspiracy_Ceremony-HYPERSONIC_STATES-2017.mp4&#8243; image_src=&#8221;https:\/\/msgudjonsdottir.com\/wp-content\/uploads\/2020\/10\/conspiracy2.jpg&#8221; thumbnail_overlay_color=&#8221;rgba(0,0,0,0.6)&#8221; _builder_version=&#8221;4.22.1&#8243; custom_margin=&#8221;|100px||100px|false|false&#8221; custom_margin_tablet=&#8221;|80px||80px|false|false&#8221; custom_margin_phone=&#8221;|10px||10px|false|false&#8221; custom_margin_last_edited=&#8221;on|phone&#8221; hover_enabled=&#8221;0&#8243; global_colors_info=&#8221;{}&#8221; sticky_enabled=&#8221;0&#8243;][\/et_pb_video][et_pb_video src=&#8221;https:\/\/msgudjonsdottir.com\/videosweb\/conspiracy%20ceremony.mp4&#8243; src_webm=&#8221;https:\/\/msgudjonsdottir.com\/videosweb\/conspiracy%20ceremony.mp4&#8243; image_src=&#8221;https:\/\/msgudjonsdottir.com\/wp-content\/uploads\/2020\/10\/conspiracy1.jpg&#8221; thumbnail_overlay_color=&#8221;rgba(0,0,0,0.6)&#8221; _builder_version=&#8221;4.22.1&#8243; custom_margin=&#8221;|100px||100px|false|false&#8221; custom_margin_tablet=&#8221;|80px||80px|false|false&#8221; custom_margin_phone=&#8221;|10px||10px|false|false&#8221; custom_margin_last_edited=&#8221;on|phone&#8221; hover_enabled=&#8221;0&#8243; global_colors_info=&#8221;{}&#8221; sticky_enabled=&#8221;0&#8243;][\/et_pb_video][et_pb_video src=&#8221;https:\/\/msgudjonsdottir.com\/videosweb\/longdoccieSOMAR01.mp4&#8243; src_webm=&#8221;https:\/\/msgudjonsdottir.com\/videosweb\/longdoccieSOMAR01.mp4&#8243; image_src=&#8221;https:\/\/msgudjonsdottir.com\/wp-content\/uploads\/2021\/08\/DOCUMENTARY-HYPER-1.jpg&#8221; thumbnail_overlay_color=&#8221;rgba(0,0,0,0.6)&#8221; disabled_on=&#8221;off|off|off&#8221; _builder_version=&#8221;4.22.1&#8243; custom_margin=&#8221;|100px||100px|false|false&#8221; custom_margin_tablet=&#8221;|80px||80px|false|false&#8221; custom_margin_phone=&#8221;|10px||10px|false|false&#8221; custom_margin_last_edited=&#8221;on|phone&#8221; hover_enabled=&#8221;0&#8243; locked=&#8221;off&#8221; global_colors_info=&#8221;{}&#8221; sticky_enabled=&#8221;0&#8243;][\/et_pb_video][et_pb_gallery gallery_ids=&#8221;515,512,529,2116,533,521,519,2115,2113,1360,1059,1367,1366,2114&#8243; fullwidth=&#8221;on&#8221; _builder_version=&#8221;4.21.0&#8243; _module_preset=&#8221;default&#8221; global_colors_info=&#8221;{}&#8221;][\/et_pb_gallery][\/et_pb_column][\/et_pb_row][\/et_pb_section]<\/p>\n","protected":false},"excerpt":{"rendered":"<p>Conspiracy Ceremony-HYPERSONIC STATES\u00a0&nbsp; Synopsis &amp; credits &nbsp; A symphony of pathologies, sentiments, and physical states originating in the personal emotional body are on display in this latest work by Icelandic choreographer Margr\u00e9t Sara Gudj\u00f3nsd\u00f3ttir. Emotions rush through these bodies without filters. The viewer experiences extreme and at times painfully private states. Portraying the anonymous multitude, [&hellip;]<\/p>\n","protected":false},"author":1,"featured_media":0,"parent":0,"menu_order":0,"comment_status":"closed","ping_status":"closed","template":"","meta":{"_et_pb_use_builder":"on","_et_pb_old_content":"<!-- wp:paragraph -->\r\n<p>Ceci est une page d\u2019exemple. C\u2019est diff\u00e9rent d\u2019un article de blog parce qu\u2019elle restera au m\u00eame endroit et appara\u00eetra dans la navigation de votre site (dans la plupart des th\u00e8mes). La plupart des gens commencent par une page \u00ab\u00a0\u00c0 propos\u00a0\u00bb qui les pr\u00e9sente aux visiteurs du site. Cela pourrait ressembler \u00e0 quelque chose comme cela\u00a0:<\/p>\r\n<!-- \/wp:paragraph --><!-- wp:quote -->\r\n<blockquote class=\"wp-block-quote\">\r\n<p>Bonjour\u00a0! Je suis un m\u00e9canicien qui aspire \u00e0 devenir acteur, et voici mon site. J\u2019habite \u00e0 Bordeaux, j\u2019ai un super chien baptis\u00e9 Russell, et j\u2019aime la vodka-ananas (ainsi qu\u2019\u00eatre surpris par la pluie soudaine lors de longues balades sur la plage au coucher du soleil).<\/p>\r\n<\/blockquote>\r\n<!-- \/wp:quote --><!-- wp:paragraph -->\r\n<p>... ou quelque chose comme cela\u00a0:<\/p>\r\n<!-- \/wp:paragraph --><!-- wp:quote -->\r\n<blockquote class=\"wp-block-quote\">\r\n<p>La soci\u00e9t\u00e9 123 Machin Truc a \u00e9t\u00e9 cr\u00e9\u00e9e en 1971, et n\u2019a cess\u00e9 de proposer au public des machins-trucs de qualit\u00e9 depuis lors. Situ\u00e9e \u00e0 Saint-Remy-en-Bouzemont-Saint-Genest-et-Isson, 123 Machin Truc emploie 2 000 personnes, et fabrique toutes sortes de bidules super pour la communaut\u00e9 bouzemontoise.<\/p>\r\n<\/blockquote>\r\n<!-- \/wp:quote --><!-- wp:paragraph -->\r\n<p>En tant que nouvel\u00b7le utilisateur ou utilisatrice de WordPress, vous devriez vous rendre sur <a href=\"http:\/\/msgudjonsdottir.com\/wp-admin\/\">votre tableau de bord<\/a> pour supprimer cette page et cr\u00e9er de nouvelles pages pour votre contenu. Amusez-vous bien\u00a0!<\/p>\r\n<!-- \/wp:paragraph -->","_et_gb_content_width":"","footnotes":""},"class_list":["post-305","page","type-page","status-publish","hentry"],"yoast_head":"<!-- This site is optimized with the Yoast SEO plugin v27.4 - https:\/\/yoast.com\/product\/yoast-seo-wordpress\/ -->\n<title>Conspiracy Ceremony-HYPERSONIC STATES - MARGRET SARA GUDJONSDOTTIR<\/title>\n<meta name=\"robots\" content=\"index, follow, max-snippet:-1, max-image-preview:large, max-video-preview:-1\" \/>\n<link rel=\"canonical\" href=\"https:\/\/msgudjonsdottir.com\/index.php\/conspiracy-ceremony-hypersonic-states-2017\/\" \/>\n<meta property=\"og:locale\" content=\"en_US\" \/>\n<meta property=\"og:type\" content=\"article\" \/>\n<meta property=\"og:title\" content=\"Conspiracy Ceremony-HYPERSONIC STATES - MARGRET SARA GUDJONSDOTTIR\" \/>\n<meta property=\"og:description\" content=\"Conspiracy Ceremony-HYPERSONIC STATES\u00a0&nbsp; Synopsis &amp; credits &nbsp; A symphony of pathologies, sentiments, and physical states originating in the personal emotional body are on display in this latest work by Icelandic choreographer Margr\u00e9t Sara Gudj\u00f3nsd\u00f3ttir. Emotions rush through these bodies without filters. The viewer experiences extreme and at times painfully private states. Portraying the anonymous multitude, [&hellip;]\" \/>\n<meta property=\"og:url\" content=\"https:\/\/msgudjonsdottir.com\/index.php\/conspiracy-ceremony-hypersonic-states-2017\/\" \/>\n<meta property=\"og:site_name\" content=\"MARGRET SARA GUDJONSDOTTIR\" \/>\n<meta property=\"article:modified_time\" content=\"2023-09-18T12:59:19+00:00\" \/>\n<meta name=\"twitter:card\" content=\"summary_large_image\" \/>\n<meta name=\"twitter:label1\" content=\"Est. reading time\" \/>\n\t<meta name=\"twitter:data1\" content=\"3 minutes\" \/>\n<script type=\"application\/ld+json\" class=\"yoast-schema-graph\">{\"@context\":\"https:\\\/\\\/schema.org\",\"@graph\":[{\"@type\":\"WebPage\",\"@id\":\"https:\\\/\\\/msgudjonsdottir.com\\\/index.php\\\/conspiracy-ceremony-hypersonic-states-2017\\\/\",\"url\":\"https:\\\/\\\/msgudjonsdottir.com\\\/index.php\\\/conspiracy-ceremony-hypersonic-states-2017\\\/\",\"name\":\"Conspiracy Ceremony-HYPERSONIC STATES - MARGRET SARA GUDJONSDOTTIR\",\"isPartOf\":{\"@id\":\"https:\\\/\\\/msgudjonsdottir.com\\\/#website\"},\"datePublished\":\"2020-07-30T10:50:34+00:00\",\"dateModified\":\"2023-09-18T12:59:19+00:00\",\"breadcrumb\":{\"@id\":\"https:\\\/\\\/msgudjonsdottir.com\\\/index.php\\\/conspiracy-ceremony-hypersonic-states-2017\\\/#breadcrumb\"},\"inLanguage\":\"en-US\",\"potentialAction\":[{\"@type\":\"ReadAction\",\"target\":[\"https:\\\/\\\/msgudjonsdottir.com\\\/index.php\\\/conspiracy-ceremony-hypersonic-states-2017\\\/\"]}]},{\"@type\":\"BreadcrumbList\",\"@id\":\"https:\\\/\\\/msgudjonsdottir.com\\\/index.php\\\/conspiracy-ceremony-hypersonic-states-2017\\\/#breadcrumb\",\"itemListElement\":[{\"@type\":\"ListItem\",\"position\":1,\"name\":\"Home\",\"item\":\"https:\\\/\\\/msgudjonsdottir.com\\\/\"},{\"@type\":\"ListItem\",\"position\":2,\"name\":\"Conspiracy Ceremony-HYPERSONIC STATES\"}]},{\"@type\":\"WebSite\",\"@id\":\"https:\\\/\\\/msgudjonsdottir.com\\\/#website\",\"url\":\"https:\\\/\\\/msgudjonsdottir.com\\\/\",\"name\":\"MARGRET SARA GUDJONSDOTTIR\",\"description\":\"\",\"publisher\":{\"@id\":\"https:\\\/\\\/msgudjonsdottir.com\\\/#organization\"},\"potentialAction\":[{\"@type\":\"SearchAction\",\"target\":{\"@type\":\"EntryPoint\",\"urlTemplate\":\"https:\\\/\\\/msgudjonsdottir.com\\\/?s={search_term_string}\"},\"query-input\":{\"@type\":\"PropertyValueSpecification\",\"valueRequired\":true,\"valueName\":\"search_term_string\"}}],\"inLanguage\":\"en-US\"},{\"@type\":\"Organization\",\"@id\":\"https:\\\/\\\/msgudjonsdottir.com\\\/#organization\",\"name\":\"MARGRET SARA GUDJONSDOTTIR\",\"url\":\"https:\\\/\\\/msgudjonsdottir.com\\\/\",\"logo\":{\"@type\":\"ImageObject\",\"inLanguage\":\"en-US\",\"@id\":\"https:\\\/\\\/msgudjonsdottir.com\\\/#\\\/schema\\\/logo\\\/image\\\/\",\"url\":\"https:\\\/\\\/msgudjonsdottir.com\\\/wp-content\\\/uploads\\\/2020\\\/06\\\/msg.png\",\"contentUrl\":\"https:\\\/\\\/msgudjonsdottir.com\\\/wp-content\\\/uploads\\\/2020\\\/06\\\/msg.png\",\"width\":551,\"height\":90,\"caption\":\"MARGRET SARA GUDJONSDOTTIR\"},\"image\":{\"@id\":\"https:\\\/\\\/msgudjonsdottir.com\\\/#\\\/schema\\\/logo\\\/image\\\/\"}}]}<\/script>\n<!-- \/ Yoast SEO plugin. -->","yoast_head_json":{"title":"Conspiracy Ceremony-HYPERSONIC STATES - MARGRET SARA GUDJONSDOTTIR","robots":{"index":"index","follow":"follow","max-snippet":"max-snippet:-1","max-image-preview":"max-image-preview:large","max-video-preview":"max-video-preview:-1"},"canonical":"https:\/\/msgudjonsdottir.com\/index.php\/conspiracy-ceremony-hypersonic-states-2017\/","og_locale":"en_US","og_type":"article","og_title":"Conspiracy Ceremony-HYPERSONIC STATES - MARGRET SARA GUDJONSDOTTIR","og_description":"Conspiracy Ceremony-HYPERSONIC STATES\u00a0&nbsp; Synopsis &amp; credits &nbsp; A symphony of pathologies, sentiments, and physical states originating in the personal emotional body are on display in this latest work by Icelandic choreographer Margr\u00e9t Sara Gudj\u00f3nsd\u00f3ttir. Emotions rush through these bodies without filters. The viewer experiences extreme and at times painfully private states. Portraying the anonymous multitude, [&hellip;]","og_url":"https:\/\/msgudjonsdottir.com\/index.php\/conspiracy-ceremony-hypersonic-states-2017\/","og_site_name":"MARGRET SARA GUDJONSDOTTIR","article_modified_time":"2023-09-18T12:59:19+00:00","twitter_card":"summary_large_image","twitter_misc":{"Est. reading time":"3 minutes"},"schema":{"@context":"https:\/\/schema.org","@graph":[{"@type":"WebPage","@id":"https:\/\/msgudjonsdottir.com\/index.php\/conspiracy-ceremony-hypersonic-states-2017\/","url":"https:\/\/msgudjonsdottir.com\/index.php\/conspiracy-ceremony-hypersonic-states-2017\/","name":"Conspiracy Ceremony-HYPERSONIC STATES - MARGRET SARA GUDJONSDOTTIR","isPartOf":{"@id":"https:\/\/msgudjonsdottir.com\/#website"},"datePublished":"2020-07-30T10:50:34+00:00","dateModified":"2023-09-18T12:59:19+00:00","breadcrumb":{"@id":"https:\/\/msgudjonsdottir.com\/index.php\/conspiracy-ceremony-hypersonic-states-2017\/#breadcrumb"},"inLanguage":"en-US","potentialAction":[{"@type":"ReadAction","target":["https:\/\/msgudjonsdottir.com\/index.php\/conspiracy-ceremony-hypersonic-states-2017\/"]}]},{"@type":"BreadcrumbList","@id":"https:\/\/msgudjonsdottir.com\/index.php\/conspiracy-ceremony-hypersonic-states-2017\/#breadcrumb","itemListElement":[{"@type":"ListItem","position":1,"name":"Home","item":"https:\/\/msgudjonsdottir.com\/"},{"@type":"ListItem","position":2,"name":"Conspiracy Ceremony-HYPERSONIC STATES"}]},{"@type":"WebSite","@id":"https:\/\/msgudjonsdottir.com\/#website","url":"https:\/\/msgudjonsdottir.com\/","name":"MARGRET SARA GUDJONSDOTTIR","description":"","publisher":{"@id":"https:\/\/msgudjonsdottir.com\/#organization"},"potentialAction":[{"@type":"SearchAction","target":{"@type":"EntryPoint","urlTemplate":"https:\/\/msgudjonsdottir.com\/?s={search_term_string}"},"query-input":{"@type":"PropertyValueSpecification","valueRequired":true,"valueName":"search_term_string"}}],"inLanguage":"en-US"},{"@type":"Organization","@id":"https:\/\/msgudjonsdottir.com\/#organization","name":"MARGRET SARA GUDJONSDOTTIR","url":"https:\/\/msgudjonsdottir.com\/","logo":{"@type":"ImageObject","inLanguage":"en-US","@id":"https:\/\/msgudjonsdottir.com\/#\/schema\/logo\/image\/","url":"https:\/\/msgudjonsdottir.com\/wp-content\/uploads\/2020\/06\/msg.png","contentUrl":"https:\/\/msgudjonsdottir.com\/wp-content\/uploads\/2020\/06\/msg.png","width":551,"height":90,"caption":"MARGRET SARA GUDJONSDOTTIR"},"image":{"@id":"https:\/\/msgudjonsdottir.com\/#\/schema\/logo\/image\/"}}]}},"_links":{"self":[{"href":"https:\/\/msgudjonsdottir.com\/index.php\/wp-json\/wp\/v2\/pages\/305","targetHints":{"allow":["GET"]}}],"collection":[{"href":"https:\/\/msgudjonsdottir.com\/index.php\/wp-json\/wp\/v2\/pages"}],"about":[{"href":"https:\/\/msgudjonsdottir.com\/index.php\/wp-json\/wp\/v2\/types\/page"}],"author":[{"embeddable":true,"href":"https:\/\/msgudjonsdottir.com\/index.php\/wp-json\/wp\/v2\/users\/1"}],"replies":[{"embeddable":true,"href":"https:\/\/msgudjonsdottir.com\/index.php\/wp-json\/wp\/v2\/comments?post=305"}],"version-history":[{"count":42,"href":"https:\/\/msgudjonsdottir.com\/index.php\/wp-json\/wp\/v2\/pages\/305\/revisions"}],"predecessor-version":[{"id":2212,"href":"https:\/\/msgudjonsdottir.com\/index.php\/wp-json\/wp\/v2\/pages\/305\/revisions\/2212"}],"wp:attachment":[{"href":"https:\/\/msgudjonsdottir.com\/index.php\/wp-json\/wp\/v2\/media?parent=305"}],"curies":[{"name":"wp","href":"https:\/\/api.w.org\/{rel}","templated":true}]}}