{"id":306,"date":"2020-07-30T12:55:40","date_gmt":"2020-07-30T10:55:40","guid":{"rendered":"https:\/\/msgudjonsdottir.com\/?page_id=306"},"modified":"2023-09-18T15:04:38","modified_gmt":"2023-09-18T13:04:38","slug":"variations-on-closer-2012","status":"publish","type":"page","link":"https:\/\/msgudjonsdottir.com\/index.php\/variations-on-closer-2012\/","title":{"rendered":"VARIATIONS ON CLOSER"},"content":{"rendered":"<p>[et_pb_section fb_built=&#8221;1&#8243; admin_label=&#8221;PERFORMANCES&#8221; _builder_version=&#8221;4.16&#8243; background_color=&#8221;#ece9ea&#8221; global_colors_info=&#8221;{}&#8221;][et_pb_row admin_label=&#8221;Variations on Closer(2012&#8243; _builder_version=&#8221;4.16&#8243; global_colors_info=&#8221;{}&#8221;][et_pb_column type=&#8221;4_4&#8243; _builder_version=&#8221;4.16&#8243; global_colors_info=&#8221;{}&#8221;][et_pb_text admin_label=&#8221;Variations on Closer(2012)&#8221; _builder_version=&#8221;4.16&#8243; text_font=&#8221;Dosis||||||||&#8221; text_text_color=&#8221;#8e8e8e&#8221; header_font=&#8221;|||on|||||&#8221; header_text_align=&#8221;center&#8221; header_text_color=&#8221;#595758&#8243; header_2_font=&#8221;|||on|||||&#8221; header_2_text_align=&#8221;center&#8221; header_2_text_color=&#8221;#777777&#8243; header_3_font=&#8221;Dosis||||||||&#8221; header_3_text_color=&#8221;#000000&#8243; text_orientation=&#8221;justified&#8221; custom_margin=&#8221;|150px||150px|false|false&#8221; custom_margin_tablet=&#8221;|80px||80px|false|false&#8221; custom_margin_phone=&#8221;|15px||15px|false|false&#8221; custom_margin_last_edited=&#8221;on|phone&#8221; global_colors_info=&#8221;{}&#8221;]<\/p>\n<div class=\"page\" title=\"Page 3\">\n<div class=\"layoutArea\">\n<div class=\"column\">\n<h2><strong>Variations on Closer<\/strong><\/h2>\n<\/div>\n<\/div>\n<\/div>\n<p>[\/et_pb_text][et_pb_image src=&#8221;https:\/\/msgudjonsdottir.com\/wp-content\/uploads\/2020\/06\/Variations-on-Closer.jpg&#8221; title_text=&#8221;Variations-on-Closer&#8221; align=&#8221;center&#8221; _builder_version=&#8221;4.16&#8243; _module_preset=&#8221;default&#8221; animation_style=&#8221;fade&#8221; animation_duration=&#8221;2000ms&#8221; global_colors_info=&#8221;{}&#8221;][\/et_pb_image][et_pb_text admin_label=&#8221;Variations on Closer(2012)&#8221; _builder_version=&#8221;4.16&#8243; text_font=&#8221;Dosis||||||||&#8221; text_text_color=&#8221;#8e8e8e&#8221; header_text_align=&#8221;center&#8221; header_text_color=&#8221;#595758&#8243; header_3_font=&#8221;Dosis||||||||&#8221; header_3_text_color=&#8221;#000000&#8243; text_orientation=&#8221;justified&#8221; custom_margin=&#8221;|150px||150px|false|false&#8221; custom_margin_tablet=&#8221;|80px||80px|false|false&#8221; custom_margin_phone=&#8221;|15px||15px|false|false&#8221; custom_margin_last_edited=&#8221;on|phone&#8221; global_colors_info=&#8221;{}&#8221;]<\/p>\n<h2><span style=\"font-size: 16px;\">\u00a0<\/span><\/h2>\n<div class=\"page\" title=\"Page 3\">\n<div class=\"layoutArea\">\n<div class=\"column\">\n<h3 class=\"p1\"><span class=\"s1\"><b>Synopsis &amp; credits<\/b><\/span><\/h3>\n<p>&nbsp;<\/p>\n<\/div>\n<\/div>\n<\/div>\n<p>In Variations on Closer different variations of closeness between an individual and his observers is investigated. The audience\u00a0are challenged by 3 female performers, whom extensively conceal and reveal them to the limited perception of themselves. Offering them their expertise in manipulation and representation of performative stunts. Confusing, un arming and seducing the audience into their own disorienting reality. The observers and performers alike are offered a chance to renegotiate their feelings associated with living outside one&#8217;s own body as well as living through the bodies of others and\u00a0are confronted with the role of their own gaze and their ever shifting feelings of empathy, attraction, intimacy and alienation.\u00a0The soundtrack was created by music maker Peter Rehberg (PITA).<\/p>\n<p><b>Concept\/direction\/choreography<\/b>: Margr\u00e9t Sara Gudj\u00f3nsd\u00f3ttir\/<b>Performers\/choreography<\/b>: Laura Siegmund, Marie Ursin\/Johanna Chemnitz, Angela Schubot\/<b>Sound<\/b>: Peter Rehberg;\u00a0original composed sound track by Peter Rehberg with an excerpt from an additional track titled Mannhattan\/ Eagle Rock by Pocahaunted from the album Live From The New Age\/<b>Photo:<\/b> Tom Akinleminu, painting by Marion Bataillard\/<b>Co-production:\u00a0<\/b>MDT<span class=\"Apple-converted-space\">\u00a0<\/span>Stockholm (SE), RAS kulturhus Sandnes(NO), Les Grandes Traversees festival Bordeaux (FR)\/<b>Residency support:<span class=\"Apple-converted-space\">\u00a0<\/span><\/b>WP Zimmer Antwerpen (BE), Sommer.bar \u2013Tanz im august Berlin (GE), Barneys Crossing Cologne (GE)\/<b>Special thanks to<\/b>: Sonia Franken, Eike Siegmund,<span class=\"Apple-converted-space\">\u00a0 <\/span>Anja R\u00f6ttgerkamp, Andrea Lutz\/Ashtanga Studio Berlin, Jared and Angela productions<i>, <\/i>jill Emerson(SMC)<i>, <\/i>Gotische saal Berlin, Benjamin Schalike, Thomas Schaupp.<\/p>\n<p>&nbsp;<\/p>\n<p>&nbsp;<\/p>\n<h3 class=\"p1\"><span class=\"s1\"><b>Reviews<\/b><\/span><\/h3>\n<p>&nbsp;<\/p>\n<div class=\"page\" title=\"Page 2\">\n<div class=\"layoutArea\">\n<div class=\"column\">\n<div class=\"page\" title=\"Page 3\">\n<div class=\"layoutArea\">\n<div class=\"column\">\n<p>&#8220;Choreographers have tried in a variety of ways to challenge the traditional relationship between spectator and performer since the radical re-workings of dance in the sixties. Icelandic choreographer Margre\u0301t Sara Gu\u00f0jo\u0301nsdo\u0301ttir continues in the spirit of these liberating experiments with her piece,Variations on Closer. Her work features three highly individualistic looking women, minimalistic dance and experimental, electronic music by Peter Rehberg which becomes another distinct presence on stage. The performers confront the gaze of the audience and manage to expose each one of us as much as they expose themselves. Their powerful command of the gaze deflects ours and becomes a shield to protect their vulnerability&#8230;Variations on Closer is hard work. You are implicated in the performance, you cant hide in your seat. You dont get any closer to the protagonists. However it is effective in that it presents women performers who take control and empower themselves not through theatrical devices but through the gaze&#8230;The performers confront the gaze of the audience and manage to expose each one of us as much as they expose themselves. Their powerful command of the gaze deflects ours and becomes a shield to protect their vulnerability.<\/p>\n<p><em>Josephine Leask,The Dance Insider, London, 3rd of October 2014<\/em><\/p>\n<p>&nbsp;<\/p>\n<\/div>\n<h3><strong>Trailer<\/strong><\/h3>\n<div class=\"column\">\u00a0<\/div>\n<\/div>\n<\/div>\n<\/div>\n<\/div>\n<\/div>\n<p>[\/et_pb_text][et_pb_video src=&#8221;https:\/\/msgudjonsdottir.com\/videosweb\/TRAILER_VOC.mp4&#8243; src_webm=&#8221;https:\/\/msgudjonsdottir.com\/videosweb\/TRAILER_VOC.mp4&#8243; image_src=&#8221;https:\/\/msgudjonsdottir.com\/wp-content\/uploads\/2021\/08\/visual-VOC-trailer.jpg&#8221; thumbnail_overlay_color=&#8221;rgba(0,0,0,0.6)&#8221; _builder_version=&#8221;4.22.1&#8243; custom_margin=&#8221;|100px||100px|false|false&#8221; custom_margin_tablet=&#8221;|80px||80px|false|false&#8221; custom_margin_phone=&#8221;|10px||10px|false|false&#8221; custom_margin_last_edited=&#8221;on|phone&#8221; hover_enabled=&#8221;0&#8243; global_colors_info=&#8221;{}&#8221; sticky_enabled=&#8221;0&#8243;][\/et_pb_video][et_pb_text admin_label=&#8221;Variations on Closer(2012)&#8221; _builder_version=&#8221;4.16&#8243; text_font=&#8221;Dosis||||||||&#8221; text_text_color=&#8221;#8e8e8e&#8221; header_text_align=&#8221;center&#8221; header_text_color=&#8221;#595758&#8243; header_3_font=&#8221;Dosis||||||||&#8221; header_3_text_color=&#8221;#000000&#8243; text_orientation=&#8221;justified&#8221; custom_margin=&#8221;|150px||150px|false|false&#8221; custom_margin_tablet=&#8221;|80px||80px|false|false&#8221; custom_margin_phone=&#8221;|15px||15px|false|false&#8221; custom_margin_last_edited=&#8221;on|phone&#8221; global_colors_info=&#8221;{}&#8221;]<\/p>\n<div class=\"page\" title=\"Page 2\">\n<div class=\"layoutArea\">\n<div class=\"column\">\n<div class=\"page\" title=\"Page 3\">\n<div class=\"layoutArea\">\n<div class=\"column\">\n<p>&nbsp;<\/p>\n<\/div>\n<h3><strong>Full performance &#8211; photos<\/strong><\/h3>\n<div class=\"column\">\u00a0<\/div>\n<\/div>\n<\/div>\n<\/div>\n<\/div>\n<\/div>\n<p>[\/et_pb_text][et_pb_video src=&#8221;https:\/\/msgudjonsdottir.com\/videosweb\/VARIATIONS%20ON%20CLOSER.mp4&#8243; src_webm=&#8221;https:\/\/msgudjonsdottir.com\/videosweb\/VARIATIONS%20ON%20CLOSER.mp4&#8243; image_src=&#8221;https:\/\/msgudjonsdottir.com\/wp-content\/uploads\/2020\/10\/variations.jpg&#8221; thumbnail_overlay_color=&#8221;rgba(0,0,0,0.6)&#8221; _builder_version=&#8221;4.22.1&#8243; custom_margin=&#8221;|100px||100px|false|false&#8221; custom_margin_tablet=&#8221;|80px||80px|false|false&#8221; custom_margin_phone=&#8221;|10px||10px|false|false&#8221; custom_margin_last_edited=&#8221;on|phone&#8221; hover_enabled=&#8221;0&#8243; global_colors_info=&#8221;{}&#8221; sticky_enabled=&#8221;0&#8243;][\/et_pb_video][et_pb_gallery gallery_ids=&#8221;550,552,553,554,551&#8243; fullwidth=&#8221;on&#8221; _builder_version=&#8221;4.16&#8243; _module_preset=&#8221;default&#8221; global_colors_info=&#8221;{}&#8221;][\/et_pb_gallery][\/et_pb_column][\/et_pb_row][\/et_pb_section]<\/p>\n","protected":false},"excerpt":{"rendered":"<p>Variations on Closer \u00a0 Synopsis &amp; credits &nbsp; In Variations on Closer different variations of closeness between an individual and his observers is investigated. The audience\u00a0are challenged by 3 female performers, whom extensively conceal and reveal them to the limited perception of themselves. Offering them their expertise in manipulation and representation of performative stunts. Confusing, [&hellip;]<\/p>\n","protected":false},"author":1,"featured_media":0,"parent":0,"menu_order":0,"comment_status":"closed","ping_status":"open","template":"","meta":{"_et_pb_use_builder":"on","_et_pb_old_content":"<!-- wp:paragraph -->\r\n<p>Ceci est une page d\u2019exemple. C\u2019est diff\u00e9rent d\u2019un article de blog parce qu\u2019elle restera au m\u00eame endroit et appara\u00eetra dans la navigation de votre site (dans la plupart des th\u00e8mes). La plupart des gens commencent par une page \u00ab\u00a0\u00c0 propos\u00a0\u00bb qui les pr\u00e9sente aux visiteurs du site. Cela pourrait ressembler \u00e0 quelque chose comme cela\u00a0:<\/p>\r\n<!-- \/wp:paragraph --><!-- wp:quote -->\r\n<blockquote class=\"wp-block-quote\">\r\n<p>Bonjour\u00a0! Je suis un m\u00e9canicien qui aspire \u00e0 devenir acteur, et voici mon site. J\u2019habite \u00e0 Bordeaux, j\u2019ai un super chien baptis\u00e9 Russell, et j\u2019aime la vodka-ananas (ainsi qu\u2019\u00eatre surpris par la pluie soudaine lors de longues balades sur la plage au coucher du soleil).<\/p>\r\n<\/blockquote>\r\n<!-- \/wp:quote --><!-- wp:paragraph -->\r\n<p>... ou quelque chose comme cela\u00a0:<\/p>\r\n<!-- \/wp:paragraph --><!-- wp:quote -->\r\n<blockquote class=\"wp-block-quote\">\r\n<p>La soci\u00e9t\u00e9 123 Machin Truc a \u00e9t\u00e9 cr\u00e9\u00e9e en 1971, et n\u2019a cess\u00e9 de proposer au public des machins-trucs de qualit\u00e9 depuis lors. Situ\u00e9e \u00e0 Saint-Remy-en-Bouzemont-Saint-Genest-et-Isson, 123 Machin Truc emploie 2 000 personnes, et fabrique toutes sortes de bidules super pour la communaut\u00e9 bouzemontoise.<\/p>\r\n<\/blockquote>\r\n<!-- \/wp:quote --><!-- wp:paragraph -->\r\n<p>En tant que nouvel\u00b7le utilisateur ou utilisatrice de WordPress, vous devriez vous rendre sur <a href=\"http:\/\/msgudjonsdottir.com\/wp-admin\/\">votre tableau de bord<\/a> pour supprimer cette page et cr\u00e9er de nouvelles pages pour votre contenu. Amusez-vous bien\u00a0!<\/p>\r\n<!-- \/wp:paragraph -->","_et_gb_content_width":"","footnotes":""},"class_list":["post-306","page","type-page","status-publish","hentry"],"yoast_head":"<!-- This site is optimized with the Yoast SEO plugin v24.9 - https:\/\/yoast.com\/wordpress\/plugins\/seo\/ -->\n<title>VARIATIONS ON CLOSER - MARGRET SARA GUDJONSDOTTIR<\/title>\n<meta name=\"robots\" content=\"index, follow, max-snippet:-1, max-image-preview:large, max-video-preview:-1\" \/>\n<link rel=\"canonical\" href=\"https:\/\/msgudjonsdottir.com\/index.php\/variations-on-closer-2012\/\" \/>\n<meta property=\"og:locale\" content=\"en_US\" \/>\n<meta property=\"og:type\" content=\"article\" \/>\n<meta property=\"og:title\" content=\"VARIATIONS ON CLOSER - MARGRET SARA GUDJONSDOTTIR\" \/>\n<meta property=\"og:description\" content=\"Variations on Closer \u00a0 Synopsis &amp; credits &nbsp; In Variations on Closer different variations of closeness between an individual and his observers is investigated. The audience\u00a0are challenged by 3 female performers, whom extensively conceal and reveal them to the limited perception of themselves. Offering them their expertise in manipulation and representation of performative stunts. Confusing, [&hellip;]\" \/>\n<meta property=\"og:url\" content=\"https:\/\/msgudjonsdottir.com\/index.php\/variations-on-closer-2012\/\" \/>\n<meta property=\"og:site_name\" content=\"MARGRET SARA GUDJONSDOTTIR\" \/>\n<meta property=\"article:modified_time\" content=\"2023-09-18T13:04:38+00:00\" \/>\n<meta name=\"twitter:card\" content=\"summary_large_image\" \/>\n<meta name=\"twitter:label1\" content=\"Est. reading time\" \/>\n\t<meta name=\"twitter:data1\" content=\"3 minutes\" \/>\n<script type=\"application\/ld+json\" class=\"yoast-schema-graph\">{\"@context\":\"https:\/\/schema.org\",\"@graph\":[{\"@type\":\"WebPage\",\"@id\":\"https:\/\/msgudjonsdottir.com\/index.php\/variations-on-closer-2012\/\",\"url\":\"https:\/\/msgudjonsdottir.com\/index.php\/variations-on-closer-2012\/\",\"name\":\"VARIATIONS ON CLOSER - MARGRET SARA GUDJONSDOTTIR\",\"isPartOf\":{\"@id\":\"https:\/\/msgudjonsdottir.com\/#website\"},\"datePublished\":\"2020-07-30T10:55:40+00:00\",\"dateModified\":\"2023-09-18T13:04:38+00:00\",\"breadcrumb\":{\"@id\":\"https:\/\/msgudjonsdottir.com\/index.php\/variations-on-closer-2012\/#breadcrumb\"},\"inLanguage\":\"en-US\",\"potentialAction\":[{\"@type\":\"ReadAction\",\"target\":[\"https:\/\/msgudjonsdottir.com\/index.php\/variations-on-closer-2012\/\"]}]},{\"@type\":\"BreadcrumbList\",\"@id\":\"https:\/\/msgudjonsdottir.com\/index.php\/variations-on-closer-2012\/#breadcrumb\",\"itemListElement\":[{\"@type\":\"ListItem\",\"position\":1,\"name\":\"Home\",\"item\":\"https:\/\/msgudjonsdottir.com\/\"},{\"@type\":\"ListItem\",\"position\":2,\"name\":\"VARIATIONS ON CLOSER\"}]},{\"@type\":\"WebSite\",\"@id\":\"https:\/\/msgudjonsdottir.com\/#website\",\"url\":\"https:\/\/msgudjonsdottir.com\/\",\"name\":\"MARGRET SARA GUDJONSDOTTIR\",\"description\":\"\",\"publisher\":{\"@id\":\"https:\/\/msgudjonsdottir.com\/#organization\"},\"potentialAction\":[{\"@type\":\"SearchAction\",\"target\":{\"@type\":\"EntryPoint\",\"urlTemplate\":\"https:\/\/msgudjonsdottir.com\/?s={search_term_string}\"},\"query-input\":{\"@type\":\"PropertyValueSpecification\",\"valueRequired\":true,\"valueName\":\"search_term_string\"}}],\"inLanguage\":\"en-US\"},{\"@type\":\"Organization\",\"@id\":\"https:\/\/msgudjonsdottir.com\/#organization\",\"name\":\"MARGRET SARA GUDJONSDOTTIR\",\"url\":\"https:\/\/msgudjonsdottir.com\/\",\"logo\":{\"@type\":\"ImageObject\",\"inLanguage\":\"en-US\",\"@id\":\"https:\/\/msgudjonsdottir.com\/#\/schema\/logo\/image\/\",\"url\":\"https:\/\/msgudjonsdottir.com\/wp-content\/uploads\/2020\/06\/msg.png\",\"contentUrl\":\"https:\/\/msgudjonsdottir.com\/wp-content\/uploads\/2020\/06\/msg.png\",\"width\":551,\"height\":90,\"caption\":\"MARGRET SARA GUDJONSDOTTIR\"},\"image\":{\"@id\":\"https:\/\/msgudjonsdottir.com\/#\/schema\/logo\/image\/\"}}]}<\/script>\n<!-- \/ Yoast SEO plugin. -->","yoast_head_json":{"title":"VARIATIONS ON CLOSER - MARGRET SARA GUDJONSDOTTIR","robots":{"index":"index","follow":"follow","max-snippet":"max-snippet:-1","max-image-preview":"max-image-preview:large","max-video-preview":"max-video-preview:-1"},"canonical":"https:\/\/msgudjonsdottir.com\/index.php\/variations-on-closer-2012\/","og_locale":"en_US","og_type":"article","og_title":"VARIATIONS ON CLOSER - MARGRET SARA GUDJONSDOTTIR","og_description":"Variations on Closer \u00a0 Synopsis &amp; credits &nbsp; In Variations on Closer different variations of closeness between an individual and his observers is investigated. The audience\u00a0are challenged by 3 female performers, whom extensively conceal and reveal them to the limited perception of themselves. Offering them their expertise in manipulation and representation of performative stunts. Confusing, [&hellip;]","og_url":"https:\/\/msgudjonsdottir.com\/index.php\/variations-on-closer-2012\/","og_site_name":"MARGRET SARA GUDJONSDOTTIR","article_modified_time":"2023-09-18T13:04:38+00:00","twitter_card":"summary_large_image","twitter_misc":{"Est. reading time":"3 minutes"},"schema":{"@context":"https:\/\/schema.org","@graph":[{"@type":"WebPage","@id":"https:\/\/msgudjonsdottir.com\/index.php\/variations-on-closer-2012\/","url":"https:\/\/msgudjonsdottir.com\/index.php\/variations-on-closer-2012\/","name":"VARIATIONS ON CLOSER - MARGRET SARA GUDJONSDOTTIR","isPartOf":{"@id":"https:\/\/msgudjonsdottir.com\/#website"},"datePublished":"2020-07-30T10:55:40+00:00","dateModified":"2023-09-18T13:04:38+00:00","breadcrumb":{"@id":"https:\/\/msgudjonsdottir.com\/index.php\/variations-on-closer-2012\/#breadcrumb"},"inLanguage":"en-US","potentialAction":[{"@type":"ReadAction","target":["https:\/\/msgudjonsdottir.com\/index.php\/variations-on-closer-2012\/"]}]},{"@type":"BreadcrumbList","@id":"https:\/\/msgudjonsdottir.com\/index.php\/variations-on-closer-2012\/#breadcrumb","itemListElement":[{"@type":"ListItem","position":1,"name":"Home","item":"https:\/\/msgudjonsdottir.com\/"},{"@type":"ListItem","position":2,"name":"VARIATIONS ON CLOSER"}]},{"@type":"WebSite","@id":"https:\/\/msgudjonsdottir.com\/#website","url":"https:\/\/msgudjonsdottir.com\/","name":"MARGRET SARA GUDJONSDOTTIR","description":"","publisher":{"@id":"https:\/\/msgudjonsdottir.com\/#organization"},"potentialAction":[{"@type":"SearchAction","target":{"@type":"EntryPoint","urlTemplate":"https:\/\/msgudjonsdottir.com\/?s={search_term_string}"},"query-input":{"@type":"PropertyValueSpecification","valueRequired":true,"valueName":"search_term_string"}}],"inLanguage":"en-US"},{"@type":"Organization","@id":"https:\/\/msgudjonsdottir.com\/#organization","name":"MARGRET SARA GUDJONSDOTTIR","url":"https:\/\/msgudjonsdottir.com\/","logo":{"@type":"ImageObject","inLanguage":"en-US","@id":"https:\/\/msgudjonsdottir.com\/#\/schema\/logo\/image\/","url":"https:\/\/msgudjonsdottir.com\/wp-content\/uploads\/2020\/06\/msg.png","contentUrl":"https:\/\/msgudjonsdottir.com\/wp-content\/uploads\/2020\/06\/msg.png","width":551,"height":90,"caption":"MARGRET SARA GUDJONSDOTTIR"},"image":{"@id":"https:\/\/msgudjonsdottir.com\/#\/schema\/logo\/image\/"}}]}},"_links":{"self":[{"href":"https:\/\/msgudjonsdottir.com\/index.php\/wp-json\/wp\/v2\/pages\/306","targetHints":{"allow":["GET"]}}],"collection":[{"href":"https:\/\/msgudjonsdottir.com\/index.php\/wp-json\/wp\/v2\/pages"}],"about":[{"href":"https:\/\/msgudjonsdottir.com\/index.php\/wp-json\/wp\/v2\/types\/page"}],"author":[{"embeddable":true,"href":"https:\/\/msgudjonsdottir.com\/index.php\/wp-json\/wp\/v2\/users\/1"}],"replies":[{"embeddable":true,"href":"https:\/\/msgudjonsdottir.com\/index.php\/wp-json\/wp\/v2\/comments?post=306"}],"version-history":[{"count":23,"href":"https:\/\/msgudjonsdottir.com\/index.php\/wp-json\/wp\/v2\/pages\/306\/revisions"}],"predecessor-version":[{"id":2760,"href":"https:\/\/msgudjonsdottir.com\/index.php\/wp-json\/wp\/v2\/pages\/306\/revisions\/2760"}],"wp:attachment":[{"href":"https:\/\/msgudjonsdottir.com\/index.php\/wp-json\/wp\/v2\/media?parent=306"}],"curies":[{"name":"wp","href":"https:\/\/api.w.org\/{rel}","templated":true}]}}