{"id":31,"date":"2020-06-11T13:46:23","date_gmt":"2020-06-11T11:46:23","guid":{"rendered":"https:\/\/msgudjonsdottir.com\/?page_id=31"},"modified":"2026-02-14T18:37:57","modified_gmt":"2026-02-14T17:37:57","slug":"about","status":"publish","type":"page","link":"https:\/\/msgudjonsdottir.com\/index.php\/about\/","title":{"rendered":"ABOUT"},"content":{"rendered":"<p>[et_pb_section fb_built=&#8221;1&#8243; fullwidth=&#8221;on&#8221; _builder_version=&#8221;4.16&#8243; background_color=&#8221;#ece9ea&#8221; global_colors_info=&#8221;{}&#8221;][et_pb_fullwidth_header title=&#8221;ABOUT&#8221; admin_label=&#8221;ABOUT : TEXT&#8221; _builder_version=&#8221;4.27.4&#8243; title_font=&#8221;Dosis|700||on|||||&#8221; title_text_align=&#8221;center&#8221; title_text_color=&#8221;#bbbab8&#8243; content_font=&#8221;Dosis|500|||||||&#8221; content_text_align=&#8221;justify&#8221; content_text_color=&#8221;#727272&#8243; subhead_font=&#8221;Dosis|700|||||||&#8221; subhead_text_color=&#8221;#bbbab8&#8243; subhead_font_size=&#8221;20px&#8221; background_color=&#8221;#ece9ea&#8221; background_layout=&#8221;light&#8221; custom_margin_tablet=&#8221;||||false|false&#8221; custom_margin_phone=&#8221;||||false|false&#8221; custom_margin_last_edited=&#8221;on|desktop&#8221; custom_padding=&#8221;0px|||||&#8221; hover_enabled=&#8221;0&#8243; global_colors_info=&#8221;{}&#8221; sticky_enabled=&#8221;0&#8243;]<\/p>\n<p>&nbsp;<\/p>\n<p>&nbsp;<\/p>\n<p><i><span style=\"font-weight: 400;\">&#8220;As a counter proposal to today\u2019s popular culture, my work in its essence aims to go beyond the able, vigorous, high performance and aesthetic body. It acknowledges that sociopolitical large-scale forces influence our health and play a concrete role in how we experience ourselves. Artistically and methodologically I work with expressions of physiological, psychological and emotional realities including archetypal patterns, as well as a phenomenological exploration of our matter. I do that through a dialog with formerly dormant unconscious parts of ourselves using somatic body work. During the working processes we built on my 16-year research into the somatic practice FULL DROP into the body. We have explored altered states of perception relying on the science of deep tissue release towards heightened sense of bodily perception and expanded self-awareness.<\/span><\/i><i><span style=\"font-weight: 400;\">The performers unwind the matter allowing the body to release tension in the depth and in that way to open up and become a vessel for channeling and self-expression beyond the cognitive. We enter into a dialog with generational archives and passed-on trauma patterns and related energetic realities dormant and originating within the cellular body and subconsciousness.\u00a0<\/span><\/i><i><span style=\"font-weight: 400;\">My work in general deals with energetic citizenship. As a choreographer I compose experiences that are meant to vibrate energetically at the core of omnipresent pathological states of embodied beings induced by current and ancient conditioning and transference. When I use the term pathologies I am referring to the practical fact that cells, muscle fibre, bone structures, body alignment, the nervous system-respiratory system-circulatory system-digestive system endocrine system-reproductive system, the connective tissues and flow of various energies within our bodies all reflect our current and former experiences, conditioned patterns, as well as genetic imprint. Including traumatic events from our biographical history which we carry with us in a literal sense.Therefore all internal and animated motorised movements of the body reflect pathological (non-optimal functioning) inner systems and scarred and contracted tissue. <\/span><\/i><i><span style=\"font-weight: 400;\">These embodied pathologies exist in the shadows of what is considered normal life and in conceptual shadows. The audience may be confronted by pathology, but this is done to initiate release and transformation and further cognitive and physical processes on the topic, not to re-traumatise&#8221;.<\/span><\/i><\/p>\n<p>&nbsp;<\/p>\n<p><em>Margr\u00e9t Sara Gu\u00f0j\u00f3nsd\u00f3ttir\u00a0<\/em><br style=\"font-weight: 400;\" \/><br style=\"font-weight: 400;\" \/><\/p>\n<p>&nbsp;<\/p>\n<p>Since 2010, Icelandic choreographer and dancer <b>Margr\u00e9t Sara Gu\u00f0j\u00f3nsd\u00f3ttir<\/b> has developed a long-term artistic research trajectory investigating somatic and psychological sub-worlds accessed through deep tissue release. Rooted in choreographic practice and informed by fascia therapy, her research and choreographic works examines how social, political, and economic forces imprint themselves materially within the body. Over more than a decade, Gu\u00f0j\u00f3nsd\u00f3ttir has articulated what she defines as a <i>politics of intimacy<\/i>: an artistic practice that resists the logics of hyperactivity, productivity, and achievement that characterise neoliberal society, and instead foregrounds de-conditioning, surrender, and heightened bodily awareness as political acts.<\/p>\n<p>At the core of her work lies <b>FULL DROP<\/b>, a somatic practice that enables performers, practitioners, and audiences to access altered bodily and perceptual states\u2014referred to as <b>HYPERSTATES<\/b>. These states facilitate a direct inquiry into the relationship between body and mind, enabling participants to question internalised patterns of movement, thought, and behaviour, and to access expanded agency, perception, and choice. De-conditioning formerly imprinted body memory\u2014understood here as the embodied accumulation of trauma, injury, conditioning, and social control\u2014is approached as both a somatic and feminist act of resistance. From this perspective, the body becomes a site of energetic citizenship, interconnectedness, and critical resonance with the inner and outer social-political body.Through the sustained development of this practice, Gu\u00f0j\u00f3nsd\u00f3ttir has mapped out a new category of performative body language, situated between somatic practice, choreography, and embodied research. This emerging field has been disseminated internationally through performance works, workshops, and theoretical reflection within both artistic and academic contexts. The research has evolved through close collaboration with performers and practitioners<\/p>\n<p><strong>Margr\u00e9t Sara\u00b4s work has shown her work and been supported by numerous platforms and dance organisations across Europe, including:<\/strong><\/p>\n<p><i>Sadlers Wells London<\/i>, <i>Sommerbar\/Tanz im August Berlin<\/i>, <i>Festival Rencontres chor\u00e9ographiques\u00a0 Paris<\/i>, <i>Frascati Amsterdam<\/i>, <i>Kampnagel Hamburg<\/i>, <i>HAU Berlin<\/i>. <i>WUK Vienna<\/i>, <i>Black Box Oslo<\/i>, <i>Julidans Amsterdam<\/i>, <i>Spring dance Utrecht<\/i>, <i>ICI Berlin<\/i>, <i>SAVY contemporary Berlin<\/i>, <i>December Dance Brugge<\/i>, STUK Vienna, <i>Side Step Festival Zodiak Helsinki<\/i>, <i>Imagetanz BRUT Vienna<\/i>, <i>Tramway \u00a0Glasgow<\/i>, <i>Sophiensaile Berlin<\/i>, <i>Spring Dance Utrecht<\/i>, <i>G\u00f6teborg festival Gothenburg<\/i>, <i>MDT Stockholm<\/i>, <i>Dansenshus Stockholm<\/i>, <i>Dansenshus Copenhagen<\/i>, <i>Dansenshus Oslo<\/i>, Dansehallerne Copenhagen, <i>Den Frie Museum Copenhagen<\/i>, <i>Nordwind Festival<\/i>, <i>Design Centre \u00a0Malm\u00f6<\/i>, <i>Atalante Gothenburg<\/i>, <i>Dansstationen Malm\u00f6<\/i>, <i>K\u00fcnstlerhaus Mousonturm Frankfurt<\/i>, <i>ZeitraumExit Mannheim<\/i>, <i>Les Grandes Traversees festival Bordeaux<\/i>, <i>WHY NOT! Festival Amsterdam<\/i>, <i>Tanzoffensive Leipzig<\/i>, <i>Theater De NWE Vorst Tilburg<\/i>, <i>Ballhaus Ost Berlin<\/i>, <i>RDF Reykjav\u00edk<\/i>, <i>L\u00d3KAL Festival Reykjav\u00edk<\/i>, <i>RAS Kulturhus Sandnes<\/i>, <i>ke\u00f0jaMariehamn 2014 \u00c5land Islands<\/i>, <i>ICEHOT festival<\/i>, <i>Spring Forward\u00a0 Aerowaves festival Um\u00e1e<\/i>, <i>Bora Bora Aarhus Jutland<\/i>, <i>Flutgraben Performance Events Berlin<\/i><\/p>\n<p>&nbsp;<\/p>\n<p><em>Wilderness residencies, a project for the Nordic-Baltic contemporary dance community organisation ke\u00f0ja; Life Long Burning co-productions fund, Cullberg Ballet, Stockholm; Aerowaves festival platform England; ICEHOT! Nordic Dance Platform; SLINGAN Swedish Performance Network; Atalante, Gothenburg; Dansstationen, Malm\u00f6; MDT Stockholm; Tanzfabrik Berlin &amp; Advancing Performing Arts Project (APAP) Production Studio Berlin \/ EU Culture Programme; WP Zimmer, Antwerpen, Sommer.bar\u2013Tanz im August,Berlin; Barney\u2019s Crossing,Cologne; Hauptstadtkulturfonds, Berlin;The City Funds of Reykjav\u00edk; Sophiensaele Berlin; Senat department for Culture and Europa, Berlin; BAU Dance and Performance Platform Amsterdam; Brussels Workspace, SAARI residence Myn\u00e4m\u00e4ki Finland; Kutomo theater in Turku Finland; Inter Arts Center (IAC) platform for artistic research and experimentation in Malm\u00f6 Sweden; ICI-Institute for Cultural Inquiry Berlin; Savy Contemporary Berlin, Fonds Darstellende K\u00fcnste with funds from the Federal Government Commissioner for Culture and the Media; Data Society Research Program of Malm\u00f6 University; Inter Arts Centre (IAC); The Ministry of Education, Science and Culture is an Icelandic; Fonds Darstellende K\u00fcnste with funds from the Federal Government Commissioner for Culture and Media within the program NEUSTART KULTUR, Dachverband tanz Deutschland.<\/em><\/p>\n<p>&nbsp;<\/p>\n<p>&nbsp;<\/p>\n<p><em><span class=\"s1\"><strong>Collaborators from 2010 onwards\u00a0<\/strong><\/span><\/em><\/p>\n<p>&nbsp;<\/p>\n<p><span class=\"s1\"><strong>2010-2020<\/strong> collaboration with dancers <strong>Laura Siegmund, Suet-Wan Tsang, Johanna Chemnitz, Angela Schubot, Catherine Jodoin, Louise Dahl, Marie Ursin, Alexandra Tweit, Marie Topp, <\/strong>collaborated and deeply engaged in the work for longer and shorter time during this period.<\/span><\/p>\n<p><span class=\"s1\"><strong>2010-2020 <\/strong>collaboration with composer and director of record label Edition MEGO <strong>Peter Rehberg (PITA), <\/strong>who composed music to all the works created during that time period.\u00a0<\/span><\/p>\n<p><strong>2017- 2024<\/strong> \u00a0<span class=\"s1\">collaboration with <\/span>Phenomenologists <strong>Prof. Susan Kozel <\/strong>at Malm\u00f6 University<strong>, Jeannette Ginslov <\/strong>screen dance maker and<strong> Keith Lim <\/strong>computer scientist. Mixed Media choreographies, artistic research and interdisciplinary mixed media archival project.<\/p>\n<p><span class=\"s1\"><strong>2019- 2022<\/strong> collaboration with visual artist and filmmaker<strong> Hulda R\u00f3s Gu\u00f0nad\u00f3ttir and <\/strong>composer <strong>Gu\u00f0n\u00fd Gu\u00f0mundsd\u00f3ttir\u00a0<\/strong><\/span><\/p>\n<p><strong>2022-23<\/strong> collaboration with musician, writer and performance artist <strong>Esther Mugambi.<\/strong><\/p>\n<p><span class=\"s1\"><strong>2022-2024<\/strong> collaboration with performers <strong>Karolin Ginman, \u00a0Marlon Moilanen\u00a0<\/strong><\/span><\/p>\n<p><span class=\"s1\"><strong>2022-2025<\/strong> collaboration with musician and composer <strong>Lucy Railton.\u00a0<\/strong><\/span><\/p>\n<p><strong>2017-2019 \/ 2024-2026<\/strong> collaboration with choreographer and dancer <strong>Marie Topp.<\/strong><\/p>\n<p>&nbsp;<\/p>\n<p>[\/et_pb_fullwidth_header][\/et_pb_section][et_pb_section fb_built=&#8221;1&#8243; _builder_version=&#8221;4.16&#8243; background_color=&#8221;#ece9ea&#8221; global_colors_info=&#8221;{}&#8221;][et_pb_row _builder_version=&#8221;4.16&#8243; global_colors_info=&#8221;{}&#8221;][et_pb_column type=&#8221;4_4&#8243; _builder_version=&#8221;4.16&#8243; global_colors_info=&#8221;{}&#8221;][\/et_pb_column][\/et_pb_row][\/et_pb_section]<\/p>\n","protected":false},"excerpt":{"rendered":"<p>&nbsp; &nbsp; &#8220;As a counter proposal to today\u2019s popular culture, my work in its essence aims to go beyond the able, vigorous, high performance and aesthetic body. It acknowledges that sociopolitical large-scale forces influence our health and play a concrete role in how we experience ourselves. Artistically and methodologically I work with expressions of physiological, [&hellip;]<\/p>\n","protected":false},"author":1,"featured_media":0,"parent":0,"menu_order":0,"comment_status":"closed","ping_status":"open","template":"","meta":{"_et_pb_use_builder":"on","_et_pb_old_content":"<!-- wp:paragraph -->\r\n<p>Ceci est une page d\u2019exemple. C\u2019est diff\u00e9rent d\u2019un article de blog parce qu\u2019elle restera au m\u00eame endroit et appara\u00eetra dans la navigation de votre site (dans la plupart des th\u00e8mes). La plupart des gens commencent par une page \u00ab\u00a0\u00c0 propos\u00a0\u00bb qui les pr\u00e9sente aux visiteurs du site. Cela pourrait ressembler \u00e0 quelque chose comme cela\u00a0:<\/p>\r\n<!-- \/wp:paragraph --><!-- wp:quote -->\r\n<blockquote class=\"wp-block-quote\">\r\n<p>Bonjour\u00a0! Je suis un m\u00e9canicien qui aspire \u00e0 devenir acteur, et voici mon site. J\u2019habite \u00e0 Bordeaux, j\u2019ai un super chien baptis\u00e9 Russell, et j\u2019aime la vodka-ananas (ainsi qu\u2019\u00eatre surpris par la pluie soudaine lors de longues balades sur la plage au coucher du soleil).<\/p>\r\n<\/blockquote>\r\n<!-- \/wp:quote --><!-- wp:paragraph -->\r\n<p>... ou quelque chose comme cela\u00a0:<\/p>\r\n<!-- \/wp:paragraph --><!-- wp:quote -->\r\n<blockquote class=\"wp-block-quote\">\r\n<p>La soci\u00e9t\u00e9 123 Machin Truc a \u00e9t\u00e9 cr\u00e9\u00e9e en 1971, et n\u2019a cess\u00e9 de proposer au public des machins-trucs de qualit\u00e9 depuis lors. Situ\u00e9e \u00e0 Saint-Remy-en-Bouzemont-Saint-Genest-et-Isson, 123 Machin Truc emploie 2 000 personnes, et fabrique toutes sortes de bidules super pour la communaut\u00e9 bouzemontoise.<\/p>\r\n<\/blockquote>\r\n<!-- \/wp:quote --><!-- wp:paragraph -->\r\n<p>En tant que nouvel\u00b7le utilisateur ou utilisatrice de WordPress, vous devriez vous rendre sur <a href=\"http:\/\/msgudjonsdottir.com\/wp-admin\/\">votre tableau de bord<\/a> pour supprimer cette page et cr\u00e9er de nouvelles pages pour votre contenu. Amusez-vous bien\u00a0!<\/p>\r\n<!-- \/wp:paragraph -->","_et_gb_content_width":"","footnotes":""},"class_list":["post-31","page","type-page","status-publish","hentry"],"yoast_head":"<!-- This site is optimized with the Yoast SEO plugin v27.4 - https:\/\/yoast.com\/product\/yoast-seo-wordpress\/ -->\n<title>ABOUT - MARGRET SARA GUDJONSDOTTIR<\/title>\n<meta name=\"robots\" content=\"index, follow, max-snippet:-1, max-image-preview:large, max-video-preview:-1\" \/>\n<link rel=\"canonical\" href=\"https:\/\/msgudjonsdottir.com\/index.php\/about\/\" \/>\n<meta property=\"og:locale\" content=\"en_US\" \/>\n<meta property=\"og:type\" content=\"article\" \/>\n<meta property=\"og:title\" content=\"ABOUT - MARGRET SARA GUDJONSDOTTIR\" \/>\n<meta property=\"og:description\" content=\"&nbsp; &nbsp; &quot;As a counter proposal to today\u2019s popular culture, my work in its essence aims to go beyond the able, vigorous, high performance and aesthetic body. It acknowledges that sociopolitical large-scale forces influence our health and play a concrete role in how we experience ourselves. Artistically and methodologically I work with expressions of physiological, [&hellip;]\" \/>\n<meta property=\"og:url\" content=\"https:\/\/msgudjonsdottir.com\/index.php\/about\/\" \/>\n<meta property=\"og:site_name\" content=\"MARGRET SARA GUDJONSDOTTIR\" \/>\n<meta property=\"article:modified_time\" content=\"2026-02-14T17:37:57+00:00\" \/>\n<meta name=\"twitter:card\" content=\"summary_large_image\" \/>\n<meta name=\"twitter:label1\" content=\"Est. reading time\" \/>\n\t<meta name=\"twitter:data1\" content=\"5 minutes\" \/>\n<script type=\"application\/ld+json\" class=\"yoast-schema-graph\">{\"@context\":\"https:\\\/\\\/schema.org\",\"@graph\":[{\"@type\":\"WebPage\",\"@id\":\"https:\\\/\\\/msgudjonsdottir.com\\\/index.php\\\/about\\\/\",\"url\":\"https:\\\/\\\/msgudjonsdottir.com\\\/index.php\\\/about\\\/\",\"name\":\"ABOUT - MARGRET SARA GUDJONSDOTTIR\",\"isPartOf\":{\"@id\":\"https:\\\/\\\/msgudjonsdottir.com\\\/#website\"},\"datePublished\":\"2020-06-11T11:46:23+00:00\",\"dateModified\":\"2026-02-14T17:37:57+00:00\",\"breadcrumb\":{\"@id\":\"https:\\\/\\\/msgudjonsdottir.com\\\/index.php\\\/about\\\/#breadcrumb\"},\"inLanguage\":\"en-US\",\"potentialAction\":[{\"@type\":\"ReadAction\",\"target\":[\"https:\\\/\\\/msgudjonsdottir.com\\\/index.php\\\/about\\\/\"]}]},{\"@type\":\"BreadcrumbList\",\"@id\":\"https:\\\/\\\/msgudjonsdottir.com\\\/index.php\\\/about\\\/#breadcrumb\",\"itemListElement\":[{\"@type\":\"ListItem\",\"position\":1,\"name\":\"Home\",\"item\":\"https:\\\/\\\/msgudjonsdottir.com\\\/\"},{\"@type\":\"ListItem\",\"position\":2,\"name\":\"ABOUT\"}]},{\"@type\":\"WebSite\",\"@id\":\"https:\\\/\\\/msgudjonsdottir.com\\\/#website\",\"url\":\"https:\\\/\\\/msgudjonsdottir.com\\\/\",\"name\":\"MARGRET SARA GUDJONSDOTTIR\",\"description\":\"\",\"publisher\":{\"@id\":\"https:\\\/\\\/msgudjonsdottir.com\\\/#organization\"},\"potentialAction\":[{\"@type\":\"SearchAction\",\"target\":{\"@type\":\"EntryPoint\",\"urlTemplate\":\"https:\\\/\\\/msgudjonsdottir.com\\\/?s={search_term_string}\"},\"query-input\":{\"@type\":\"PropertyValueSpecification\",\"valueRequired\":true,\"valueName\":\"search_term_string\"}}],\"inLanguage\":\"en-US\"},{\"@type\":\"Organization\",\"@id\":\"https:\\\/\\\/msgudjonsdottir.com\\\/#organization\",\"name\":\"MARGRET SARA GUDJONSDOTTIR\",\"url\":\"https:\\\/\\\/msgudjonsdottir.com\\\/\",\"logo\":{\"@type\":\"ImageObject\",\"inLanguage\":\"en-US\",\"@id\":\"https:\\\/\\\/msgudjonsdottir.com\\\/#\\\/schema\\\/logo\\\/image\\\/\",\"url\":\"https:\\\/\\\/msgudjonsdottir.com\\\/wp-content\\\/uploads\\\/2020\\\/06\\\/msg.png\",\"contentUrl\":\"https:\\\/\\\/msgudjonsdottir.com\\\/wp-content\\\/uploads\\\/2020\\\/06\\\/msg.png\",\"width\":551,\"height\":90,\"caption\":\"MARGRET SARA GUDJONSDOTTIR\"},\"image\":{\"@id\":\"https:\\\/\\\/msgudjonsdottir.com\\\/#\\\/schema\\\/logo\\\/image\\\/\"}}]}<\/script>\n<!-- \/ Yoast SEO plugin. -->","yoast_head_json":{"title":"ABOUT - MARGRET SARA GUDJONSDOTTIR","robots":{"index":"index","follow":"follow","max-snippet":"max-snippet:-1","max-image-preview":"max-image-preview:large","max-video-preview":"max-video-preview:-1"},"canonical":"https:\/\/msgudjonsdottir.com\/index.php\/about\/","og_locale":"en_US","og_type":"article","og_title":"ABOUT - MARGRET SARA GUDJONSDOTTIR","og_description":"&nbsp; &nbsp; \"As a counter proposal to today\u2019s popular culture, my work in its essence aims to go beyond the able, vigorous, high performance and aesthetic body. It acknowledges that sociopolitical large-scale forces influence our health and play a concrete role in how we experience ourselves. Artistically and methodologically I work with expressions of physiological, [&hellip;]","og_url":"https:\/\/msgudjonsdottir.com\/index.php\/about\/","og_site_name":"MARGRET SARA GUDJONSDOTTIR","article_modified_time":"2026-02-14T17:37:57+00:00","twitter_card":"summary_large_image","twitter_misc":{"Est. reading time":"5 minutes"},"schema":{"@context":"https:\/\/schema.org","@graph":[{"@type":"WebPage","@id":"https:\/\/msgudjonsdottir.com\/index.php\/about\/","url":"https:\/\/msgudjonsdottir.com\/index.php\/about\/","name":"ABOUT - MARGRET SARA GUDJONSDOTTIR","isPartOf":{"@id":"https:\/\/msgudjonsdottir.com\/#website"},"datePublished":"2020-06-11T11:46:23+00:00","dateModified":"2026-02-14T17:37:57+00:00","breadcrumb":{"@id":"https:\/\/msgudjonsdottir.com\/index.php\/about\/#breadcrumb"},"inLanguage":"en-US","potentialAction":[{"@type":"ReadAction","target":["https:\/\/msgudjonsdottir.com\/index.php\/about\/"]}]},{"@type":"BreadcrumbList","@id":"https:\/\/msgudjonsdottir.com\/index.php\/about\/#breadcrumb","itemListElement":[{"@type":"ListItem","position":1,"name":"Home","item":"https:\/\/msgudjonsdottir.com\/"},{"@type":"ListItem","position":2,"name":"ABOUT"}]},{"@type":"WebSite","@id":"https:\/\/msgudjonsdottir.com\/#website","url":"https:\/\/msgudjonsdottir.com\/","name":"MARGRET SARA GUDJONSDOTTIR","description":"","publisher":{"@id":"https:\/\/msgudjonsdottir.com\/#organization"},"potentialAction":[{"@type":"SearchAction","target":{"@type":"EntryPoint","urlTemplate":"https:\/\/msgudjonsdottir.com\/?s={search_term_string}"},"query-input":{"@type":"PropertyValueSpecification","valueRequired":true,"valueName":"search_term_string"}}],"inLanguage":"en-US"},{"@type":"Organization","@id":"https:\/\/msgudjonsdottir.com\/#organization","name":"MARGRET SARA GUDJONSDOTTIR","url":"https:\/\/msgudjonsdottir.com\/","logo":{"@type":"ImageObject","inLanguage":"en-US","@id":"https:\/\/msgudjonsdottir.com\/#\/schema\/logo\/image\/","url":"https:\/\/msgudjonsdottir.com\/wp-content\/uploads\/2020\/06\/msg.png","contentUrl":"https:\/\/msgudjonsdottir.com\/wp-content\/uploads\/2020\/06\/msg.png","width":551,"height":90,"caption":"MARGRET SARA GUDJONSDOTTIR"},"image":{"@id":"https:\/\/msgudjonsdottir.com\/#\/schema\/logo\/image\/"}}]}},"_links":{"self":[{"href":"https:\/\/msgudjonsdottir.com\/index.php\/wp-json\/wp\/v2\/pages\/31","targetHints":{"allow":["GET"]}}],"collection":[{"href":"https:\/\/msgudjonsdottir.com\/index.php\/wp-json\/wp\/v2\/pages"}],"about":[{"href":"https:\/\/msgudjonsdottir.com\/index.php\/wp-json\/wp\/v2\/types\/page"}],"author":[{"embeddable":true,"href":"https:\/\/msgudjonsdottir.com\/index.php\/wp-json\/wp\/v2\/users\/1"}],"replies":[{"embeddable":true,"href":"https:\/\/msgudjonsdottir.com\/index.php\/wp-json\/wp\/v2\/comments?post=31"}],"version-history":[{"count":148,"href":"https:\/\/msgudjonsdottir.com\/index.php\/wp-json\/wp\/v2\/pages\/31\/revisions"}],"predecessor-version":[{"id":2924,"href":"https:\/\/msgudjonsdottir.com\/index.php\/wp-json\/wp\/v2\/pages\/31\/revisions\/2924"}],"wp:attachment":[{"href":"https:\/\/msgudjonsdottir.com\/index.php\/wp-json\/wp\/v2\/media?parent=31"}],"curies":[{"name":"wp","href":"https:\/\/api.w.org\/{rel}","templated":true}]}}