{"id":339,"date":"2020-07-30T13:29:32","date_gmt":"2020-07-30T11:29:32","guid":{"rendered":"https:\/\/msgudjonsdottir.com\/?page_id=339"},"modified":"2023-09-18T15:02:27","modified_gmt":"2023-09-18T13:02:27","slug":"blind-spotting-2014","status":"publish","type":"page","link":"https:\/\/msgudjonsdottir.com\/index.php\/blind-spotting-2014\/","title":{"rendered":"BLIND SPOTTING"},"content":{"rendered":"<p>[et_pb_section fb_built=&#8221;1&#8243; admin_label=&#8221;PERFORMANCES&#8221; _builder_version=&#8221;4.16&#8243; background_color=&#8221;#ece9ea&#8221; global_colors_info=&#8221;{}&#8221;][et_pb_row admin_label=&#8221;Blind Spotting (2014)&#8221; _builder_version=&#8221;4.16&#8243; global_colors_info=&#8221;{}&#8221;][et_pb_column type=&#8221;4_4&#8243; _builder_version=&#8221;4.16&#8243; global_colors_info=&#8221;{}&#8221;][et_pb_text admin_label=&#8221;Blind Spotting (2014)&#8221; _builder_version=&#8221;4.16&#8243; text_font=&#8221;Dosis||||||||&#8221; text_text_color=&#8221;#8e8e8e&#8221; header_text_align=&#8221;center&#8221; header_text_color=&#8221;#595758&#8243; header_2_font=&#8221;|||on|||||&#8221; header_2_text_align=&#8221;center&#8221; header_2_text_color=&#8221;#777777&#8243; header_3_font=&#8221;Dosis||||||||&#8221; header_3_text_align=&#8221;left&#8221; header_3_text_color=&#8221;#000000&#8243; text_orientation=&#8221;justified&#8221; custom_margin=&#8221;|150px||150px|false|false&#8221; custom_margin_tablet=&#8221;|80px||80px|false|false&#8221; custom_margin_phone=&#8221;|15px||15px|false|false&#8221; custom_margin_last_edited=&#8221;on|phone&#8221; global_colors_info=&#8221;{}&#8221;]<\/p>\n<h2><strong>Blind Spotting\u00a0<\/strong><\/h2>\n<p>[\/et_pb_text][et_pb_image src=&#8221;https:\/\/msgudjonsdottir.com\/wp-content\/uploads\/2020\/06\/Blind-Spotting.jpg&#8221; title_text=&#8221;Blind-Spotting&#8221; align=&#8221;center&#8221; _builder_version=&#8221;4.16&#8243; _module_preset=&#8221;default&#8221; animation_style=&#8221;fade&#8221; animation_duration=&#8221;2000ms&#8221; global_colors_info=&#8221;{}&#8221;][\/et_pb_image][et_pb_text admin_label=&#8221;Blind Spotting (2014)&#8221; _builder_version=&#8221;4.16&#8243; text_font=&#8221;Dosis||||||||&#8221; text_text_color=&#8221;#8e8e8e&#8221; header_text_align=&#8221;center&#8221; header_text_color=&#8221;#595758&#8243; header_3_font=&#8221;Dosis||||||||&#8221; header_3_text_align=&#8221;left&#8221; header_3_text_color=&#8221;#000000&#8243; text_orientation=&#8221;justified&#8221; custom_margin=&#8221;|150px||150px|false|false&#8221; custom_margin_tablet=&#8221;|80px||80px|false|false&#8221; custom_margin_phone=&#8221;|15px||15px|false|false&#8221; custom_margin_last_edited=&#8221;on|phone&#8221; global_colors_info=&#8221;{}&#8221;]<\/p>\n<h3>\u00a0<\/h3>\n<h3>\u00a0<\/h3>\n<h3><strong>Synopsis &amp; credits<\/strong><\/h3>\n<p>&nbsp;<\/p>\n<p>Exhaustion as a diagnosis of our time, isolation as the means of choice &#8211; with an ensemble of eight dancers, Margr\u00e9t Sara Gu\u00f0j\u00f3nsd\u00f3ttir enters the blind spot in Blind Spotting in the incessant noise of everyday life. In impressive and at the same time disturbing images, they expose the vulnerability of the fragile bodies of our achievement-oriented society and sharpen the eye for power in its supposed weakness.<br \/>Who does not know the feeling of exhaustion in everyday life in the big city, the desire to withdraw and close oneself off from the manifold impressions? Demarcation is the keyword of our time. We have learned to reduce our perception to a minimum &#8211; and yet there are events and moments that penetrate our consciousness as if from nowhere and touch us.<br \/>Poetic, disturbing and uncanny at the same time, the ensemble of eight dancers penetrates to this blind spot of our perception and invites us to jointly grasp the fragile self in our overloaded bodies. Unsettled by the almost boundless empathy with others, this self begins to observe its own gaze and explore its perception. In a dense atmosphere, filled with intimidating intimacy that is hard to escape, the performers, together with their audience, try to sharpen the awareness of the individual presence of the counterpart and to assert a different, vulnerable and fragile body: a body that discovers its own strength in its vulnerability and openness.<\/p>\n<p><strong>Concept:<\/strong> Margr\u00e9t Sara Gu\u00f0j\u00f3nsd\u00f3ttir, Angela Schubot Direction\/<strong>choreography, stage &amp; costume design<\/strong>: Margr\u00e9t Sara Gu\u00f0j\u00f3nsd\u00f3ttir\/<strong>Choreography\/Performance:<\/strong> Louise Dahl, Annie Kay Dahlstr\u00f6m, Catherine Jodoin, Angela Schubot, Laura Siegmund, Suet-Wan Tsang, Marie Ursin, Rodrigo Vilarinho\/<strong>Music:<\/strong> Peter Rehberg\/ <strong>Lighting design &amp; set design:<\/strong> Andreas Harder\/<strong>Dramaturgical consulting:<\/strong> Anja R\u00f6ttgerkamp, Vincent Roumagnac, Thomas Schaupp\/ <strong>Production management:<\/strong> Gabi Beier\/<strong>Production staff &amp; press:<\/strong> bj\u00f6rn &amp; bj\u00f6rn\/<strong> Photography:<\/strong> David Kiers\/\u00a0<strong>Film:<\/strong> Antoine Verbi\u00e9se\/\u00a0<strong>Funded by:<\/strong> Hauptstadtkulturfonds\/<strong>In co-production with:\u00a0<\/strong>Life Long Burning Cultural Programme of the European Union 2013-2018, The Cullberg Ballet Sweden, MDT Stockholm, Wilderness dance \/ ke\u00f0ja supported by Culture Programme of the European Union, Nordic Culture Fund and Kultur Kontakt Nord, Tanzfabrik Berlin and Advancing Performing Arts Project (APAP),<span class=\"Apple-converted-space\">\u00a0 <\/span>SOPHIENS\u00c6LE.<\/p>\n<p>&nbsp;<\/p>\n<p>&nbsp;<\/p>\n<h3><strong>Reviews<\/strong><\/h3>\n<p>&nbsp;<\/p>\n<p>\u201cThe quality is not just produced by that age old playing with the gaze. There is also a slowness, seemingly born of an endless exhaustion; the infernal silence from which Peter Rehberg\u2019s music is created and of course the quality is produced by the Icelandic choreographer Margre\u0301t Sara Gudjo\u0301nsdo\u0301ttir\u2019s movement art, like a puppet hanging from a string\u201d.<\/p>\n<p><em>Arnd Wesemann, tanz, 08\/2014<\/em><\/p>\n<p>\u201cAgain and again we see exhausted bodies, retreating within themselves. There is hardly communication between the protagonists. Each one going their toilsome way. Everyone is exhausted. It is in this weakness of the human body where the choreographer searches for the body\u2019s strength and she succeeds, by parading this weakness, without any one secret, in the bright light [&#8230;] Blind Spotting makes a mirror out of the public and out of the actors in which they mutually look at themselves for three quarters of an hour.\u201d<\/p>\n<p><em>Aura Cumita, Neue Deutche presse, 16.06.2014<\/em><\/p>\n<p>&nbsp;<\/p>\n<h3><b>Full\u00a0performance &#8211; photos <\/b><\/h3>\n<h3>\u00a0<\/h3>\n<h3><b>Trailer:\u00a0<\/b><strong style=\"color: #666666; font-size: 14px;\">https:\/\/www.tanzforumberlin.de\/en\/production\/blind-spotting\/<\/strong><\/h3>\n<p>&nbsp;<\/p>\n<p>[\/et_pb_text][et_pb_video src=&#8221;https:\/\/msgudjonsdottir.com\/videosweb\/Blind%20Spotting.mp4&#8243; src_webm=&#8221;https:\/\/msgudjonsdottir.com\/videosweb\/Blind%20Spotting.mp4&#8243; image_src=&#8221;https:\/\/msgudjonsdottir.com\/wp-content\/uploads\/2020\/10\/blindspotting.jpg&#8221; thumbnail_overlay_color=&#8221;rgba(0,0,0,0.6)&#8221; _builder_version=&#8221;4.22.1&#8243; custom_margin=&#8221;|100px||100px|false|false&#8221; custom_margin_tablet=&#8221;|80px||80px|false|false&#8221; custom_margin_phone=&#8221;|10px||10px|false|false&#8221; custom_margin_last_edited=&#8221;on|phone&#8221; hover_enabled=&#8221;0&#8243; global_colors_info=&#8221;{}&#8221; sticky_enabled=&#8221;0&#8243;][\/et_pb_video][et_pb_gallery gallery_ids=&#8221;599,1778,628,1759,1765,1760,1774,1761,1764,1762,1775,1770,1777,1776,1784,1785,1786,1790,1789,1788&#8243; fullwidth=&#8221;on&#8221; _builder_version=&#8221;4.16&#8243; _module_preset=&#8221;default&#8221; global_colors_info=&#8221;{}&#8221;][\/et_pb_gallery][\/et_pb_column][\/et_pb_row][\/et_pb_section]<\/p>\n","protected":false},"excerpt":{"rendered":"<p>Blind Spotting\u00a0\u00a0 \u00a0 Synopsis &amp; credits &nbsp; Exhaustion as a diagnosis of our time, isolation as the means of choice &#8211; with an ensemble of eight dancers, Margr\u00e9t Sara Gu\u00f0j\u00f3nsd\u00f3ttir enters the blind spot in Blind Spotting in the incessant noise of everyday life. In impressive and at the same time disturbing images, they expose [&hellip;]<\/p>\n","protected":false},"author":1,"featured_media":0,"parent":0,"menu_order":0,"comment_status":"closed","ping_status":"closed","template":"","meta":{"_et_pb_use_builder":"on","_et_pb_old_content":"<!-- wp:paragraph -->\r\n<p>Ceci est une page d\u2019exemple. C\u2019est diff\u00e9rent d\u2019un article de blog parce qu\u2019elle restera au m\u00eame endroit et appara\u00eetra dans la navigation de votre site (dans la plupart des th\u00e8mes). La plupart des gens commencent par une page \u00ab\u00a0\u00c0 propos\u00a0\u00bb qui les pr\u00e9sente aux visiteurs du site. Cela pourrait ressembler \u00e0 quelque chose comme cela\u00a0:<\/p>\r\n<!-- \/wp:paragraph --><!-- wp:quote -->\r\n<blockquote class=\"wp-block-quote\">\r\n<p>Bonjour\u00a0! Je suis un m\u00e9canicien qui aspire \u00e0 devenir acteur, et voici mon site. J\u2019habite \u00e0 Bordeaux, j\u2019ai un super chien baptis\u00e9 Russell, et j\u2019aime la vodka-ananas (ainsi qu\u2019\u00eatre surpris par la pluie soudaine lors de longues balades sur la plage au coucher du soleil).<\/p>\r\n<\/blockquote>\r\n<!-- \/wp:quote --><!-- wp:paragraph -->\r\n<p>... ou quelque chose comme cela\u00a0:<\/p>\r\n<!-- \/wp:paragraph --><!-- wp:quote -->\r\n<blockquote class=\"wp-block-quote\">\r\n<p>La soci\u00e9t\u00e9 123 Machin Truc a \u00e9t\u00e9 cr\u00e9\u00e9e en 1971, et n\u2019a cess\u00e9 de proposer au public des machins-trucs de qualit\u00e9 depuis lors. Situ\u00e9e \u00e0 Saint-Remy-en-Bouzemont-Saint-Genest-et-Isson, 123 Machin Truc emploie 2 000 personnes, et fabrique toutes sortes de bidules super pour la communaut\u00e9 bouzemontoise.<\/p>\r\n<\/blockquote>\r\n<!-- \/wp:quote --><!-- wp:paragraph -->\r\n<p>En tant que nouvel\u00b7le utilisateur ou utilisatrice de WordPress, vous devriez vous rendre sur <a href=\"http:\/\/msgudjonsdottir.com\/wp-admin\/\">votre tableau de bord<\/a> pour supprimer cette page et cr\u00e9er de nouvelles pages pour votre contenu. Amusez-vous bien\u00a0!<\/p>\r\n<!-- \/wp:paragraph -->","_et_gb_content_width":"","footnotes":""},"class_list":["post-339","page","type-page","status-publish","hentry"],"yoast_head":"<!-- This site is optimized with the Yoast SEO plugin v27.4 - https:\/\/yoast.com\/product\/yoast-seo-wordpress\/ -->\n<title>BLIND SPOTTING - MARGRET SARA GUDJONSDOTTIR<\/title>\n<meta name=\"robots\" content=\"index, follow, max-snippet:-1, max-image-preview:large, max-video-preview:-1\" \/>\n<link rel=\"canonical\" href=\"https:\/\/msgudjonsdottir.com\/index.php\/blind-spotting-2014\/\" \/>\n<meta property=\"og:locale\" content=\"en_US\" \/>\n<meta property=\"og:type\" content=\"article\" \/>\n<meta property=\"og:title\" content=\"BLIND SPOTTING - MARGRET SARA GUDJONSDOTTIR\" \/>\n<meta property=\"og:description\" content=\"Blind Spotting\u00a0\u00a0 \u00a0 Synopsis &amp; credits &nbsp; Exhaustion as a diagnosis of our time, isolation as the means of choice - with an ensemble of eight dancers, Margr\u00e9t Sara Gu\u00f0j\u00f3nsd\u00f3ttir enters the blind spot in Blind Spotting in the incessant noise of everyday life. In impressive and at the same time disturbing images, they expose [&hellip;]\" \/>\n<meta property=\"og:url\" content=\"https:\/\/msgudjonsdottir.com\/index.php\/blind-spotting-2014\/\" \/>\n<meta property=\"og:site_name\" content=\"MARGRET SARA GUDJONSDOTTIR\" \/>\n<meta property=\"article:modified_time\" content=\"2023-09-18T13:02:27+00:00\" \/>\n<meta name=\"twitter:card\" content=\"summary_large_image\" \/>\n<meta name=\"twitter:label1\" content=\"Est. reading time\" \/>\n\t<meta name=\"twitter:data1\" content=\"3 minutes\" \/>\n<script type=\"application\/ld+json\" class=\"yoast-schema-graph\">{\"@context\":\"https:\\\/\\\/schema.org\",\"@graph\":[{\"@type\":\"WebPage\",\"@id\":\"https:\\\/\\\/msgudjonsdottir.com\\\/index.php\\\/blind-spotting-2014\\\/\",\"url\":\"https:\\\/\\\/msgudjonsdottir.com\\\/index.php\\\/blind-spotting-2014\\\/\",\"name\":\"BLIND SPOTTING - MARGRET SARA GUDJONSDOTTIR\",\"isPartOf\":{\"@id\":\"https:\\\/\\\/msgudjonsdottir.com\\\/#website\"},\"datePublished\":\"2020-07-30T11:29:32+00:00\",\"dateModified\":\"2023-09-18T13:02:27+00:00\",\"breadcrumb\":{\"@id\":\"https:\\\/\\\/msgudjonsdottir.com\\\/index.php\\\/blind-spotting-2014\\\/#breadcrumb\"},\"inLanguage\":\"en-US\",\"potentialAction\":[{\"@type\":\"ReadAction\",\"target\":[\"https:\\\/\\\/msgudjonsdottir.com\\\/index.php\\\/blind-spotting-2014\\\/\"]}]},{\"@type\":\"BreadcrumbList\",\"@id\":\"https:\\\/\\\/msgudjonsdottir.com\\\/index.php\\\/blind-spotting-2014\\\/#breadcrumb\",\"itemListElement\":[{\"@type\":\"ListItem\",\"position\":1,\"name\":\"Home\",\"item\":\"https:\\\/\\\/msgudjonsdottir.com\\\/\"},{\"@type\":\"ListItem\",\"position\":2,\"name\":\"BLIND SPOTTING\"}]},{\"@type\":\"WebSite\",\"@id\":\"https:\\\/\\\/msgudjonsdottir.com\\\/#website\",\"url\":\"https:\\\/\\\/msgudjonsdottir.com\\\/\",\"name\":\"MARGRET SARA GUDJONSDOTTIR\",\"description\":\"\",\"publisher\":{\"@id\":\"https:\\\/\\\/msgudjonsdottir.com\\\/#organization\"},\"potentialAction\":[{\"@type\":\"SearchAction\",\"target\":{\"@type\":\"EntryPoint\",\"urlTemplate\":\"https:\\\/\\\/msgudjonsdottir.com\\\/?s={search_term_string}\"},\"query-input\":{\"@type\":\"PropertyValueSpecification\",\"valueRequired\":true,\"valueName\":\"search_term_string\"}}],\"inLanguage\":\"en-US\"},{\"@type\":\"Organization\",\"@id\":\"https:\\\/\\\/msgudjonsdottir.com\\\/#organization\",\"name\":\"MARGRET SARA GUDJONSDOTTIR\",\"url\":\"https:\\\/\\\/msgudjonsdottir.com\\\/\",\"logo\":{\"@type\":\"ImageObject\",\"inLanguage\":\"en-US\",\"@id\":\"https:\\\/\\\/msgudjonsdottir.com\\\/#\\\/schema\\\/logo\\\/image\\\/\",\"url\":\"https:\\\/\\\/msgudjonsdottir.com\\\/wp-content\\\/uploads\\\/2020\\\/06\\\/msg.png\",\"contentUrl\":\"https:\\\/\\\/msgudjonsdottir.com\\\/wp-content\\\/uploads\\\/2020\\\/06\\\/msg.png\",\"width\":551,\"height\":90,\"caption\":\"MARGRET SARA GUDJONSDOTTIR\"},\"image\":{\"@id\":\"https:\\\/\\\/msgudjonsdottir.com\\\/#\\\/schema\\\/logo\\\/image\\\/\"}}]}<\/script>\n<!-- \/ Yoast SEO plugin. -->","yoast_head_json":{"title":"BLIND SPOTTING - MARGRET SARA GUDJONSDOTTIR","robots":{"index":"index","follow":"follow","max-snippet":"max-snippet:-1","max-image-preview":"max-image-preview:large","max-video-preview":"max-video-preview:-1"},"canonical":"https:\/\/msgudjonsdottir.com\/index.php\/blind-spotting-2014\/","og_locale":"en_US","og_type":"article","og_title":"BLIND SPOTTING - MARGRET SARA GUDJONSDOTTIR","og_description":"Blind Spotting\u00a0\u00a0 \u00a0 Synopsis &amp; credits &nbsp; Exhaustion as a diagnosis of our time, isolation as the means of choice - with an ensemble of eight dancers, Margr\u00e9t Sara Gu\u00f0j\u00f3nsd\u00f3ttir enters the blind spot in Blind Spotting in the incessant noise of everyday life. In impressive and at the same time disturbing images, they expose [&hellip;]","og_url":"https:\/\/msgudjonsdottir.com\/index.php\/blind-spotting-2014\/","og_site_name":"MARGRET SARA GUDJONSDOTTIR","article_modified_time":"2023-09-18T13:02:27+00:00","twitter_card":"summary_large_image","twitter_misc":{"Est. reading time":"3 minutes"},"schema":{"@context":"https:\/\/schema.org","@graph":[{"@type":"WebPage","@id":"https:\/\/msgudjonsdottir.com\/index.php\/blind-spotting-2014\/","url":"https:\/\/msgudjonsdottir.com\/index.php\/blind-spotting-2014\/","name":"BLIND SPOTTING - MARGRET SARA GUDJONSDOTTIR","isPartOf":{"@id":"https:\/\/msgudjonsdottir.com\/#website"},"datePublished":"2020-07-30T11:29:32+00:00","dateModified":"2023-09-18T13:02:27+00:00","breadcrumb":{"@id":"https:\/\/msgudjonsdottir.com\/index.php\/blind-spotting-2014\/#breadcrumb"},"inLanguage":"en-US","potentialAction":[{"@type":"ReadAction","target":["https:\/\/msgudjonsdottir.com\/index.php\/blind-spotting-2014\/"]}]},{"@type":"BreadcrumbList","@id":"https:\/\/msgudjonsdottir.com\/index.php\/blind-spotting-2014\/#breadcrumb","itemListElement":[{"@type":"ListItem","position":1,"name":"Home","item":"https:\/\/msgudjonsdottir.com\/"},{"@type":"ListItem","position":2,"name":"BLIND SPOTTING"}]},{"@type":"WebSite","@id":"https:\/\/msgudjonsdottir.com\/#website","url":"https:\/\/msgudjonsdottir.com\/","name":"MARGRET SARA GUDJONSDOTTIR","description":"","publisher":{"@id":"https:\/\/msgudjonsdottir.com\/#organization"},"potentialAction":[{"@type":"SearchAction","target":{"@type":"EntryPoint","urlTemplate":"https:\/\/msgudjonsdottir.com\/?s={search_term_string}"},"query-input":{"@type":"PropertyValueSpecification","valueRequired":true,"valueName":"search_term_string"}}],"inLanguage":"en-US"},{"@type":"Organization","@id":"https:\/\/msgudjonsdottir.com\/#organization","name":"MARGRET SARA GUDJONSDOTTIR","url":"https:\/\/msgudjonsdottir.com\/","logo":{"@type":"ImageObject","inLanguage":"en-US","@id":"https:\/\/msgudjonsdottir.com\/#\/schema\/logo\/image\/","url":"https:\/\/msgudjonsdottir.com\/wp-content\/uploads\/2020\/06\/msg.png","contentUrl":"https:\/\/msgudjonsdottir.com\/wp-content\/uploads\/2020\/06\/msg.png","width":551,"height":90,"caption":"MARGRET SARA GUDJONSDOTTIR"},"image":{"@id":"https:\/\/msgudjonsdottir.com\/#\/schema\/logo\/image\/"}}]}},"_links":{"self":[{"href":"https:\/\/msgudjonsdottir.com\/index.php\/wp-json\/wp\/v2\/pages\/339","targetHints":{"allow":["GET"]}}],"collection":[{"href":"https:\/\/msgudjonsdottir.com\/index.php\/wp-json\/wp\/v2\/pages"}],"about":[{"href":"https:\/\/msgudjonsdottir.com\/index.php\/wp-json\/wp\/v2\/types\/page"}],"author":[{"embeddable":true,"href":"https:\/\/msgudjonsdottir.com\/index.php\/wp-json\/wp\/v2\/users\/1"}],"replies":[{"embeddable":true,"href":"https:\/\/msgudjonsdottir.com\/index.php\/wp-json\/wp\/v2\/comments?post=339"}],"version-history":[{"count":53,"href":"https:\/\/msgudjonsdottir.com\/index.php\/wp-json\/wp\/v2\/pages\/339\/revisions"}],"predecessor-version":[{"id":2215,"href":"https:\/\/msgudjonsdottir.com\/index.php\/wp-json\/wp\/v2\/pages\/339\/revisions\/2215"}],"wp:attachment":[{"href":"https:\/\/msgudjonsdottir.com\/index.php\/wp-json\/wp\/v2\/media?parent=339"}],"curies":[{"name":"wp","href":"https:\/\/api.w.org\/{rel}","templated":true}]}}