{"id":349,"date":"2020-07-30T14:54:28","date_gmt":"2020-07-30T12:54:28","guid":{"rendered":"https:\/\/msgudjonsdottir.com\/?page_id=349"},"modified":"2023-09-18T15:01:33","modified_gmt":"2023-09-18T13:01:33","slug":"spotted-2014","status":"publish","type":"page","link":"https:\/\/msgudjonsdottir.com\/index.php\/spotted-2014\/","title":{"rendered":"SPOTTED"},"content":{"rendered":"<p>[et_pb_section fb_built=&#8221;1&#8243; admin_label=&#8221;PERFORMANCES&#8221; _builder_version=&#8221;4.16&#8243; background_color=&#8221;#ece9ea&#8221; global_colors_info=&#8221;{}&#8221;][et_pb_row admin_label=&#8221;Spotted (2014)&#8221; _builder_version=&#8221;4.16&#8243; global_colors_info=&#8221;{}&#8221;][et_pb_column type=&#8221;4_4&#8243; _builder_version=&#8221;4.16&#8243; global_colors_info=&#8221;{}&#8221;][et_pb_text admin_label=&#8221;Spotted (2014)&#8221; _builder_version=&#8221;4.16&#8243; text_font=&#8221;Dosis||||||||&#8221; text_text_color=&#8221;#8e8e8e&#8221; header_text_align=&#8221;center&#8221; header_text_color=&#8221;#595758&#8243; header_2_font=&#8221;|||on|||||&#8221; header_2_text_align=&#8221;center&#8221; header_2_text_color=&#8221;#777777&#8243; header_3_font=&#8221;Dosis||||||||&#8221; header_3_text_align=&#8221;left&#8221; header_3_text_color=&#8221;#000000&#8243; text_orientation=&#8221;justified&#8221; custom_margin=&#8221;|150px||150px|false|false&#8221; custom_margin_tablet=&#8221;|80px||80px|false|false&#8221; custom_margin_phone=&#8221;|15px||15px|false|false&#8221; custom_margin_last_edited=&#8221;on|phone&#8221; global_colors_info=&#8221;{}&#8221;]<\/p>\n<h2><strong>Spotted<\/strong><\/h2>\n<p>[\/et_pb_text][et_pb_image src=&#8221;https:\/\/msgudjonsdottir.com\/wp-content\/uploads\/2020\/06\/Spotted.jpg&#8221; title_text=&#8221;Spotted&#8221; align=&#8221;center&#8221; _builder_version=&#8221;4.16&#8243; _module_preset=&#8221;default&#8221; animation_style=&#8221;fade&#8221; animation_duration=&#8221;2000ms&#8221; global_colors_info=&#8221;{}&#8221;][\/et_pb_image][et_pb_text admin_label=&#8221;Spotted (2014)&#8221; _builder_version=&#8221;4.16&#8243; text_font=&#8221;Dosis||||||||&#8221; text_text_color=&#8221;#8e8e8e&#8221; header_text_align=&#8221;center&#8221; header_text_color=&#8221;#595758&#8243; header_3_font=&#8221;Dosis||||||||&#8221; header_3_text_align=&#8221;left&#8221; header_3_text_color=&#8221;#000000&#8243; text_orientation=&#8221;justified&#8221; custom_margin=&#8221;|150px||150px|false|false&#8221; custom_margin_tablet=&#8221;|80px||80px|false|false&#8221; custom_margin_phone=&#8221;|15px||15px|false|false&#8221; custom_margin_last_edited=&#8221;on|phone&#8221; global_colors_info=&#8221;{}&#8221;]<\/p>\n<p>&nbsp;<\/p>\n<h3>\u00a0<\/h3>\n<h3><strong>Synopsis &amp; credits<\/strong><\/h3>\n<p>&nbsp;<\/p>\n<p>In Spotted the bodies of the performers become overflowing containers. So oversaturated that they can no longer digest, handle, or decode the external information they receive. Everything pervades the body indiscriminately. Dazed and pervious, almost like a still life, the bodies pose questions of privacy, intimacy, alienation, and vulnerability. Spotted is an investigation of animate objects that cannot escape their existence. The performance portrays the grimaces of perfect individuality, the perversion of a world in which the winners shine with absence.<\/p>\n<p><em>The duet performance \u201cSpotted\u201d is born out of the performance \u201cBlind Spotting\u201d, a performance with an original cast of 8 dancers which premiered at the Sophiensaile theater in Berlin in june 2014<\/em>.\u00a0<em>The \u201cBlind Spotting Performance Seri\u201c includes at this point; \u201cBlind Spotting\u201d, \u201cBlind Spotting- film version\u201d a film by Antoine Verbi\u00e8se, the duet performance \u201cSpotted\u201d, and the solo performance made for performer Angela Schubot \u201cIn the Blind Spot\u201d (2015).<\/em><\/p>\n<p><strong>Direction\/Choreography\/ Concept\/ Costumes:<\/strong> Margr\u00e9t Sara Gu\u00f0j\u00f3nsd\u00f3ttir\/ <strong>Music:<\/strong> Peter Rehberg\/<strong>Set Design:<\/strong> Margr\u00e9t Sara Gu\u00f0j\u00f3nsd\u00f3ttir, Andreas Harder\/<strong>Light design:<\/strong> Bj\u00f6rn Kuajara\/<strong>Performed by:<\/strong> Louise Dahl, Marie Ursin<strong>\/Production:<\/strong> Margr\u00e9t Sara Gu\u00f0j\u00f3nsd\u00f3ttir\/<strong>Production management<\/strong>: Annie Kay Dahlstr\u00f6m\/<strong>Photography:<\/strong> David Kiers and Lasse Dahl\/ <strong>Co-Production:<\/strong> Slingan: Atalante Gothenburg, Dansstationen Malm\u00f6, MDT\/<strong>Thanks go to:<\/strong> Flutgraben Berlin Public and Private studio, Zohar Frank, Lasse Dahl.<\/p>\n<p>&nbsp;<\/p>\n<h3><strong>Reviews\u00a0\u00a0<\/strong><\/h3>\n<p>&nbsp;<\/p>\n<p><strong>And we wait: <\/strong><strong>Andrew Edwards is both excruciatingly bored and enormously impressed by Margre\u0301t Sara Gu\u00f0jo\u0301nsdo\u0301ttir\u2019s inertia-ridden show.<\/strong><\/p>\n<p>The design of the work is brutally effective: a very beautiful kind of ugliness presented to us with notable precision&#8230;Throughout, I was never entertained, never distracted, but only ever trying to distract myself from the work. These are some of the work\u2019s most impressive qualities, so well executed that my distractions failed time and again&#8230;what ensures SPOTTED is an engaging piece of work, and confirms that it contributes something new to this discourse, is the exceptional affective force it possesses. Not only does it articulate this quality of inertia, but it forces its audience into that state, or perhaps opens up a space in which that state, otherwise felt as an undercurrent or a dust, overwhelms you.<\/p>\n<p><em>Andrew Edwards Exeunt Magazine, 06\/05\/2017<\/em><\/p>\n<p>&nbsp;<\/p>\n<p><strong>Breathtaking view of our times on exposure<\/strong><\/p>\n<p>\u201cThe Icelandic choreographer Margre\u0301t Sara Gu\u00f0jo\u0301nsdo\u0301ttir, that resides in Berlin, works with phenomenal consistency. With lightness in execution, she builds to her account an unpleasant scene incorporating the gaze when working with space and time with a heart-stopping complexity evolving around themes such as identity, body and subject versus object (&#8230;)The compulsive vulnerability in the performance Spotted clings to the mind as an irritable yet great judgment of our time\u201d.<\/p>\n<p><em>Anna Angstro\u0308m SvD Kultur, 24\/11\/2014<\/em><\/p>\n<p>&nbsp;<\/p>\n<p><strong>With minimalistic precision<\/strong><\/p>\n<p>This constant flow of information gushing over the non shielded human being comes to a point of no return\/ a turning point which creates physical and psychological stress when the exploitation works as if it is integrated on a personal level in the non shielded human being. The dansers Louise Dahl and Marie Ursin give such a strong and impressive performance that it \u0301s hard to differentiate between the artistically crafted physical work and the bigger picture of the performance. It \u0301s simply all existing there together as one.<\/p>\n<p><em>Ingela Brovik, Danstidningen, 03\/12\/2014<\/em><\/p>\n<h3>\u00a0<\/h3>\n<p>[\/et_pb_text][et_pb_text admin_label=&#8221;Trailer &#8211; Full performance &#8211; Photos&#8221; _builder_version=&#8221;4.16&#8243; text_font=&#8221;Dosis||||||||&#8221; text_text_color=&#8221;#8e8e8e&#8221; header_text_align=&#8221;center&#8221; header_text_color=&#8221;#595758&#8243; header_3_font=&#8221;Dosis||||||||&#8221; header_3_text_align=&#8221;left&#8221; header_3_text_color=&#8221;#000000&#8243; text_orientation=&#8221;justified&#8221; custom_margin=&#8221;|150px||150px|false|false&#8221; custom_margin_tablet=&#8221;|80px||80px|false|false&#8221; custom_margin_phone=&#8221;|15px||15px|false|false&#8221; custom_margin_last_edited=&#8221;on|phone&#8221; global_colors_info=&#8221;{}&#8221;]<\/p>\n<h3><strong>Trailer &#8211; Full performance &#8211; Photos<\/strong><\/h3>\n<p>[\/et_pb_text][et_pb_video src=&#8221;https:\/\/msgudjonsdottir.com\/wp-content\/uploads\/2020\/09\/SPOTTED_TRAILER.mp4&#8243; src_webm=&#8221;https:\/\/msgudjonsdottir.com\/wp-content\/uploads\/2020\/09\/SPOTTED_TRAILER.mp4&#8243; image_src=&#8221;https:\/\/msgudjonsdottir.com\/wp-content\/uploads\/2020\/10\/spotted1.jpg&#8221; thumbnail_overlay_color=&#8221;rgba(0,0,0,0.6)&#8221; _builder_version=&#8221;4.22.1&#8243; custom_margin=&#8221;|100px||100px|false|false&#8221; custom_margin_tablet=&#8221;|80px||80px|false|false&#8221; custom_margin_phone=&#8221;|10px||10px|false|false&#8221; custom_margin_last_edited=&#8221;on|phone&#8221; hover_enabled=&#8221;0&#8243; global_colors_info=&#8221;{}&#8221; sticky_enabled=&#8221;0&#8243;][\/et_pb_video][et_pb_video src=&#8221;https:\/\/msgudjonsdottir.com\/videosweb\/141119_Spotted-Atalante.mp4&#8243; src_webm=&#8221;https:\/\/msgudjonsdottir.com\/videosweb\/141119_Spotted-Atalante.mp4&#8243; image_src=&#8221;https:\/\/msgudjonsdottir.com\/wp-content\/uploads\/2020\/10\/spotted2.jpg&#8221; thumbnail_overlay_color=&#8221;rgba(0,0,0,0.6)&#8221; disabled_on=&#8221;off|off|off&#8221; _builder_version=&#8221;4.22.1&#8243; custom_margin=&#8221;|100px||100px|false|false&#8221; custom_margin_tablet=&#8221;|80px||80px|false|false&#8221; custom_margin_phone=&#8221;|10px||10px|false|false&#8221; custom_margin_last_edited=&#8221;on|phone&#8221; hover_enabled=&#8221;0&#8243; global_colors_info=&#8221;{}&#8221; sticky_enabled=&#8221;0&#8243;][\/et_pb_video][et_pb_gallery gallery_ids=&#8221;900,427,908,906,909,910,417,915,919,923,933,931&#8243; fullwidth=&#8221;on&#8221; _builder_version=&#8221;4.16&#8243; _module_preset=&#8221;default&#8221; global_colors_info=&#8221;{}&#8221;][\/et_pb_gallery][\/et_pb_column][\/et_pb_row][\/et_pb_section]<\/p>\n","protected":false},"excerpt":{"rendered":"<p>Spotted&nbsp; \u00a0 Synopsis &amp; credits &nbsp; In Spotted the bodies of the performers become overflowing containers. So oversaturated that they can no longer digest, handle, or decode the external information they receive. Everything pervades the body indiscriminately. Dazed and pervious, almost like a still life, the bodies pose questions of privacy, intimacy, alienation, and vulnerability. [&hellip;]<\/p>\n","protected":false},"author":1,"featured_media":0,"parent":0,"menu_order":0,"comment_status":"closed","ping_status":"closed","template":"","meta":{"_et_pb_use_builder":"on","_et_pb_old_content":"<!-- wp:paragraph -->\r\n<p>Ceci est une page d\u2019exemple. C\u2019est diff\u00e9rent d\u2019un article de blog parce qu\u2019elle restera au m\u00eame endroit et appara\u00eetra dans la navigation de votre site (dans la plupart des th\u00e8mes). La plupart des gens commencent par une page \u00ab\u00a0\u00c0 propos\u00a0\u00bb qui les pr\u00e9sente aux visiteurs du site. Cela pourrait ressembler \u00e0 quelque chose comme cela\u00a0:<\/p>\r\n<!-- \/wp:paragraph --><!-- wp:quote -->\r\n<blockquote class=\"wp-block-quote\">\r\n<p>Bonjour\u00a0! Je suis un m\u00e9canicien qui aspire \u00e0 devenir acteur, et voici mon site. J\u2019habite \u00e0 Bordeaux, j\u2019ai un super chien baptis\u00e9 Russell, et j\u2019aime la vodka-ananas (ainsi qu\u2019\u00eatre surpris par la pluie soudaine lors de longues balades sur la plage au coucher du soleil).<\/p>\r\n<\/blockquote>\r\n<!-- \/wp:quote --><!-- wp:paragraph -->\r\n<p>... ou quelque chose comme cela\u00a0:<\/p>\r\n<!-- \/wp:paragraph --><!-- wp:quote -->\r\n<blockquote class=\"wp-block-quote\">\r\n<p>La soci\u00e9t\u00e9 123 Machin Truc a \u00e9t\u00e9 cr\u00e9\u00e9e en 1971, et n\u2019a cess\u00e9 de proposer au public des machins-trucs de qualit\u00e9 depuis lors. Situ\u00e9e \u00e0 Saint-Remy-en-Bouzemont-Saint-Genest-et-Isson, 123 Machin Truc emploie 2 000 personnes, et fabrique toutes sortes de bidules super pour la communaut\u00e9 bouzemontoise.<\/p>\r\n<\/blockquote>\r\n<!-- \/wp:quote --><!-- wp:paragraph -->\r\n<p>En tant que nouvel\u00b7le utilisateur ou utilisatrice de WordPress, vous devriez vous rendre sur <a href=\"http:\/\/msgudjonsdottir.com\/wp-admin\/\">votre tableau de bord<\/a> pour supprimer cette page et cr\u00e9er de nouvelles pages pour votre contenu. Amusez-vous bien\u00a0!<\/p>\r\n<!-- \/wp:paragraph -->","_et_gb_content_width":"","footnotes":""},"class_list":["post-349","page","type-page","status-publish","hentry"],"yoast_head":"<!-- This site is optimized with the Yoast SEO plugin v24.9 - https:\/\/yoast.com\/wordpress\/plugins\/seo\/ -->\n<title>SPOTTED - MARGRET SARA GUDJONSDOTTIR<\/title>\n<meta name=\"robots\" content=\"index, follow, max-snippet:-1, max-image-preview:large, max-video-preview:-1\" \/>\n<link rel=\"canonical\" href=\"https:\/\/msgudjonsdottir.com\/index.php\/spotted-2014\/\" \/>\n<meta property=\"og:locale\" content=\"en_US\" \/>\n<meta property=\"og:type\" content=\"article\" \/>\n<meta property=\"og:title\" content=\"SPOTTED - MARGRET SARA GUDJONSDOTTIR\" \/>\n<meta property=\"og:description\" content=\"Spotted&nbsp; \u00a0 Synopsis &amp; credits &nbsp; In Spotted the bodies of the performers become overflowing containers. So oversaturated that they can no longer digest, handle, or decode the external information they receive. Everything pervades the body indiscriminately. Dazed and pervious, almost like a still life, the bodies pose questions of privacy, intimacy, alienation, and vulnerability. [&hellip;]\" \/>\n<meta property=\"og:url\" content=\"https:\/\/msgudjonsdottir.com\/index.php\/spotted-2014\/\" \/>\n<meta property=\"og:site_name\" content=\"MARGRET SARA GUDJONSDOTTIR\" \/>\n<meta property=\"article:modified_time\" content=\"2023-09-18T13:01:33+00:00\" \/>\n<meta name=\"twitter:card\" content=\"summary_large_image\" \/>\n<meta name=\"twitter:label1\" content=\"Est. reading time\" \/>\n\t<meta name=\"twitter:data1\" content=\"3 minutes\" \/>\n<script type=\"application\/ld+json\" class=\"yoast-schema-graph\">{\"@context\":\"https:\/\/schema.org\",\"@graph\":[{\"@type\":\"WebPage\",\"@id\":\"https:\/\/msgudjonsdottir.com\/index.php\/spotted-2014\/\",\"url\":\"https:\/\/msgudjonsdottir.com\/index.php\/spotted-2014\/\",\"name\":\"SPOTTED - MARGRET SARA GUDJONSDOTTIR\",\"isPartOf\":{\"@id\":\"https:\/\/msgudjonsdottir.com\/#website\"},\"datePublished\":\"2020-07-30T12:54:28+00:00\",\"dateModified\":\"2023-09-18T13:01:33+00:00\",\"breadcrumb\":{\"@id\":\"https:\/\/msgudjonsdottir.com\/index.php\/spotted-2014\/#breadcrumb\"},\"inLanguage\":\"en-US\",\"potentialAction\":[{\"@type\":\"ReadAction\",\"target\":[\"https:\/\/msgudjonsdottir.com\/index.php\/spotted-2014\/\"]}]},{\"@type\":\"BreadcrumbList\",\"@id\":\"https:\/\/msgudjonsdottir.com\/index.php\/spotted-2014\/#breadcrumb\",\"itemListElement\":[{\"@type\":\"ListItem\",\"position\":1,\"name\":\"Home\",\"item\":\"https:\/\/msgudjonsdottir.com\/\"},{\"@type\":\"ListItem\",\"position\":2,\"name\":\"SPOTTED\"}]},{\"@type\":\"WebSite\",\"@id\":\"https:\/\/msgudjonsdottir.com\/#website\",\"url\":\"https:\/\/msgudjonsdottir.com\/\",\"name\":\"MARGRET SARA GUDJONSDOTTIR\",\"description\":\"\",\"publisher\":{\"@id\":\"https:\/\/msgudjonsdottir.com\/#organization\"},\"potentialAction\":[{\"@type\":\"SearchAction\",\"target\":{\"@type\":\"EntryPoint\",\"urlTemplate\":\"https:\/\/msgudjonsdottir.com\/?s={search_term_string}\"},\"query-input\":{\"@type\":\"PropertyValueSpecification\",\"valueRequired\":true,\"valueName\":\"search_term_string\"}}],\"inLanguage\":\"en-US\"},{\"@type\":\"Organization\",\"@id\":\"https:\/\/msgudjonsdottir.com\/#organization\",\"name\":\"MARGRET SARA GUDJONSDOTTIR\",\"url\":\"https:\/\/msgudjonsdottir.com\/\",\"logo\":{\"@type\":\"ImageObject\",\"inLanguage\":\"en-US\",\"@id\":\"https:\/\/msgudjonsdottir.com\/#\/schema\/logo\/image\/\",\"url\":\"https:\/\/msgudjonsdottir.com\/wp-content\/uploads\/2020\/06\/msg.png\",\"contentUrl\":\"https:\/\/msgudjonsdottir.com\/wp-content\/uploads\/2020\/06\/msg.png\",\"width\":551,\"height\":90,\"caption\":\"MARGRET SARA GUDJONSDOTTIR\"},\"image\":{\"@id\":\"https:\/\/msgudjonsdottir.com\/#\/schema\/logo\/image\/\"}}]}<\/script>\n<!-- \/ Yoast SEO plugin. -->","yoast_head_json":{"title":"SPOTTED - MARGRET SARA GUDJONSDOTTIR","robots":{"index":"index","follow":"follow","max-snippet":"max-snippet:-1","max-image-preview":"max-image-preview:large","max-video-preview":"max-video-preview:-1"},"canonical":"https:\/\/msgudjonsdottir.com\/index.php\/spotted-2014\/","og_locale":"en_US","og_type":"article","og_title":"SPOTTED - MARGRET SARA GUDJONSDOTTIR","og_description":"Spotted&nbsp; \u00a0 Synopsis &amp; credits &nbsp; In Spotted the bodies of the performers become overflowing containers. So oversaturated that they can no longer digest, handle, or decode the external information they receive. Everything pervades the body indiscriminately. Dazed and pervious, almost like a still life, the bodies pose questions of privacy, intimacy, alienation, and vulnerability. [&hellip;]","og_url":"https:\/\/msgudjonsdottir.com\/index.php\/spotted-2014\/","og_site_name":"MARGRET SARA GUDJONSDOTTIR","article_modified_time":"2023-09-18T13:01:33+00:00","twitter_card":"summary_large_image","twitter_misc":{"Est. reading time":"3 minutes"},"schema":{"@context":"https:\/\/schema.org","@graph":[{"@type":"WebPage","@id":"https:\/\/msgudjonsdottir.com\/index.php\/spotted-2014\/","url":"https:\/\/msgudjonsdottir.com\/index.php\/spotted-2014\/","name":"SPOTTED - MARGRET SARA GUDJONSDOTTIR","isPartOf":{"@id":"https:\/\/msgudjonsdottir.com\/#website"},"datePublished":"2020-07-30T12:54:28+00:00","dateModified":"2023-09-18T13:01:33+00:00","breadcrumb":{"@id":"https:\/\/msgudjonsdottir.com\/index.php\/spotted-2014\/#breadcrumb"},"inLanguage":"en-US","potentialAction":[{"@type":"ReadAction","target":["https:\/\/msgudjonsdottir.com\/index.php\/spotted-2014\/"]}]},{"@type":"BreadcrumbList","@id":"https:\/\/msgudjonsdottir.com\/index.php\/spotted-2014\/#breadcrumb","itemListElement":[{"@type":"ListItem","position":1,"name":"Home","item":"https:\/\/msgudjonsdottir.com\/"},{"@type":"ListItem","position":2,"name":"SPOTTED"}]},{"@type":"WebSite","@id":"https:\/\/msgudjonsdottir.com\/#website","url":"https:\/\/msgudjonsdottir.com\/","name":"MARGRET SARA GUDJONSDOTTIR","description":"","publisher":{"@id":"https:\/\/msgudjonsdottir.com\/#organization"},"potentialAction":[{"@type":"SearchAction","target":{"@type":"EntryPoint","urlTemplate":"https:\/\/msgudjonsdottir.com\/?s={search_term_string}"},"query-input":{"@type":"PropertyValueSpecification","valueRequired":true,"valueName":"search_term_string"}}],"inLanguage":"en-US"},{"@type":"Organization","@id":"https:\/\/msgudjonsdottir.com\/#organization","name":"MARGRET SARA GUDJONSDOTTIR","url":"https:\/\/msgudjonsdottir.com\/","logo":{"@type":"ImageObject","inLanguage":"en-US","@id":"https:\/\/msgudjonsdottir.com\/#\/schema\/logo\/image\/","url":"https:\/\/msgudjonsdottir.com\/wp-content\/uploads\/2020\/06\/msg.png","contentUrl":"https:\/\/msgudjonsdottir.com\/wp-content\/uploads\/2020\/06\/msg.png","width":551,"height":90,"caption":"MARGRET SARA GUDJONSDOTTIR"},"image":{"@id":"https:\/\/msgudjonsdottir.com\/#\/schema\/logo\/image\/"}}]}},"_links":{"self":[{"href":"https:\/\/msgudjonsdottir.com\/index.php\/wp-json\/wp\/v2\/pages\/349","targetHints":{"allow":["GET"]}}],"collection":[{"href":"https:\/\/msgudjonsdottir.com\/index.php\/wp-json\/wp\/v2\/pages"}],"about":[{"href":"https:\/\/msgudjonsdottir.com\/index.php\/wp-json\/wp\/v2\/types\/page"}],"author":[{"embeddable":true,"href":"https:\/\/msgudjonsdottir.com\/index.php\/wp-json\/wp\/v2\/users\/1"}],"replies":[{"embeddable":true,"href":"https:\/\/msgudjonsdottir.com\/index.php\/wp-json\/wp\/v2\/comments?post=349"}],"version-history":[{"count":29,"href":"https:\/\/msgudjonsdottir.com\/index.php\/wp-json\/wp\/v2\/pages\/349\/revisions"}],"predecessor-version":[{"id":2756,"href":"https:\/\/msgudjonsdottir.com\/index.php\/wp-json\/wp\/v2\/pages\/349\/revisions\/2756"}],"wp:attachment":[{"href":"https:\/\/msgudjonsdottir.com\/index.php\/wp-json\/wp\/v2\/media?parent=349"}],"curies":[{"name":"wp","href":"https:\/\/api.w.org\/{rel}","templated":true}]}}