{"id":355,"date":"2020-07-30T14:56:25","date_gmt":"2020-07-30T12:56:25","guid":{"rendered":"https:\/\/msgudjonsdottir.com\/?page_id=355"},"modified":"2023-09-18T15:00:33","modified_gmt":"2023-09-18T13:00:33","slug":"in-the-blind-spot-2015","status":"publish","type":"page","link":"https:\/\/msgudjonsdottir.com\/index.php\/in-the-blind-spot-2015\/","title":{"rendered":"IN THE BLIND SPOT"},"content":{"rendered":"<p>[et_pb_section fb_built=&#8221;1&#8243; admin_label=&#8221;PERFORMANCES&#8221; _builder_version=&#8221;4.16&#8243; background_color=&#8221;#ece9ea&#8221; global_colors_info=&#8221;{}&#8221;][et_pb_row admin_label=&#8221;In the blind spot (2015)&#8221; _builder_version=&#8221;4.16&#8243; global_colors_info=&#8221;{}&#8221;][et_pb_column type=&#8221;4_4&#8243; _builder_version=&#8221;4.16&#8243; global_colors_info=&#8221;{}&#8221;][et_pb_text admin_label=&#8221;In the blind spot (2015)&#8221; _builder_version=&#8221;4.16&#8243; text_font=&#8221;Dosis||||||||&#8221; text_text_color=&#8221;#8e8e8e&#8221; header_text_align=&#8221;center&#8221; header_text_color=&#8221;#595758&#8243; header_2_font=&#8221;|||on|||||&#8221; header_2_text_align=&#8221;center&#8221; header_2_text_color=&#8221;#777777&#8243; header_3_font=&#8221;Dosis||||||||&#8221; header_3_text_align=&#8221;left&#8221; header_3_text_color=&#8221;#000000&#8243; text_orientation=&#8221;justified&#8221; custom_margin=&#8221;|150px||150px|false|false&#8221; custom_margin_tablet=&#8221;|80px||80px|false|false&#8221; custom_margin_phone=&#8221;|15px||15px|false|false&#8221; custom_margin_last_edited=&#8221;on|phone&#8221; global_colors_info=&#8221;{}&#8221;]<\/p>\n<h2><strong>In the blind spot<\/strong><\/h2>\n<p>[\/et_pb_text][et_pb_image src=&#8221;https:\/\/msgudjonsdottir.com\/wp-content\/uploads\/2020\/06\/picture-blind-spot-3.jpg&#8221; title_text=&#8221;picture blind spot&#8221; align=&#8221;center&#8221; _builder_version=&#8221;4.16&#8243; _module_preset=&#8221;default&#8221; animation_style=&#8221;fade&#8221; animation_duration=&#8221;2000ms&#8221; global_colors_info=&#8221;{}&#8221;][\/et_pb_image][et_pb_text admin_label=&#8221;In the blind spot (2015)&#8221; _builder_version=&#8221;4.16&#8243; text_font=&#8221;Dosis||||||||&#8221; text_text_color=&#8221;#8e8e8e&#8221; header_text_align=&#8221;center&#8221; header_text_color=&#8221;#595758&#8243; header_3_font=&#8221;Dosis||||||||&#8221; header_3_text_align=&#8221;left&#8221; header_3_text_color=&#8221;#000000&#8243; text_orientation=&#8221;justified&#8221; custom_margin=&#8221;|150px||150px|false|false&#8221; custom_margin_tablet=&#8221;|80px||80px|false|false&#8221; custom_margin_phone=&#8221;|15px||15px|false|false&#8221; custom_margin_last_edited=&#8221;on|phone&#8221; global_colors_info=&#8221;{}&#8221;]<\/p>\n<p>&nbsp;<\/p>\n<p>&nbsp;<\/p>\n<h3><strong>Synopsis &amp; credits<\/strong><\/h3>\n<p>&nbsp;<\/p>\n<p><span class=\"texte\">\u201cIn the Blind Spot\u201d takes the notion of letting go as it\u00b4s starting point and leads the body to the edge of collapse and utter surrendering. It strives to transform the supposed weakness of the spent body into something positive and celebrate it as the refusal of the achievement imperative,the fullness of its fragility revealing the unseen location of the non-resistant resistance. \u201cIn the Blind Spot\u201d expounds a very physical movement language, extracting the usual limits of identity and (self) assertion by its very softness. With limitless non-aggression it reveals and provokes simultaneously. The performance radically puts the singular body as the centerpiece. As if under a magnifying glass, hidden insides are brought to light.<\/span><\/p>\n<p><span class=\"texte\">The performance \u201cIn the Blind Spot\u201d belongs to the \u201cBlind Spotting Performance Series\u201c launched in 2014 by Margr\u00e9t Sara Gu\u00f0j\u00f3nsd\u00f3ttir. It is simultaneously the first part of Angela Schubot\u2019s 2015 solo trilogy \u201cK\u00f6rper ohne Macht\u201d (Powerless Bodies).<\/span><\/p>\n<p><strong>Direction, Choreography, Costume, Set design:<\/strong> Margret Sara Gu\u00f0j\u00f3nsd\u00f3ttir\/<strong>Performer\/choreography:<\/strong> Angela Schubot\/ <strong>Music:<\/strong> Peter Rehberg\/<strong>Light<\/strong>: Martin Beeretz\/<strong> Thanks to:<\/strong> Zohar Frank\/<strong>Company management, PR:<\/strong> bj\u00f6rn &amp; bj\u00f6rn. <strong>Photos:<\/strong> Benjakon\/<strong>Co-production:\u00a0Commissioned and produced by Angela Schubot<\/strong> with support from: Hauptstadtkulturfonds, Tanzfabrik Berlin, ada Studio, SOPHIENS\u00c6LE, HAU Hebbel am Ufer, CDC Uz\u00e8s Danse, Theater Freiburg, Schwankhalle Bremen and ImPulsTanz Wien.<span class=\"Apple-converted-space\">\u00a0<\/span><strong>Co-produce by Margr\u00e9t Sara Gu\u00f0j\u00f3nsd\u00f3ttir <\/strong>with support from MDT Stockholm.<\/p>\n<h3><strong>Reviews<\/strong><\/h3>\n<p>&nbsp;<\/p>\n<p><strong>A soft punch in the face against the performance requirements<\/strong><\/p>\n<p>\u201c In the blind spot is one of the most interesting new pieces by Margret Sara Gu\u00f0jo\u0301nsdo\u0301ttir.<br \/>The non-performing body can have an extra charge \u2013 that provocation in a targeted community, as a target for various projections or concentration levels of the audience\u2019s consciousness in a dance performance. All this and much more is available in the Icelandic choreographers Margre\u0301t Sara Gu\u00f0jo\u0301nsdo\u0301ttirs consistently drilling work&#8230; she has stood out as one of the most interesting new artists presence to follow. The austere, minimalist and for both dancers and audience endurance demanding form is even more extreme than in previous work&#8230;deeply fascinating and scary&#8230; where physical transformation and social criticism go hand in hand. \u201cIn the blind spot\u201d can be seen as an act of defiance, a soft punch in the face to contemporary ideals\u201d.<br \/><em>Anna A\u030angstro\u0308m, Svenska dagbladet, 12\/04\/2016<\/em><\/p>\n<h3>\u00a0<\/h3>\n<h3><strong>Link to view trailer\u00a0<\/strong><\/h3>\n<h5><a href=\"https:\/\/www.tanzforumberlin.de\/en\/production\/in-the-blind-spot\/\"><strong>https:\/\/www.tanzforumberlin.de\/en\/production\/in-the-blind-spot\/<\/strong><\/a><\/h5>\n<p>&nbsp;<\/p>\n<h3><strong>Full performance &#8211; photos<\/strong><\/h3>\n<p>&nbsp;<\/p>\n<p>[\/et_pb_text][et_pb_video src=&#8221;https:\/\/msgudjonsdottir.com\/videosweb\/In%20the%20blind%20spot.mp4&#8243; src_webm=&#8221;https:\/\/msgudjonsdottir.com\/videosweb\/In%20the%20blind%20spot.mp4&#8243; image_src=&#8221;https:\/\/msgudjonsdottir.com\/wp-content\/uploads\/2020\/10\/intheblindspot.jpg&#8221; thumbnail_overlay_color=&#8221;rgba(0,0,0,0.6)&#8221; _builder_version=&#8221;4.22.1&#8243; custom_margin=&#8221;|100px||100px|false|false&#8221; custom_margin_tablet=&#8221;|80px||80px|false|false&#8221; custom_margin_phone=&#8221;|10px||10px|false|false&#8221; custom_margin_last_edited=&#8221;on|phone&#8221; hover_enabled=&#8221;0&#8243; global_colors_info=&#8221;{}&#8221; sticky_enabled=&#8221;0&#8243;][\/et_pb_video][et_pb_gallery gallery_ids=&#8221;883,592,591,263&#8243; fullwidth=&#8221;on&#8221; _builder_version=&#8221;4.16&#8243; _module_preset=&#8221;default&#8221; global_colors_info=&#8221;{}&#8221;][\/et_pb_gallery][\/et_pb_column][\/et_pb_row][\/et_pb_section]<\/p>\n","protected":false},"excerpt":{"rendered":"<p>In the blind spot&nbsp; &nbsp; Synopsis &amp; credits &nbsp; \u201cIn the Blind Spot\u201d takes the notion of letting go as it\u00b4s starting point and leads the body to the edge of collapse and utter surrendering. It strives to transform the supposed weakness of the spent body into something positive and celebrate it as the refusal [&hellip;]<\/p>\n","protected":false},"author":1,"featured_media":0,"parent":0,"menu_order":0,"comment_status":"closed","ping_status":"closed","template":"","meta":{"_et_pb_use_builder":"on","_et_pb_old_content":"<!-- wp:paragraph -->\r\n<p>Ceci est une page d\u2019exemple. C\u2019est diff\u00e9rent d\u2019un article de blog parce qu\u2019elle restera au m\u00eame endroit et appara\u00eetra dans la navigation de votre site (dans la plupart des th\u00e8mes). La plupart des gens commencent par une page \u00ab\u00a0\u00c0 propos\u00a0\u00bb qui les pr\u00e9sente aux visiteurs du site. Cela pourrait ressembler \u00e0 quelque chose comme cela\u00a0:<\/p>\r\n<!-- \/wp:paragraph --><!-- wp:quote -->\r\n<blockquote class=\"wp-block-quote\">\r\n<p>Bonjour\u00a0! Je suis un m\u00e9canicien qui aspire \u00e0 devenir acteur, et voici mon site. J\u2019habite \u00e0 Bordeaux, j\u2019ai un super chien baptis\u00e9 Russell, et j\u2019aime la vodka-ananas (ainsi qu\u2019\u00eatre surpris par la pluie soudaine lors de longues balades sur la plage au coucher du soleil).<\/p>\r\n<\/blockquote>\r\n<!-- \/wp:quote --><!-- wp:paragraph -->\r\n<p>... ou quelque chose comme cela\u00a0:<\/p>\r\n<!-- \/wp:paragraph --><!-- wp:quote -->\r\n<blockquote class=\"wp-block-quote\">\r\n<p>La soci\u00e9t\u00e9 123 Machin Truc a \u00e9t\u00e9 cr\u00e9\u00e9e en 1971, et n\u2019a cess\u00e9 de proposer au public des machins-trucs de qualit\u00e9 depuis lors. Situ\u00e9e \u00e0 Saint-Remy-en-Bouzemont-Saint-Genest-et-Isson, 123 Machin Truc emploie 2 000 personnes, et fabrique toutes sortes de bidules super pour la communaut\u00e9 bouzemontoise.<\/p>\r\n<\/blockquote>\r\n<!-- \/wp:quote --><!-- wp:paragraph -->\r\n<p>En tant que nouvel\u00b7le utilisateur ou utilisatrice de WordPress, vous devriez vous rendre sur <a href=\"http:\/\/msgudjonsdottir.com\/wp-admin\/\">votre tableau de bord<\/a> pour supprimer cette page et cr\u00e9er de nouvelles pages pour votre contenu. Amusez-vous bien\u00a0!<\/p>\r\n<!-- \/wp:paragraph -->","_et_gb_content_width":"","footnotes":""},"class_list":["post-355","page","type-page","status-publish","hentry"],"yoast_head":"<!-- This site is optimized with the Yoast SEO plugin v27.4 - https:\/\/yoast.com\/product\/yoast-seo-wordpress\/ -->\n<title>IN THE BLIND SPOT - MARGRET SARA GUDJONSDOTTIR<\/title>\n<meta name=\"robots\" content=\"index, follow, max-snippet:-1, max-image-preview:large, max-video-preview:-1\" \/>\n<link rel=\"canonical\" href=\"https:\/\/msgudjonsdottir.com\/index.php\/in-the-blind-spot-2015\/\" \/>\n<meta property=\"og:locale\" content=\"en_US\" \/>\n<meta property=\"og:type\" content=\"article\" \/>\n<meta property=\"og:title\" content=\"IN THE BLIND SPOT - MARGRET SARA GUDJONSDOTTIR\" \/>\n<meta property=\"og:description\" content=\"In the blind spot&nbsp; &nbsp; Synopsis &amp; credits &nbsp; \u201cIn the Blind Spot\u201d takes the notion of letting go as it\u00b4s starting point and leads the body to the edge of collapse and utter surrendering. It strives to transform the supposed weakness of the spent body into something positive and celebrate it as the refusal [&hellip;]\" \/>\n<meta property=\"og:url\" content=\"https:\/\/msgudjonsdottir.com\/index.php\/in-the-blind-spot-2015\/\" \/>\n<meta property=\"og:site_name\" content=\"MARGRET SARA GUDJONSDOTTIR\" \/>\n<meta property=\"article:modified_time\" content=\"2023-09-18T13:00:33+00:00\" \/>\n<meta name=\"twitter:card\" content=\"summary_large_image\" \/>\n<meta name=\"twitter:label1\" content=\"Est. reading time\" \/>\n\t<meta name=\"twitter:data1\" content=\"3 minutes\" \/>\n<script type=\"application\/ld+json\" class=\"yoast-schema-graph\">{\"@context\":\"https:\\\/\\\/schema.org\",\"@graph\":[{\"@type\":\"WebPage\",\"@id\":\"https:\\\/\\\/msgudjonsdottir.com\\\/index.php\\\/in-the-blind-spot-2015\\\/\",\"url\":\"https:\\\/\\\/msgudjonsdottir.com\\\/index.php\\\/in-the-blind-spot-2015\\\/\",\"name\":\"IN THE BLIND SPOT - MARGRET SARA GUDJONSDOTTIR\",\"isPartOf\":{\"@id\":\"https:\\\/\\\/msgudjonsdottir.com\\\/#website\"},\"datePublished\":\"2020-07-30T12:56:25+00:00\",\"dateModified\":\"2023-09-18T13:00:33+00:00\",\"breadcrumb\":{\"@id\":\"https:\\\/\\\/msgudjonsdottir.com\\\/index.php\\\/in-the-blind-spot-2015\\\/#breadcrumb\"},\"inLanguage\":\"en-US\",\"potentialAction\":[{\"@type\":\"ReadAction\",\"target\":[\"https:\\\/\\\/msgudjonsdottir.com\\\/index.php\\\/in-the-blind-spot-2015\\\/\"]}]},{\"@type\":\"BreadcrumbList\",\"@id\":\"https:\\\/\\\/msgudjonsdottir.com\\\/index.php\\\/in-the-blind-spot-2015\\\/#breadcrumb\",\"itemListElement\":[{\"@type\":\"ListItem\",\"position\":1,\"name\":\"Home\",\"item\":\"https:\\\/\\\/msgudjonsdottir.com\\\/\"},{\"@type\":\"ListItem\",\"position\":2,\"name\":\"IN THE BLIND SPOT\"}]},{\"@type\":\"WebSite\",\"@id\":\"https:\\\/\\\/msgudjonsdottir.com\\\/#website\",\"url\":\"https:\\\/\\\/msgudjonsdottir.com\\\/\",\"name\":\"MARGRET SARA GUDJONSDOTTIR\",\"description\":\"\",\"publisher\":{\"@id\":\"https:\\\/\\\/msgudjonsdottir.com\\\/#organization\"},\"potentialAction\":[{\"@type\":\"SearchAction\",\"target\":{\"@type\":\"EntryPoint\",\"urlTemplate\":\"https:\\\/\\\/msgudjonsdottir.com\\\/?s={search_term_string}\"},\"query-input\":{\"@type\":\"PropertyValueSpecification\",\"valueRequired\":true,\"valueName\":\"search_term_string\"}}],\"inLanguage\":\"en-US\"},{\"@type\":\"Organization\",\"@id\":\"https:\\\/\\\/msgudjonsdottir.com\\\/#organization\",\"name\":\"MARGRET SARA GUDJONSDOTTIR\",\"url\":\"https:\\\/\\\/msgudjonsdottir.com\\\/\",\"logo\":{\"@type\":\"ImageObject\",\"inLanguage\":\"en-US\",\"@id\":\"https:\\\/\\\/msgudjonsdottir.com\\\/#\\\/schema\\\/logo\\\/image\\\/\",\"url\":\"https:\\\/\\\/msgudjonsdottir.com\\\/wp-content\\\/uploads\\\/2020\\\/06\\\/msg.png\",\"contentUrl\":\"https:\\\/\\\/msgudjonsdottir.com\\\/wp-content\\\/uploads\\\/2020\\\/06\\\/msg.png\",\"width\":551,\"height\":90,\"caption\":\"MARGRET SARA GUDJONSDOTTIR\"},\"image\":{\"@id\":\"https:\\\/\\\/msgudjonsdottir.com\\\/#\\\/schema\\\/logo\\\/image\\\/\"}}]}<\/script>\n<!-- \/ Yoast SEO plugin. -->","yoast_head_json":{"title":"IN THE BLIND SPOT - MARGRET SARA GUDJONSDOTTIR","robots":{"index":"index","follow":"follow","max-snippet":"max-snippet:-1","max-image-preview":"max-image-preview:large","max-video-preview":"max-video-preview:-1"},"canonical":"https:\/\/msgudjonsdottir.com\/index.php\/in-the-blind-spot-2015\/","og_locale":"en_US","og_type":"article","og_title":"IN THE BLIND SPOT - MARGRET SARA GUDJONSDOTTIR","og_description":"In the blind spot&nbsp; &nbsp; Synopsis &amp; credits &nbsp; \u201cIn the Blind Spot\u201d takes the notion of letting go as it\u00b4s starting point and leads the body to the edge of collapse and utter surrendering. It strives to transform the supposed weakness of the spent body into something positive and celebrate it as the refusal [&hellip;]","og_url":"https:\/\/msgudjonsdottir.com\/index.php\/in-the-blind-spot-2015\/","og_site_name":"MARGRET SARA GUDJONSDOTTIR","article_modified_time":"2023-09-18T13:00:33+00:00","twitter_card":"summary_large_image","twitter_misc":{"Est. reading time":"3 minutes"},"schema":{"@context":"https:\/\/schema.org","@graph":[{"@type":"WebPage","@id":"https:\/\/msgudjonsdottir.com\/index.php\/in-the-blind-spot-2015\/","url":"https:\/\/msgudjonsdottir.com\/index.php\/in-the-blind-spot-2015\/","name":"IN THE BLIND SPOT - MARGRET SARA GUDJONSDOTTIR","isPartOf":{"@id":"https:\/\/msgudjonsdottir.com\/#website"},"datePublished":"2020-07-30T12:56:25+00:00","dateModified":"2023-09-18T13:00:33+00:00","breadcrumb":{"@id":"https:\/\/msgudjonsdottir.com\/index.php\/in-the-blind-spot-2015\/#breadcrumb"},"inLanguage":"en-US","potentialAction":[{"@type":"ReadAction","target":["https:\/\/msgudjonsdottir.com\/index.php\/in-the-blind-spot-2015\/"]}]},{"@type":"BreadcrumbList","@id":"https:\/\/msgudjonsdottir.com\/index.php\/in-the-blind-spot-2015\/#breadcrumb","itemListElement":[{"@type":"ListItem","position":1,"name":"Home","item":"https:\/\/msgudjonsdottir.com\/"},{"@type":"ListItem","position":2,"name":"IN THE BLIND SPOT"}]},{"@type":"WebSite","@id":"https:\/\/msgudjonsdottir.com\/#website","url":"https:\/\/msgudjonsdottir.com\/","name":"MARGRET SARA GUDJONSDOTTIR","description":"","publisher":{"@id":"https:\/\/msgudjonsdottir.com\/#organization"},"potentialAction":[{"@type":"SearchAction","target":{"@type":"EntryPoint","urlTemplate":"https:\/\/msgudjonsdottir.com\/?s={search_term_string}"},"query-input":{"@type":"PropertyValueSpecification","valueRequired":true,"valueName":"search_term_string"}}],"inLanguage":"en-US"},{"@type":"Organization","@id":"https:\/\/msgudjonsdottir.com\/#organization","name":"MARGRET SARA GUDJONSDOTTIR","url":"https:\/\/msgudjonsdottir.com\/","logo":{"@type":"ImageObject","inLanguage":"en-US","@id":"https:\/\/msgudjonsdottir.com\/#\/schema\/logo\/image\/","url":"https:\/\/msgudjonsdottir.com\/wp-content\/uploads\/2020\/06\/msg.png","contentUrl":"https:\/\/msgudjonsdottir.com\/wp-content\/uploads\/2020\/06\/msg.png","width":551,"height":90,"caption":"MARGRET SARA GUDJONSDOTTIR"},"image":{"@id":"https:\/\/msgudjonsdottir.com\/#\/schema\/logo\/image\/"}}]}},"_links":{"self":[{"href":"https:\/\/msgudjonsdottir.com\/index.php\/wp-json\/wp\/v2\/pages\/355","targetHints":{"allow":["GET"]}}],"collection":[{"href":"https:\/\/msgudjonsdottir.com\/index.php\/wp-json\/wp\/v2\/pages"}],"about":[{"href":"https:\/\/msgudjonsdottir.com\/index.php\/wp-json\/wp\/v2\/types\/page"}],"author":[{"embeddable":true,"href":"https:\/\/msgudjonsdottir.com\/index.php\/wp-json\/wp\/v2\/users\/1"}],"replies":[{"embeddable":true,"href":"https:\/\/msgudjonsdottir.com\/index.php\/wp-json\/wp\/v2\/comments?post=355"}],"version-history":[{"count":28,"href":"https:\/\/msgudjonsdottir.com\/index.php\/wp-json\/wp\/v2\/pages\/355\/revisions"}],"predecessor-version":[{"id":2213,"href":"https:\/\/msgudjonsdottir.com\/index.php\/wp-json\/wp\/v2\/pages\/355\/revisions\/2213"}],"wp:attachment":[{"href":"https:\/\/msgudjonsdottir.com\/index.php\/wp-json\/wp\/v2\/media?parent=355"}],"curies":[{"name":"wp","href":"https:\/\/api.w.org\/{rel}","templated":true}]}}