{"id":379,"date":"2020-07-30T15:54:39","date_gmt":"2020-07-30T13:54:39","guid":{"rendered":"https:\/\/msgudjonsdottir.com\/?page_id=379"},"modified":"2024-06-17T09:43:11","modified_gmt":"2024-06-17T07:43:11","slug":"pervasive-magnetic-stimuli-2018","status":"publish","type":"page","link":"https:\/\/msgudjonsdottir.com\/index.php\/pervasive-magnetic-stimuli-2018\/","title":{"rendered":"PERVASIVE MAGNETIC STIMULI"},"content":{"rendered":"<p>[et_pb_section fb_built=&#8221;1&#8243; admin_label=&#8221;PERFORMANCES&#8221; _builder_version=&#8221;4.16&#8243; background_color=&#8221;#ece9ea&#8221; global_colors_info=&#8221;{}&#8221;][et_pb_row admin_label=&#8221;PERVASIVE MAGNETIC STIMULI (2018)&#8221; _builder_version=&#8221;4.16&#8243; global_colors_info=&#8221;{}&#8221;][et_pb_column type=&#8221;4_4&#8243; _builder_version=&#8221;4.16&#8243; global_colors_info=&#8221;{}&#8221;][et_pb_text admin_label=&#8221;PERVASIVE MAGNETIC STIMULI (2018)&#8221; _builder_version=&#8221;4.16&#8243; text_font=&#8221;Dosis||||||||&#8221; text_text_color=&#8221;#8e8e8e&#8221; header_text_align=&#8221;center&#8221; header_text_color=&#8221;#595758&#8243; header_2_font=&#8221;|||on|||||&#8221; header_2_text_align=&#8221;center&#8221; header_2_text_color=&#8221;#777777&#8243; header_3_font=&#8221;Dosis||||||||&#8221; header_3_text_align=&#8221;left&#8221; header_3_text_color=&#8221;#000000&#8243; text_orientation=&#8221;justified&#8221; custom_margin=&#8221;|150px||150px|false|false&#8221; custom_margin_tablet=&#8221;|80px||80px|false|false&#8221; custom_margin_phone=&#8221;|15px||15px|false|false&#8221; custom_margin_last_edited=&#8221;on|phone&#8221; global_colors_info=&#8221;{}&#8221;]<\/p>\n<h2><strong>PERVASIVE MAGNETIC STIMULI\u00a0<\/strong><\/h2>\n<p>[\/et_pb_text][et_pb_image src=&#8221;https:\/\/msgudjonsdottir.com\/wp-content\/uploads\/2021\/08\/17_EvaSchmidhuber_311018-scaled.jpg&#8221; title_text=&#8221;photo for webstie&#8221; align=&#8221;center&#8221; _builder_version=&#8221;4.21.0&#8243; _module_preset=&#8221;default&#8221; animation_style=&#8221;fade&#8221; animation_duration=&#8221;2000ms&#8221; global_colors_info=&#8221;{}&#8221;][\/et_pb_image][et_pb_text admin_label=&#8221;PERVASIVE MAGNETIC STIMULI (2018)&#8221; _builder_version=&#8221;4.22.1&#8243; text_font=&#8221;Dosis||||||||&#8221; text_text_color=&#8221;#8e8e8e&#8221; header_text_align=&#8221;center&#8221; header_text_color=&#8221;#595758&#8243; header_3_font=&#8221;Dosis||||||||&#8221; header_3_text_align=&#8221;left&#8221; header_3_text_color=&#8221;#000000&#8243; text_orientation=&#8221;justified&#8221; custom_margin=&#8221;|150px||150px|false|false&#8221; custom_margin_tablet=&#8221;|80px||80px|false|false&#8221; custom_margin_phone=&#8221;|15px||15px|false|false&#8221; custom_margin_last_edited=&#8221;on|phone&#8221; global_colors_info=&#8221;{}&#8221;]<\/p>\n<p>&nbsp;<\/p>\n<h3>\u00a0<\/h3>\n<h3><strong>Synopsis &amp; reviews<\/strong><\/h3>\n<p>&nbsp;<\/p>\n<p><em><b>One does not become enlightened by imagining figures of light, but by making the darkness conscious. &#8211;\u00a0<\/b><b>C G Jung<\/b><\/em><\/p>\n<p>In this performance work for 3 dancers, Gu\u00f0j\u00f3nsd\u00f3ttir opens up a new and unexplored realm of her choreographic methodology and deepens her distinctive and innovative performance aesthetic even further.<\/p>\n<p>PERVASIVE MAGNETIC STIMULI\u00a0serves as a doorway into the sub- and unconscious.\u00a0Populated by instincts and archetypes,\u00a0C G\u00a0Jung saw\u00a0the Collective Unconscious as an unconscious field that transcends the personal psyche and\u00a0having a physical home localised anatomically in the subcortical centres, the cerebellum and the spinal cord.\u00a0The onstage spectacle and its supporting methodologies represent a realm where appearances and consciously motivated action are not the lived reality of our lives. Forces equally ancient as current and far greater than all of us are explored through a \u00a0language which is marked by an infinite presence that reveals and pervades its environment in the same moment.\u00a0Turning the performance into<span class=\"Apple-converted-space\">\u00a0<\/span>a vessel of vibrating energetic communication as well as possibly an intensive meditation experience.<\/p>\n<p><b>Concept- choreography- direction: <\/b>Margr\u00e9t Sara\u00a0Gu\u00f0j\u00f3nsd\u00f3ttir<b>\/performers\/choreogrpahy:\u00a0<\/b>Johanna Chemnitz, Laura Siegmund, Suet-Wan Tsang\/<b>music: <\/b>Peter Rehberg\/<b>costumes &amp; set design<\/b>: Margr\u00e9t Sara\u00a0Gu\u00f0j\u00f3nsd\u00f3ttir\/l<b>ight design<\/b>: Margr\u00e9t Sara\u00a0Gu\u00f0j\u00f3nsd\u00f3ttir\u00a0and Martin Beeretz\/<b>production management:<\/b> Elena Kr\u00fcskemper\/Lokal\/<strong> Photos:<\/strong> Zeina Hanna, Ev Schmidhuber\/<b>International\/Distribution:<\/b> Something Great\/<b>Funded by the Hauptstadtkulturfonds Berlin.\u00a0Coproduction:<\/b> Inkonst Malm\u00f6, WP Zimmer Antwerpen, SOPHIENSAELE.<\/p>\n<p>&nbsp;<\/p>\n<p>&nbsp;<\/p>\n<h3><strong>Reviews<\/strong><\/h3>\n<p>&nbsp;<\/p>\n<p>As I searched for images meanings and content to hang on to, I was left adrift, slowly streaming away from my query, my desire and expectation to find something beneath the surface. This piece becomes a canvas, not a white canvas, but a canvas of fields and energies which set the conditions for a journey to unfold&#8230;But this is not just any canvas. As it shapeshifts, Pervasive Magnetic Stimuli allows itself to be what it says it will be: pervasive. Not invasive, but pervasive. My humble advice: Let it do what it has to do. And if you can\u2019t, it most probably will do what it has to do anyway. How or when? That\u2019s for no one to know and each to find out. The collective unconscious has been conjured, but have no fear, we are all here: witnessing, calling, dreaming.<\/p>\n<p><em>Chris Gylee, International Notice 1rst. november 2018, http:\/\/internationalnotice.org<\/em><\/p>\n<p>&nbsp;<\/p>\n<p>I wonder: Whose unconscious is being shown to me as I melt into my chair and pour over the stage of Pervasive Magnetic Stimuli? The choreographer\u2019s? The dancers\u2019? The person\u2019s sitting next to me? My own? What projections am I throwing into this cave?&#8230;I am addressed, but I cannot access the faces that I see: they are elsewhere, intoxicated by an energy I cannot touch, an energy I merely savour through the glossy, trance induced look in their eyes&#8230;And then I realize: I am being taken. We are being taken. Taken under. We are being taken under as Pervasive Magnetic Stimuli break the mirror, and for a split second allow us to have a glimpse at what lies beneath the surface of our expectations.<\/p>\n<p><em>Mariana Nobre Viera, International Notice 1rst. november 2018, http:\/\/ internationalnotice.org<\/em><\/p>\n<p>&nbsp;<\/p>\n<h3><b>Trailer-full performance-photos<\/b><\/h3>\n<p>&nbsp;<\/p>\n<p>[\/et_pb_text][et_pb_video src=&#8221;https:\/\/msgudjonsdottir.com\/wp-content\/uploads\/2020\/08\/Trailer-Pervasive-Magnetic-S.mp4&#8243; src_webm=&#8221;https:\/\/msgudjonsdottir.com\/wp-content\/uploads\/2020\/08\/Trailer-Pervasive-Magnetic-S.mp4&#8243; image_src=&#8221;https:\/\/msgudjonsdottir.com\/wp-content\/uploads\/2020\/10\/pervasive1.jpg&#8221; thumbnail_overlay_color=&#8221;rgba(0,0,0,0.6)&#8221; _builder_version=&#8221;4.22.1&#8243; custom_margin=&#8221;|100px||100px|false|false&#8221; custom_margin_tablet=&#8221;|80px||80px|false|false&#8221; custom_margin_phone=&#8221;|10px||10px|false|false&#8221; custom_margin_last_edited=&#8221;on|phone&#8221; global_colors_info=&#8221;{}&#8221;][\/et_pb_video][et_pb_video src=&#8221;https:\/\/msgudjonsdottir.com\/videosweb\/Pervasive%20Magnetic%20Stimuli.mp4&#8243; src_webm=&#8221;https:\/\/msgudjonsdottir.com\/videosweb\/Pervasive%20Magnetic%20Stimuli.mp4&#8243; image_src=&#8221;https:\/\/msgudjonsdottir.com\/wp-content\/uploads\/2020\/10\/pervasive2.jpg&#8221; thumbnail_overlay_color=&#8221;rgba(0,0,0,0.6)&#8221; _builder_version=&#8221;4.22.1&#8243; custom_margin=&#8221;|100px||100px|false|false&#8221; custom_margin_tablet=&#8221;|80px||80px|false|false&#8221; custom_margin_phone=&#8221;|10px||10px|false|false&#8221; custom_margin_last_edited=&#8221;on|phone&#8221; global_colors_info=&#8221;{}&#8221;][\/et_pb_video][et_pb_gallery gallery_ids=&#8221;796,797,802,798,799,1312,1311,1314,800,801,1315,689&#8243; fullwidth=&#8221;on&#8221; _builder_version=&#8221;4.23.1&#8243; _module_preset=&#8221;default&#8221; hover_enabled=&#8221;0&#8243; global_colors_info=&#8221;{}&#8221; sticky_enabled=&#8221;0&#8243;][\/et_pb_gallery][\/et_pb_column][\/et_pb_row][\/et_pb_section]<\/p>\n","protected":false},"excerpt":{"rendered":"<p>PERVASIVE MAGNETIC STIMULI\u00a0&nbsp; \u00a0 Synopsis &amp; reviews &nbsp; One does not become enlightened by imagining figures of light, but by making the darkness conscious. &#8211;\u00a0C G Jung In this performance work for 3 dancers, Gu\u00f0j\u00f3nsd\u00f3ttir opens up a new and unexplored realm of her choreographic methodology and deepens her distinctive and innovative performance aesthetic even [&hellip;]<\/p>\n","protected":false},"author":1,"featured_media":0,"parent":0,"menu_order":0,"comment_status":"closed","ping_status":"closed","template":"","meta":{"_et_pb_use_builder":"on","_et_pb_old_content":"<!-- wp:paragraph -->\r\n<p>Ceci est une page d\u2019exemple. C\u2019est diff\u00e9rent d\u2019un article de blog parce qu\u2019elle restera au m\u00eame endroit et appara\u00eetra dans la navigation de votre site (dans la plupart des th\u00e8mes). La plupart des gens commencent par une page \u00ab\u00a0\u00c0 propos\u00a0\u00bb qui les pr\u00e9sente aux visiteurs du site. Cela pourrait ressembler \u00e0 quelque chose comme cela\u00a0:<\/p>\r\n<!-- \/wp:paragraph --><!-- wp:quote -->\r\n<blockquote class=\"wp-block-quote\">\r\n<p>Bonjour\u00a0! Je suis un m\u00e9canicien qui aspire \u00e0 devenir acteur, et voici mon site. J\u2019habite \u00e0 Bordeaux, j\u2019ai un super chien baptis\u00e9 Russell, et j\u2019aime la vodka-ananas (ainsi qu\u2019\u00eatre surpris par la pluie soudaine lors de longues balades sur la plage au coucher du soleil).<\/p>\r\n<\/blockquote>\r\n<!-- \/wp:quote --><!-- wp:paragraph -->\r\n<p>... ou quelque chose comme cela\u00a0:<\/p>\r\n<!-- \/wp:paragraph --><!-- wp:quote -->\r\n<blockquote class=\"wp-block-quote\">\r\n<p>La soci\u00e9t\u00e9 123 Machin Truc a \u00e9t\u00e9 cr\u00e9\u00e9e en 1971, et n\u2019a cess\u00e9 de proposer au public des machins-trucs de qualit\u00e9 depuis lors. Situ\u00e9e \u00e0 Saint-Remy-en-Bouzemont-Saint-Genest-et-Isson, 123 Machin Truc emploie 2 000 personnes, et fabrique toutes sortes de bidules super pour la communaut\u00e9 bouzemontoise.<\/p>\r\n<\/blockquote>\r\n<!-- \/wp:quote --><!-- wp:paragraph -->\r\n<p>En tant que nouvel\u00b7le utilisateur ou utilisatrice de WordPress, vous devriez vous rendre sur <a href=\"http:\/\/msgudjonsdottir.com\/wp-admin\/\">votre tableau de bord<\/a> pour supprimer cette page et cr\u00e9er de nouvelles pages pour votre contenu. Amusez-vous bien\u00a0!<\/p>\r\n<!-- \/wp:paragraph -->","_et_gb_content_width":"","footnotes":""},"class_list":["post-379","page","type-page","status-publish","hentry"],"yoast_head":"<!-- This site is optimized with the Yoast SEO plugin v24.9 - https:\/\/yoast.com\/wordpress\/plugins\/seo\/ -->\n<title>PERVASIVE MAGNETIC STIMULI - MARGRET SARA GUDJONSDOTTIR<\/title>\n<meta name=\"robots\" content=\"index, follow, max-snippet:-1, max-image-preview:large, max-video-preview:-1\" \/>\n<link rel=\"canonical\" href=\"https:\/\/msgudjonsdottir.com\/index.php\/pervasive-magnetic-stimuli-2018\/\" \/>\n<meta property=\"og:locale\" content=\"en_US\" \/>\n<meta property=\"og:type\" content=\"article\" \/>\n<meta property=\"og:title\" content=\"PERVASIVE MAGNETIC STIMULI - MARGRET SARA GUDJONSDOTTIR\" \/>\n<meta property=\"og:description\" content=\"PERVASIVE MAGNETIC STIMULI\u00a0&nbsp; \u00a0 Synopsis &amp; reviews &nbsp; One does not become enlightened by imagining figures of light, but by making the darkness conscious. -\u00a0C G Jung In this performance work for 3 dancers, Gu\u00f0j\u00f3nsd\u00f3ttir opens up a new and unexplored realm of her choreographic methodology and deepens her distinctive and innovative performance aesthetic even [&hellip;]\" \/>\n<meta property=\"og:url\" content=\"https:\/\/msgudjonsdottir.com\/index.php\/pervasive-magnetic-stimuli-2018\/\" \/>\n<meta property=\"og:site_name\" content=\"MARGRET SARA GUDJONSDOTTIR\" \/>\n<meta property=\"article:modified_time\" content=\"2024-06-17T07:43:11+00:00\" \/>\n<meta name=\"twitter:card\" content=\"summary_large_image\" \/>\n<script type=\"application\/ld+json\" class=\"yoast-schema-graph\">{\"@context\":\"https:\/\/schema.org\",\"@graph\":[{\"@type\":\"WebPage\",\"@id\":\"https:\/\/msgudjonsdottir.com\/index.php\/pervasive-magnetic-stimuli-2018\/\",\"url\":\"https:\/\/msgudjonsdottir.com\/index.php\/pervasive-magnetic-stimuli-2018\/\",\"name\":\"PERVASIVE MAGNETIC STIMULI - MARGRET SARA GUDJONSDOTTIR\",\"isPartOf\":{\"@id\":\"https:\/\/msgudjonsdottir.com\/#website\"},\"datePublished\":\"2020-07-30T13:54:39+00:00\",\"dateModified\":\"2024-06-17T07:43:11+00:00\",\"breadcrumb\":{\"@id\":\"https:\/\/msgudjonsdottir.com\/index.php\/pervasive-magnetic-stimuli-2018\/#breadcrumb\"},\"inLanguage\":\"en-US\",\"potentialAction\":[{\"@type\":\"ReadAction\",\"target\":[\"https:\/\/msgudjonsdottir.com\/index.php\/pervasive-magnetic-stimuli-2018\/\"]}]},{\"@type\":\"BreadcrumbList\",\"@id\":\"https:\/\/msgudjonsdottir.com\/index.php\/pervasive-magnetic-stimuli-2018\/#breadcrumb\",\"itemListElement\":[{\"@type\":\"ListItem\",\"position\":1,\"name\":\"Home\",\"item\":\"https:\/\/msgudjonsdottir.com\/\"},{\"@type\":\"ListItem\",\"position\":2,\"name\":\"PERVASIVE MAGNETIC STIMULI\"}]},{\"@type\":\"WebSite\",\"@id\":\"https:\/\/msgudjonsdottir.com\/#website\",\"url\":\"https:\/\/msgudjonsdottir.com\/\",\"name\":\"MARGRET SARA GUDJONSDOTTIR\",\"description\":\"\",\"publisher\":{\"@id\":\"https:\/\/msgudjonsdottir.com\/#organization\"},\"potentialAction\":[{\"@type\":\"SearchAction\",\"target\":{\"@type\":\"EntryPoint\",\"urlTemplate\":\"https:\/\/msgudjonsdottir.com\/?s={search_term_string}\"},\"query-input\":{\"@type\":\"PropertyValueSpecification\",\"valueRequired\":true,\"valueName\":\"search_term_string\"}}],\"inLanguage\":\"en-US\"},{\"@type\":\"Organization\",\"@id\":\"https:\/\/msgudjonsdottir.com\/#organization\",\"name\":\"MARGRET SARA GUDJONSDOTTIR\",\"url\":\"https:\/\/msgudjonsdottir.com\/\",\"logo\":{\"@type\":\"ImageObject\",\"inLanguage\":\"en-US\",\"@id\":\"https:\/\/msgudjonsdottir.com\/#\/schema\/logo\/image\/\",\"url\":\"https:\/\/msgudjonsdottir.com\/wp-content\/uploads\/2020\/06\/msg.png\",\"contentUrl\":\"https:\/\/msgudjonsdottir.com\/wp-content\/uploads\/2020\/06\/msg.png\",\"width\":551,\"height\":90,\"caption\":\"MARGRET SARA GUDJONSDOTTIR\"},\"image\":{\"@id\":\"https:\/\/msgudjonsdottir.com\/#\/schema\/logo\/image\/\"}}]}<\/script>\n<!-- \/ Yoast SEO plugin. -->","yoast_head_json":{"title":"PERVASIVE MAGNETIC STIMULI - MARGRET SARA GUDJONSDOTTIR","robots":{"index":"index","follow":"follow","max-snippet":"max-snippet:-1","max-image-preview":"max-image-preview:large","max-video-preview":"max-video-preview:-1"},"canonical":"https:\/\/msgudjonsdottir.com\/index.php\/pervasive-magnetic-stimuli-2018\/","og_locale":"en_US","og_type":"article","og_title":"PERVASIVE MAGNETIC STIMULI - MARGRET SARA GUDJONSDOTTIR","og_description":"PERVASIVE MAGNETIC STIMULI\u00a0&nbsp; \u00a0 Synopsis &amp; reviews &nbsp; One does not become enlightened by imagining figures of light, but by making the darkness conscious. -\u00a0C G Jung In this performance work for 3 dancers, Gu\u00f0j\u00f3nsd\u00f3ttir opens up a new and unexplored realm of her choreographic methodology and deepens her distinctive and innovative performance aesthetic even [&hellip;]","og_url":"https:\/\/msgudjonsdottir.com\/index.php\/pervasive-magnetic-stimuli-2018\/","og_site_name":"MARGRET SARA GUDJONSDOTTIR","article_modified_time":"2024-06-17T07:43:11+00:00","twitter_card":"summary_large_image","schema":{"@context":"https:\/\/schema.org","@graph":[{"@type":"WebPage","@id":"https:\/\/msgudjonsdottir.com\/index.php\/pervasive-magnetic-stimuli-2018\/","url":"https:\/\/msgudjonsdottir.com\/index.php\/pervasive-magnetic-stimuli-2018\/","name":"PERVASIVE MAGNETIC STIMULI - MARGRET SARA GUDJONSDOTTIR","isPartOf":{"@id":"https:\/\/msgudjonsdottir.com\/#website"},"datePublished":"2020-07-30T13:54:39+00:00","dateModified":"2024-06-17T07:43:11+00:00","breadcrumb":{"@id":"https:\/\/msgudjonsdottir.com\/index.php\/pervasive-magnetic-stimuli-2018\/#breadcrumb"},"inLanguage":"en-US","potentialAction":[{"@type":"ReadAction","target":["https:\/\/msgudjonsdottir.com\/index.php\/pervasive-magnetic-stimuli-2018\/"]}]},{"@type":"BreadcrumbList","@id":"https:\/\/msgudjonsdottir.com\/index.php\/pervasive-magnetic-stimuli-2018\/#breadcrumb","itemListElement":[{"@type":"ListItem","position":1,"name":"Home","item":"https:\/\/msgudjonsdottir.com\/"},{"@type":"ListItem","position":2,"name":"PERVASIVE MAGNETIC STIMULI"}]},{"@type":"WebSite","@id":"https:\/\/msgudjonsdottir.com\/#website","url":"https:\/\/msgudjonsdottir.com\/","name":"MARGRET SARA GUDJONSDOTTIR","description":"","publisher":{"@id":"https:\/\/msgudjonsdottir.com\/#organization"},"potentialAction":[{"@type":"SearchAction","target":{"@type":"EntryPoint","urlTemplate":"https:\/\/msgudjonsdottir.com\/?s={search_term_string}"},"query-input":{"@type":"PropertyValueSpecification","valueRequired":true,"valueName":"search_term_string"}}],"inLanguage":"en-US"},{"@type":"Organization","@id":"https:\/\/msgudjonsdottir.com\/#organization","name":"MARGRET SARA GUDJONSDOTTIR","url":"https:\/\/msgudjonsdottir.com\/","logo":{"@type":"ImageObject","inLanguage":"en-US","@id":"https:\/\/msgudjonsdottir.com\/#\/schema\/logo\/image\/","url":"https:\/\/msgudjonsdottir.com\/wp-content\/uploads\/2020\/06\/msg.png","contentUrl":"https:\/\/msgudjonsdottir.com\/wp-content\/uploads\/2020\/06\/msg.png","width":551,"height":90,"caption":"MARGRET SARA GUDJONSDOTTIR"},"image":{"@id":"https:\/\/msgudjonsdottir.com\/#\/schema\/logo\/image\/"}}]}},"_links":{"self":[{"href":"https:\/\/msgudjonsdottir.com\/index.php\/wp-json\/wp\/v2\/pages\/379","targetHints":{"allow":["GET"]}}],"collection":[{"href":"https:\/\/msgudjonsdottir.com\/index.php\/wp-json\/wp\/v2\/pages"}],"about":[{"href":"https:\/\/msgudjonsdottir.com\/index.php\/wp-json\/wp\/v2\/types\/page"}],"author":[{"embeddable":true,"href":"https:\/\/msgudjonsdottir.com\/index.php\/wp-json\/wp\/v2\/users\/1"}],"replies":[{"embeddable":true,"href":"https:\/\/msgudjonsdottir.com\/index.php\/wp-json\/wp\/v2\/comments?post=379"}],"version-history":[{"count":51,"href":"https:\/\/msgudjonsdottir.com\/index.php\/wp-json\/wp\/v2\/pages\/379\/revisions"}],"predecessor-version":[{"id":2479,"href":"https:\/\/msgudjonsdottir.com\/index.php\/wp-json\/wp\/v2\/pages\/379\/revisions\/2479"}],"wp:attachment":[{"href":"https:\/\/msgudjonsdottir.com\/index.php\/wp-json\/wp\/v2\/media?parent=379"}],"curies":[{"name":"wp","href":"https:\/\/api.w.org\/{rel}","templated":true}]}}