{"id":387,"date":"2020-07-30T16:07:04","date_gmt":"2020-07-30T14:07:04","guid":{"rendered":"https:\/\/msgudjonsdottir.com\/?page_id=387"},"modified":"2024-12-22T14:01:37","modified_gmt":"2024-12-22T13:01:37","slug":"mixed-media-installation-conspiracy-archives-2018","status":"publish","type":"page","link":"https:\/\/msgudjonsdottir.com\/index.php\/mixed-media-installation-conspiracy-archives-2018\/","title":{"rendered":"CONSPIRACY ARCHIVES"},"content":{"rendered":"<p>[et_pb_section fb_built=&#8221;1&#8243; admin_label=&#8221;PERFORMANCES&#8221; _builder_version=&#8221;4.16&#8243; background_color=&#8221;#ece9ea&#8221; global_colors_info=&#8221;{}&#8221;][et_pb_row admin_label=&#8221;MIXED MEDIA INSTALLATION &#8211; CONSPIRACY ARCHIVES (2018)&#8221; _builder_version=&#8221;4.16&#8243; global_colors_info=&#8221;{}&#8221;][et_pb_column type=&#8221;4_4&#8243; _builder_version=&#8221;4.16&#8243; global_colors_info=&#8221;{}&#8221;][et_pb_text admin_label=&#8221;MIXED MEDIA INSTALLATION &#8211; CONSPIRACY ARCHIVES (2018)&#8221; _builder_version=&#8221;4.27.3&#8243; text_font=&#8221;Dosis||||||||&#8221; text_text_color=&#8221;#8e8e8e&#8221; header_text_align=&#8221;center&#8221; header_text_color=&#8221;#595758&#8243; header_2_font=&#8221;|||on|||||&#8221; header_2_text_align=&#8221;center&#8221; header_2_text_color=&#8221;#777777&#8243; header_3_font=&#8221;Dosis||||||||&#8221; header_3_text_align=&#8221;left&#8221; header_3_text_color=&#8221;#000000&#8243; text_orientation=&#8221;justified&#8221; custom_margin=&#8221;|150px||150px|false|false&#8221; custom_margin_tablet=&#8221;|80px||80px|false|false&#8221; custom_margin_phone=&#8221;|15px||15px|false|false&#8221; custom_margin_last_edited=&#8221;on|phone&#8221; hover_enabled=&#8221;0&#8243; global_colors_info=&#8221;{}&#8221; sticky_enabled=&#8221;0&#8243;]<\/p>\n<h2 class=\"p1\"><strong>CONSPIRACY ARCHIVES- Mixed Media work<\/strong><\/h2>\n<h2 class=\"p1\">\u00a0<\/h2>\n<p>[\/et_pb_text][et_pb_image src=&#8221;https:\/\/msgudjonsdottir.com\/wp-content\/uploads\/2021\/08\/CA-extra-photo-for-one-line.png&#8221; title_text=&#8221;CA PHOTO3&#8243; align=&#8221;center&#8221; _builder_version=&#8221;4.21.0&#8243; _module_preset=&#8221;default&#8221; animation_style=&#8221;fade&#8221; animation_duration=&#8221;2000ms&#8221; global_colors_info=&#8221;{}&#8221;][\/et_pb_image][et_pb_text admin_label=&#8221;MIXED MEDIA INSTALLATION &#8211; CONSPIRACY ARCHIVES (2018)&#8221; _builder_version=&#8221;4.27.3&#8243; text_font=&#8221;Dosis||||||||&#8221; text_text_color=&#8221;#8e8e8e&#8221; header_text_align=&#8221;center&#8221; header_text_color=&#8221;#595758&#8243; header_3_font=&#8221;Dosis||||||||&#8221; header_3_text_align=&#8221;left&#8221; header_3_text_color=&#8221;#000000&#8243; text_orientation=&#8221;justified&#8221; custom_margin=&#8221;|150px||150px|false|false&#8221; custom_margin_tablet=&#8221;|80px||80px|false|false&#8221; custom_margin_phone=&#8221;|15px||15px|false|false&#8221; custom_margin_last_edited=&#8221;on|phone&#8221; hover_enabled=&#8221;0&#8243; global_colors_info=&#8221;{}&#8221; sticky_enabled=&#8221;0&#8243;]<\/p>\n<h2>\u00a0<\/h2>\n<h2><strong>Synopsis and credits<\/strong><\/h2>\n<p>&nbsp;<\/p>\n<p>This work is a Mixed Reality Choreographic Archive. The large images you see installed in this space act as triggers to launch video in an App running on mobile devices (phones, iPads etc.) The visual and sonic material is created to archive and share the somatic practices and states created within the studio processes of choreographer Margr\u00e9t Sara Gu\u00f0j\u00f3nsd\u00f3ttir during the making of her performance <i>Conspiracy Ceremony-HYPERSONIC STATES <\/i>in 2017<i>.<\/i>\u00a0Using artistic strategies with digital materials the affective qualities of the work are re-performed and shared. <span class=\"Apple-converted-space\">This is an example of research that has philosophical, technological\u00a0and performative qualities, and\u00a0<\/span>an attempt to use digital devices as an active political gesture, to transport something of human value and experience beyond the domain of the commercial world and markets.\u00a0Conspiracy Archives was a collaboration\u00a0between Phenomenologist \u00a0Prof. Susan Kozel, choreographer\u00a0Margr\u00e9t Sara Gu\u00f0j\u00f3nsd\u00f3ttir, screen dance maker Prof. Jeannette Ginslov, computer programmers Keith Lim and\u00a0Daniel Spikol. An artistic research from the Living Archives Research\u00a0Project at Malm\u00f6 University(2012-2018).<\/p>\n<p><strong>Credits <\/strong><\/p>\n<p>Collaborators: Margr\u00e9t Sara Gu\u00f0j\u00f3nsd\u00f3ttir (Choreography and Full Drop somatic practice), Susan Kozel (Philosophy &amp; Archival Concept), Jeannette Ginslov (Visuals and Concept), Keith Lim (AR\/MR Creation &amp; Media Development). With dancers Johanna Chemnitz, Catherine Jodoin, Laura Siegmund, Marie Topp, &amp; Suet-Wan Tsang. Music by Peter Rehberg. Conspiracy Archives originated with the Living Archives research project and is now part of Data Society research program at Malm\u00f6 University, Sweden.<\/p>\n<p>&nbsp;<\/p>\n<p>&nbsp;<\/p>\n<h3 class=\"p1\"><strong>Links to find further information, documentation and publications\u00a0<\/strong><\/h3>\n<p><strong>https:\/\/livingarchives.mah.se\/2018\/12\/conspiracy-archives\/<\/strong><\/p>\n<h5 class=\"p1\">https:\/\/nivel.teak.fi\/adie\/conspiracy-archives\/<\/h5>\n<p>https:\/\/www.somaticarchiving.org<\/p>\n<p>\u200bhttps:\/\/www.youtube.com\/watch?v=Qn3avBxgnd0<\/p>\n<p>&nbsp;<\/p>\n<p>[\/et_pb_text][et_pb_gallery fullwidth=&#8221;on&#8221; disabled_on=&#8221;on|on|on&#8221; _builder_version=&#8221;4.17.4&#8243; _module_preset=&#8221;default&#8221; height=&#8221;700px&#8221; max_height=&#8221;700px&#8221; disabled=&#8221;on&#8221; locked=&#8221;off&#8221; global_colors_info=&#8221;{}&#8221;][\/et_pb_gallery][et_pb_video src=&#8221;https:\/\/msgudjonsdottir.com\/wp-content\/uploads\/2022\/07\/VID-20201113-WA0009.mp4&#8243; src_webm=&#8221;https:\/\/msgudjonsdottir.com\/wp-content\/uploads\/2022\/07\/VID-20201113-WA0009.mp4&#8243; image_src=&#8221;https:\/\/msgudjonsdottir.com\/wp-content\/uploads\/2022\/07\/Conspiracy-Archives-video.jpg&#8221; _builder_version=&#8221;4.17.4&#8243; _module_preset=&#8221;default&#8221; global_colors_info=&#8221;{}&#8221;][\/et_pb_video][\/et_pb_column][\/et_pb_row][\/et_pb_section]<\/p>\n","protected":false},"excerpt":{"rendered":"<p>CONSPIRACY ARCHIVES- Mixed Media work \u00a0\u00a0 Synopsis and credits &nbsp; This work is a Mixed Reality Choreographic Archive. The large images you see installed in this space act as triggers to launch video in an App running on mobile devices (phones, iPads etc.) The visual and sonic material is created to archive and share the [&hellip;]<\/p>\n","protected":false},"author":1,"featured_media":0,"parent":0,"menu_order":0,"comment_status":"closed","ping_status":"closed","template":"","meta":{"_et_pb_use_builder":"on","_et_pb_old_content":"<!-- wp:paragraph -->\r\n<p>Ceci est une page d\u2019exemple. C\u2019est diff\u00e9rent d\u2019un article de blog parce qu\u2019elle restera au m\u00eame endroit et appara\u00eetra dans la navigation de votre site (dans la plupart des th\u00e8mes). La plupart des gens commencent par une page \u00ab\u00a0\u00c0 propos\u00a0\u00bb qui les pr\u00e9sente aux visiteurs du site. Cela pourrait ressembler \u00e0 quelque chose comme cela\u00a0:<\/p>\r\n<!-- \/wp:paragraph --><!-- wp:quote -->\r\n<blockquote class=\"wp-block-quote\">\r\n<p>Bonjour\u00a0! Je suis un m\u00e9canicien qui aspire \u00e0 devenir acteur, et voici mon site. J\u2019habite \u00e0 Bordeaux, j\u2019ai un super chien baptis\u00e9 Russell, et j\u2019aime la vodka-ananas (ainsi qu\u2019\u00eatre surpris par la pluie soudaine lors de longues balades sur la plage au coucher du soleil).<\/p>\r\n<\/blockquote>\r\n<!-- \/wp:quote --><!-- wp:paragraph -->\r\n<p>... ou quelque chose comme cela\u00a0:<\/p>\r\n<!-- \/wp:paragraph --><!-- wp:quote -->\r\n<blockquote class=\"wp-block-quote\">\r\n<p>La soci\u00e9t\u00e9 123 Machin Truc a \u00e9t\u00e9 cr\u00e9\u00e9e en 1971, et n\u2019a cess\u00e9 de proposer au public des machins-trucs de qualit\u00e9 depuis lors. Situ\u00e9e \u00e0 Saint-Remy-en-Bouzemont-Saint-Genest-et-Isson, 123 Machin Truc emploie 2 000 personnes, et fabrique toutes sortes de bidules super pour la communaut\u00e9 bouzemontoise.<\/p>\r\n<\/blockquote>\r\n<!-- \/wp:quote --><!-- wp:paragraph -->\r\n<p>En tant que nouvel\u00b7le utilisateur ou utilisatrice de WordPress, vous devriez vous rendre sur <a href=\"http:\/\/msgudjonsdottir.com\/wp-admin\/\">votre tableau de bord<\/a> pour supprimer cette page et cr\u00e9er de nouvelles pages pour votre contenu. Amusez-vous bien\u00a0!<\/p>\r\n<!-- \/wp:paragraph -->","_et_gb_content_width":"","footnotes":""},"class_list":["post-387","page","type-page","status-publish","hentry"],"yoast_head":"<!-- This site is optimized with the Yoast SEO plugin v24.9 - https:\/\/yoast.com\/wordpress\/plugins\/seo\/ -->\n<title>CONSPIRACY ARCHIVES - MARGRET SARA GUDJONSDOTTIR<\/title>\n<meta name=\"robots\" content=\"index, follow, max-snippet:-1, max-image-preview:large, max-video-preview:-1\" \/>\n<link rel=\"canonical\" href=\"https:\/\/msgudjonsdottir.com\/index.php\/mixed-media-installation-conspiracy-archives-2018\/\" \/>\n<meta property=\"og:locale\" content=\"en_US\" \/>\n<meta property=\"og:type\" content=\"article\" \/>\n<meta property=\"og:title\" content=\"CONSPIRACY ARCHIVES - MARGRET SARA GUDJONSDOTTIR\" \/>\n<meta property=\"og:description\" content=\"CONSPIRACY ARCHIVES- Mixed Media work \u00a0\u00a0 Synopsis and credits &nbsp; This work is a Mixed Reality Choreographic Archive. The large images you see installed in this space act as triggers to launch video in an App running on mobile devices (phones, iPads etc.) The visual and sonic material is created to archive and share the [&hellip;]\" \/>\n<meta property=\"og:url\" content=\"https:\/\/msgudjonsdottir.com\/index.php\/mixed-media-installation-conspiracy-archives-2018\/\" \/>\n<meta property=\"og:site_name\" content=\"MARGRET SARA GUDJONSDOTTIR\" \/>\n<meta property=\"article:modified_time\" content=\"2024-12-22T13:01:37+00:00\" \/>\n<meta name=\"twitter:card\" content=\"summary_large_image\" \/>\n<meta name=\"twitter:label1\" content=\"Est. reading time\" \/>\n\t<meta name=\"twitter:data1\" content=\"2 minutes\" \/>\n<script type=\"application\/ld+json\" class=\"yoast-schema-graph\">{\"@context\":\"https:\/\/schema.org\",\"@graph\":[{\"@type\":\"WebPage\",\"@id\":\"https:\/\/msgudjonsdottir.com\/index.php\/mixed-media-installation-conspiracy-archives-2018\/\",\"url\":\"https:\/\/msgudjonsdottir.com\/index.php\/mixed-media-installation-conspiracy-archives-2018\/\",\"name\":\"CONSPIRACY ARCHIVES - MARGRET SARA GUDJONSDOTTIR\",\"isPartOf\":{\"@id\":\"https:\/\/msgudjonsdottir.com\/#website\"},\"datePublished\":\"2020-07-30T14:07:04+00:00\",\"dateModified\":\"2024-12-22T13:01:37+00:00\",\"breadcrumb\":{\"@id\":\"https:\/\/msgudjonsdottir.com\/index.php\/mixed-media-installation-conspiracy-archives-2018\/#breadcrumb\"},\"inLanguage\":\"en-US\",\"potentialAction\":[{\"@type\":\"ReadAction\",\"target\":[\"https:\/\/msgudjonsdottir.com\/index.php\/mixed-media-installation-conspiracy-archives-2018\/\"]}]},{\"@type\":\"BreadcrumbList\",\"@id\":\"https:\/\/msgudjonsdottir.com\/index.php\/mixed-media-installation-conspiracy-archives-2018\/#breadcrumb\",\"itemListElement\":[{\"@type\":\"ListItem\",\"position\":1,\"name\":\"Home\",\"item\":\"https:\/\/msgudjonsdottir.com\/\"},{\"@type\":\"ListItem\",\"position\":2,\"name\":\"CONSPIRACY ARCHIVES\"}]},{\"@type\":\"WebSite\",\"@id\":\"https:\/\/msgudjonsdottir.com\/#website\",\"url\":\"https:\/\/msgudjonsdottir.com\/\",\"name\":\"MARGRET SARA GUDJONSDOTTIR\",\"description\":\"\",\"publisher\":{\"@id\":\"https:\/\/msgudjonsdottir.com\/#organization\"},\"potentialAction\":[{\"@type\":\"SearchAction\",\"target\":{\"@type\":\"EntryPoint\",\"urlTemplate\":\"https:\/\/msgudjonsdottir.com\/?s={search_term_string}\"},\"query-input\":{\"@type\":\"PropertyValueSpecification\",\"valueRequired\":true,\"valueName\":\"search_term_string\"}}],\"inLanguage\":\"en-US\"},{\"@type\":\"Organization\",\"@id\":\"https:\/\/msgudjonsdottir.com\/#organization\",\"name\":\"MARGRET SARA GUDJONSDOTTIR\",\"url\":\"https:\/\/msgudjonsdottir.com\/\",\"logo\":{\"@type\":\"ImageObject\",\"inLanguage\":\"en-US\",\"@id\":\"https:\/\/msgudjonsdottir.com\/#\/schema\/logo\/image\/\",\"url\":\"https:\/\/msgudjonsdottir.com\/wp-content\/uploads\/2020\/06\/msg.png\",\"contentUrl\":\"https:\/\/msgudjonsdottir.com\/wp-content\/uploads\/2020\/06\/msg.png\",\"width\":551,\"height\":90,\"caption\":\"MARGRET SARA GUDJONSDOTTIR\"},\"image\":{\"@id\":\"https:\/\/msgudjonsdottir.com\/#\/schema\/logo\/image\/\"}}]}<\/script>\n<!-- \/ Yoast SEO plugin. -->","yoast_head_json":{"title":"CONSPIRACY ARCHIVES - MARGRET SARA GUDJONSDOTTIR","robots":{"index":"index","follow":"follow","max-snippet":"max-snippet:-1","max-image-preview":"max-image-preview:large","max-video-preview":"max-video-preview:-1"},"canonical":"https:\/\/msgudjonsdottir.com\/index.php\/mixed-media-installation-conspiracy-archives-2018\/","og_locale":"en_US","og_type":"article","og_title":"CONSPIRACY ARCHIVES - MARGRET SARA GUDJONSDOTTIR","og_description":"CONSPIRACY ARCHIVES- Mixed Media work \u00a0\u00a0 Synopsis and credits &nbsp; This work is a Mixed Reality Choreographic Archive. The large images you see installed in this space act as triggers to launch video in an App running on mobile devices (phones, iPads etc.) The visual and sonic material is created to archive and share the [&hellip;]","og_url":"https:\/\/msgudjonsdottir.com\/index.php\/mixed-media-installation-conspiracy-archives-2018\/","og_site_name":"MARGRET SARA GUDJONSDOTTIR","article_modified_time":"2024-12-22T13:01:37+00:00","twitter_card":"summary_large_image","twitter_misc":{"Est. reading time":"2 minutes"},"schema":{"@context":"https:\/\/schema.org","@graph":[{"@type":"WebPage","@id":"https:\/\/msgudjonsdottir.com\/index.php\/mixed-media-installation-conspiracy-archives-2018\/","url":"https:\/\/msgudjonsdottir.com\/index.php\/mixed-media-installation-conspiracy-archives-2018\/","name":"CONSPIRACY ARCHIVES - MARGRET SARA GUDJONSDOTTIR","isPartOf":{"@id":"https:\/\/msgudjonsdottir.com\/#website"},"datePublished":"2020-07-30T14:07:04+00:00","dateModified":"2024-12-22T13:01:37+00:00","breadcrumb":{"@id":"https:\/\/msgudjonsdottir.com\/index.php\/mixed-media-installation-conspiracy-archives-2018\/#breadcrumb"},"inLanguage":"en-US","potentialAction":[{"@type":"ReadAction","target":["https:\/\/msgudjonsdottir.com\/index.php\/mixed-media-installation-conspiracy-archives-2018\/"]}]},{"@type":"BreadcrumbList","@id":"https:\/\/msgudjonsdottir.com\/index.php\/mixed-media-installation-conspiracy-archives-2018\/#breadcrumb","itemListElement":[{"@type":"ListItem","position":1,"name":"Home","item":"https:\/\/msgudjonsdottir.com\/"},{"@type":"ListItem","position":2,"name":"CONSPIRACY ARCHIVES"}]},{"@type":"WebSite","@id":"https:\/\/msgudjonsdottir.com\/#website","url":"https:\/\/msgudjonsdottir.com\/","name":"MARGRET SARA GUDJONSDOTTIR","description":"","publisher":{"@id":"https:\/\/msgudjonsdottir.com\/#organization"},"potentialAction":[{"@type":"SearchAction","target":{"@type":"EntryPoint","urlTemplate":"https:\/\/msgudjonsdottir.com\/?s={search_term_string}"},"query-input":{"@type":"PropertyValueSpecification","valueRequired":true,"valueName":"search_term_string"}}],"inLanguage":"en-US"},{"@type":"Organization","@id":"https:\/\/msgudjonsdottir.com\/#organization","name":"MARGRET SARA GUDJONSDOTTIR","url":"https:\/\/msgudjonsdottir.com\/","logo":{"@type":"ImageObject","inLanguage":"en-US","@id":"https:\/\/msgudjonsdottir.com\/#\/schema\/logo\/image\/","url":"https:\/\/msgudjonsdottir.com\/wp-content\/uploads\/2020\/06\/msg.png","contentUrl":"https:\/\/msgudjonsdottir.com\/wp-content\/uploads\/2020\/06\/msg.png","width":551,"height":90,"caption":"MARGRET SARA GUDJONSDOTTIR"},"image":{"@id":"https:\/\/msgudjonsdottir.com\/#\/schema\/logo\/image\/"}}]}},"_links":{"self":[{"href":"https:\/\/msgudjonsdottir.com\/index.php\/wp-json\/wp\/v2\/pages\/387","targetHints":{"allow":["GET"]}}],"collection":[{"href":"https:\/\/msgudjonsdottir.com\/index.php\/wp-json\/wp\/v2\/pages"}],"about":[{"href":"https:\/\/msgudjonsdottir.com\/index.php\/wp-json\/wp\/v2\/types\/page"}],"author":[{"embeddable":true,"href":"https:\/\/msgudjonsdottir.com\/index.php\/wp-json\/wp\/v2\/users\/1"}],"replies":[{"embeddable":true,"href":"https:\/\/msgudjonsdottir.com\/index.php\/wp-json\/wp\/v2\/comments?post=387"}],"version-history":[{"count":97,"href":"https:\/\/msgudjonsdottir.com\/index.php\/wp-json\/wp\/v2\/pages\/387\/revisions"}],"predecessor-version":[{"id":2759,"href":"https:\/\/msgudjonsdottir.com\/index.php\/wp-json\/wp\/v2\/pages\/387\/revisions\/2759"}],"wp:attachment":[{"href":"https:\/\/msgudjonsdottir.com\/index.php\/wp-json\/wp\/v2\/media?parent=387"}],"curies":[{"name":"wp","href":"https:\/\/api.w.org\/{rel}","templated":true}]}}