{"id":713,"date":"2020-08-14T17:38:39","date_gmt":"2020-08-14T15:38:39","guid":{"rendered":"https:\/\/msgudjonsdottir.com\/?page_id=713"},"modified":"2023-07-26T13:36:09","modified_gmt":"2023-07-26T11:36:09","slug":"ocean-glory-multimedia-work-2019","status":"publish","type":"page","link":"https:\/\/msgudjonsdottir.com\/index.php\/ocean-glory-multimedia-work-2019\/","title":{"rendered":"OCEAN GLORY &#8211; multimedia work (2019)"},"content":{"rendered":"<p>[et_pb_section fb_built=&#8221;1&#8243; admin_label=&#8221;PERFORMANCES&#8221; _builder_version=&#8221;4.16&#8243; background_color=&#8221;#ece9ea&#8221; global_colors_info=&#8221;{}&#8221;][et_pb_row admin_label=&#8221;OCEAN GLORY &#8211; multimedia work installation performance (2019)&#8221; _builder_version=&#8221;4.16&#8243; global_colors_info=&#8221;{}&#8221;][et_pb_column type=&#8221;4_4&#8243; _builder_version=&#8221;4.16&#8243; global_colors_info=&#8221;{}&#8221;][et_pb_text admin_label=&#8221;OCEAN GLORY &#8211; multimedia installation performance (2019)&#8221; _builder_version=&#8221;4.16&#8243; text_font=&#8221;Dosis||||||||&#8221; text_text_color=&#8221;#8e8e8e&#8221; header_text_align=&#8221;center&#8221; header_text_color=&#8221;#595758&#8243; header_2_font=&#8221;|||on|||||&#8221; header_2_text_align=&#8221;center&#8221; header_2_text_color=&#8221;#777777&#8243; header_3_font=&#8221;Dosis||||||||&#8221; header_3_text_align=&#8221;left&#8221; header_3_text_color=&#8221;#000000&#8243; text_orientation=&#8221;justified&#8221; custom_margin=&#8221;|150px||150px|false|false&#8221; custom_margin_tablet=&#8221;|80px||80px|false|false&#8221; custom_margin_phone=&#8221;|15px||15px|false|false&#8221; custom_margin_last_edited=&#8221;on|phone&#8221; global_colors_info=&#8221;{}&#8221;]<\/p>\n<h2 class=\"p1\"><strong><span class=\"s1\">Ocean Glory- multimedia work (2019)<\/span><\/strong><\/h2>\n<p>[\/et_pb_text][et_pb_image src=&#8221;https:\/\/msgudjonsdottir.com\/wp-content\/uploads\/2020\/08\/oceanglory.jpg&#8221; title_text=&#8221;oceanglory&#8221; align=&#8221;center&#8221; _builder_version=&#8221;4.16&#8243; _module_preset=&#8221;default&#8221; animation_style=&#8221;fade&#8221; animation_duration=&#8221;2000ms&#8221; global_colors_info=&#8221;{}&#8221;][\/et_pb_image][et_pb_text admin_label=&#8221;OCEAN GLORY &#8211; multimedia installation performance (2019)&#8221; _builder_version=&#8221;4.16&#8243; text_font=&#8221;Dosis||||||||&#8221; text_text_color=&#8221;#8e8e8e&#8221; header_text_align=&#8221;center&#8221; header_text_color=&#8221;#595758&#8243; header_3_font=&#8221;Dosis||||||||&#8221; header_3_text_align=&#8221;left&#8221; header_3_text_color=&#8221;#000000&#8243; text_orientation=&#8221;justified&#8221; custom_margin=&#8221;|150px||150px|false|false&#8221; custom_margin_tablet=&#8221;|80px||80px|false|false&#8221; custom_margin_phone=&#8221;|15px||15px|false|false&#8221; custom_margin_last_edited=&#8221;on|phone&#8221; global_colors_info=&#8221;{}&#8221;]<\/p>\n<h2>\u00a0<\/h2>\n<h2><strong>Synopsis and credits<\/strong><\/h2>\n<p>&nbsp;<\/p>\n<p><span class=\"s1\">The video work &amp; installation performance\u00a0<b>Ocean Glory\u00a0<\/b>is the first artistic outcome from this collaboration. <strong>It was commissioned by Savy Contemporary in Berlin and shown on the 9<\/strong><\/span><strong><span class=\"s3\"><sup>th<\/sup><\/span><\/strong><span class=\"s1\"><strong>\u00a0of November 2019 as part of an exhibition\u00a0<i>&#8216;The long time you cannot afford. On the distribution of the toxic&#8217;<\/i>\u00a0curated by Antonia Alampi and Caroline Ektander.<\/strong>\u00a0In continuation of that<strong> it was shown on the 18th of November 2019 at the Flutgraben Performance Series event at Flutgraben in Berlin.<\/strong><\/span><\/p>\n<p class=\"p1\"><span class=\"s1\">Ocean Glory (25 min, HD single-channel video, 2019) is the 2nd artwork deriving from the new art-practice-as-research project S-I-L-I-C-A that investigates the production process behind the making of semiconductors in solar cells and microelectronics. The film was developed from research footage shot by the artist in a silica mine in SW-Australia, on silica terminal in the port of Albany, SW-Australia and in a silica processing plant on the coast of North-Iceland and geothermal energy plant in the highlands above it. After receiving a commission the initiator of the project Hulda R\u00f3s Gu\u00f0nad\u00f3ttir recruited composer Gu\u00f0n\u00fd Gu\u00f0mundsd\u00f3ttir to compose a soundscape from sound recorded on location, in what Gu\u00f0n\u00fd calls progression of sounding elements, and choreographer Margr\u00e9t Sara Gu\u00f0j\u00f3nsd\u00f3ttir to adapt her research on automatic compositional full body states called Hyperstates, to support the sensorial intimate experience of the audience and encounter of an inner and outer reality. The politics of &#8216;Ocean Glory&#8217; happens in intimate moments when the states of the dancer and the soundscape serves to open up a doorway to the reality of the film. Instead of approaching the subject of the film by taking a critical stance towards something identified as being external and belonging to others the audience is invited to become aware of how the state of the world resonates within his own body. It is in the state of the dancers that ambiguity, new truths and thoughts can breathe, form and come to life.<\/span><span class=\"s2\">\u00a0\u00a0<\/span><\/p>\n<p class=\"p1\"><span style=\"color: #333333;\"><span style=\"caret-color: #333333; font-size: 22px;\"><b>Credits<\/b><\/span><\/span><\/p>\n<p class=\"p1\"><strong><span class=\"s1\">Laura Siegmund for performance, Nils Banthien for sound design, Dennis Helm for green screen camera and post-production, Siggi &#8216;zoom&#8217; for drone camera operation, Sigf\u00fas J\u00f3nsson and Tim Maisey for sound recording, Erin Honeycut for text proofreading, Benjamin Gow and Tash Rolfe for location management and coordination. Editing and other camera work is credited to the artist. Special thanks go to Leighton Debarros, Sumanth Surendran and Sunna J\u00f3na Gu\u00f0nad\u00f3ttir for goodwill and for Icelandic Art Fund for support.<\/span><\/strong><\/p>\n<p>&nbsp;<\/p>\n<p><span style=\"color: #333333;\"><span style=\"caret-color: #333333; font-size: 22px;\"><b>Photos<\/b><\/span><\/span><\/p>\n<p>&nbsp;<\/p>\n<p>[\/et_pb_text][et_pb_video src=&#8221;https:\/\/msgudjonsdottir.com\/videosweb\/Conspiracy%20Archives%20Malmo-Oct%2029%202018-opti2.mp4&#8243; src_webm=&#8221;https:\/\/msgudjonsdottir.com\/videosweb\/Conspiracy%20Archives%20Malmo-Oct%2029%202018-opti2.mp4&#8243; image_src=&#8221;https:\/\/msgudjonsdottir.com\/wp-content\/uploads\/2020\/06\/fondnoir.jpg&#8221; thumbnail_overlay_color=&#8221;rgba(0,0,0,0.6)&#8221; disabled_on=&#8221;on|on|on&#8221; _builder_version=&#8221;4.16&#8243; custom_margin=&#8221;|100px||100px|false|false&#8221; custom_margin_tablet=&#8221;|80px||80px|false|false&#8221; custom_margin_phone=&#8221;|10px||10px|false|false&#8221; custom_margin_last_edited=&#8221;on|phone&#8221; disabled=&#8221;on&#8221; global_colors_info=&#8221;{}&#8221;][\/et_pb_video][et_pb_gallery gallery_ids=&#8221;752,734,736,735,747,748&#8243; fullwidth=&#8221;on&#8221; _builder_version=&#8221;4.21.0&#8243; _module_preset=&#8221;default&#8221; global_colors_info=&#8221;{}&#8221;][\/et_pb_gallery][\/et_pb_column][\/et_pb_row][\/et_pb_section]<\/p>\n","protected":false},"excerpt":{"rendered":"<p>Ocean Glory- multimedia work (2019) \u00a0 Synopsis and credits &nbsp; The video work &amp; installation performance\u00a0Ocean Glory\u00a0is the first artistic outcome from this collaboration. It was commissioned by Savy Contemporary in Berlin and shown on the 9th\u00a0of November 2019 as part of an exhibition\u00a0&#8216;The long time you cannot afford. On the distribution of the toxic&#8217;\u00a0curated [&hellip;]<\/p>\n","protected":false},"author":1,"featured_media":0,"parent":0,"menu_order":0,"comment_status":"closed","ping_status":"closed","template":"","meta":{"_et_pb_use_builder":"on","_et_pb_old_content":"<!-- wp:paragraph -->\r\n<p>Ceci est une page d\u2019exemple. C\u2019est diff\u00e9rent d\u2019un article de blog parce qu\u2019elle restera au m\u00eame endroit et appara\u00eetra dans la navigation de votre site (dans la plupart des th\u00e8mes). La plupart des gens commencent par une page \u00ab\u00a0\u00c0 propos\u00a0\u00bb qui les pr\u00e9sente aux visiteurs du site. Cela pourrait ressembler \u00e0 quelque chose comme cela\u00a0:<\/p>\r\n<!-- \/wp:paragraph --><!-- wp:quote -->\r\n<blockquote class=\"wp-block-quote\">\r\n<p>Bonjour\u00a0! Je suis un m\u00e9canicien qui aspire \u00e0 devenir acteur, et voici mon site. J\u2019habite \u00e0 Bordeaux, j\u2019ai un super chien baptis\u00e9 Russell, et j\u2019aime la vodka-ananas (ainsi qu\u2019\u00eatre surpris par la pluie soudaine lors de longues balades sur la plage au coucher du soleil).<\/p>\r\n<\/blockquote>\r\n<!-- \/wp:quote --><!-- wp:paragraph -->\r\n<p>... ou quelque chose comme cela\u00a0:<\/p>\r\n<!-- \/wp:paragraph --><!-- wp:quote -->\r\n<blockquote class=\"wp-block-quote\">\r\n<p>La soci\u00e9t\u00e9 123 Machin Truc a \u00e9t\u00e9 cr\u00e9\u00e9e en 1971, et n\u2019a cess\u00e9 de proposer au public des machins-trucs de qualit\u00e9 depuis lors. Situ\u00e9e \u00e0 Saint-Remy-en-Bouzemont-Saint-Genest-et-Isson, 123 Machin Truc emploie 2 000 personnes, et fabrique toutes sortes de bidules super pour la communaut\u00e9 bouzemontoise.<\/p>\r\n<\/blockquote>\r\n<!-- \/wp:quote --><!-- wp:paragraph -->\r\n<p>En tant que nouvel\u00b7le utilisateur ou utilisatrice de WordPress, vous devriez vous rendre sur <a href=\"http:\/\/msgudjonsdottir.com\/wp-admin\/\">votre tableau de bord<\/a> pour supprimer cette page et cr\u00e9er de nouvelles pages pour votre contenu. Amusez-vous bien\u00a0!<\/p>\r\n<!-- \/wp:paragraph -->","_et_gb_content_width":"","footnotes":""},"class_list":["post-713","page","type-page","status-publish","hentry"],"yoast_head":"<!-- This site is optimized with the Yoast SEO plugin v27.4 - https:\/\/yoast.com\/product\/yoast-seo-wordpress\/ -->\n<title>OCEAN GLORY - multimedia work (2019) - MARGRET SARA GUDJONSDOTTIR<\/title>\n<meta name=\"robots\" content=\"index, follow, max-snippet:-1, max-image-preview:large, max-video-preview:-1\" \/>\n<link rel=\"canonical\" href=\"https:\/\/msgudjonsdottir.com\/index.php\/ocean-glory-multimedia-work-2019\/\" \/>\n<meta property=\"og:locale\" content=\"en_US\" \/>\n<meta property=\"og:type\" content=\"article\" \/>\n<meta property=\"og:title\" content=\"OCEAN GLORY - multimedia work (2019) - MARGRET SARA GUDJONSDOTTIR\" \/>\n<meta property=\"og:description\" content=\"Ocean Glory- multimedia work (2019) \u00a0 Synopsis and credits &nbsp; The video work &amp; installation performance\u00a0Ocean Glory\u00a0is the first artistic outcome from this collaboration. It was commissioned by Savy Contemporary in Berlin and shown on the 9th\u00a0of November 2019 as part of an exhibition\u00a0&#039;The long time you cannot afford. On the distribution of the toxic&#039;\u00a0curated [&hellip;]\" \/>\n<meta property=\"og:url\" content=\"https:\/\/msgudjonsdottir.com\/index.php\/ocean-glory-multimedia-work-2019\/\" \/>\n<meta property=\"og:site_name\" content=\"MARGRET SARA GUDJONSDOTTIR\" \/>\n<meta property=\"article:modified_time\" content=\"2023-07-26T11:36:09+00:00\" \/>\n<meta name=\"twitter:card\" content=\"summary_large_image\" \/>\n<meta name=\"twitter:label1\" content=\"Est. reading time\" \/>\n\t<meta name=\"twitter:data1\" content=\"3 minutes\" \/>\n<script type=\"application\/ld+json\" class=\"yoast-schema-graph\">{\"@context\":\"https:\\\/\\\/schema.org\",\"@graph\":[{\"@type\":\"WebPage\",\"@id\":\"https:\\\/\\\/msgudjonsdottir.com\\\/index.php\\\/ocean-glory-multimedia-work-2019\\\/\",\"url\":\"https:\\\/\\\/msgudjonsdottir.com\\\/index.php\\\/ocean-glory-multimedia-work-2019\\\/\",\"name\":\"OCEAN GLORY - multimedia work (2019) - MARGRET SARA GUDJONSDOTTIR\",\"isPartOf\":{\"@id\":\"https:\\\/\\\/msgudjonsdottir.com\\\/#website\"},\"datePublished\":\"2020-08-14T15:38:39+00:00\",\"dateModified\":\"2023-07-26T11:36:09+00:00\",\"breadcrumb\":{\"@id\":\"https:\\\/\\\/msgudjonsdottir.com\\\/index.php\\\/ocean-glory-multimedia-work-2019\\\/#breadcrumb\"},\"inLanguage\":\"en-US\",\"potentialAction\":[{\"@type\":\"ReadAction\",\"target\":[\"https:\\\/\\\/msgudjonsdottir.com\\\/index.php\\\/ocean-glory-multimedia-work-2019\\\/\"]}]},{\"@type\":\"BreadcrumbList\",\"@id\":\"https:\\\/\\\/msgudjonsdottir.com\\\/index.php\\\/ocean-glory-multimedia-work-2019\\\/#breadcrumb\",\"itemListElement\":[{\"@type\":\"ListItem\",\"position\":1,\"name\":\"Home\",\"item\":\"https:\\\/\\\/msgudjonsdottir.com\\\/\"},{\"@type\":\"ListItem\",\"position\":2,\"name\":\"OCEAN GLORY &#8211; multimedia work (2019)\"}]},{\"@type\":\"WebSite\",\"@id\":\"https:\\\/\\\/msgudjonsdottir.com\\\/#website\",\"url\":\"https:\\\/\\\/msgudjonsdottir.com\\\/\",\"name\":\"MARGRET SARA GUDJONSDOTTIR\",\"description\":\"\",\"publisher\":{\"@id\":\"https:\\\/\\\/msgudjonsdottir.com\\\/#organization\"},\"potentialAction\":[{\"@type\":\"SearchAction\",\"target\":{\"@type\":\"EntryPoint\",\"urlTemplate\":\"https:\\\/\\\/msgudjonsdottir.com\\\/?s={search_term_string}\"},\"query-input\":{\"@type\":\"PropertyValueSpecification\",\"valueRequired\":true,\"valueName\":\"search_term_string\"}}],\"inLanguage\":\"en-US\"},{\"@type\":\"Organization\",\"@id\":\"https:\\\/\\\/msgudjonsdottir.com\\\/#organization\",\"name\":\"MARGRET SARA GUDJONSDOTTIR\",\"url\":\"https:\\\/\\\/msgudjonsdottir.com\\\/\",\"logo\":{\"@type\":\"ImageObject\",\"inLanguage\":\"en-US\",\"@id\":\"https:\\\/\\\/msgudjonsdottir.com\\\/#\\\/schema\\\/logo\\\/image\\\/\",\"url\":\"https:\\\/\\\/msgudjonsdottir.com\\\/wp-content\\\/uploads\\\/2020\\\/06\\\/msg.png\",\"contentUrl\":\"https:\\\/\\\/msgudjonsdottir.com\\\/wp-content\\\/uploads\\\/2020\\\/06\\\/msg.png\",\"width\":551,\"height\":90,\"caption\":\"MARGRET SARA GUDJONSDOTTIR\"},\"image\":{\"@id\":\"https:\\\/\\\/msgudjonsdottir.com\\\/#\\\/schema\\\/logo\\\/image\\\/\"}}]}<\/script>\n<!-- \/ Yoast SEO plugin. -->","yoast_head_json":{"title":"OCEAN GLORY - multimedia work (2019) - MARGRET SARA GUDJONSDOTTIR","robots":{"index":"index","follow":"follow","max-snippet":"max-snippet:-1","max-image-preview":"max-image-preview:large","max-video-preview":"max-video-preview:-1"},"canonical":"https:\/\/msgudjonsdottir.com\/index.php\/ocean-glory-multimedia-work-2019\/","og_locale":"en_US","og_type":"article","og_title":"OCEAN GLORY - multimedia work (2019) - MARGRET SARA GUDJONSDOTTIR","og_description":"Ocean Glory- multimedia work (2019) \u00a0 Synopsis and credits &nbsp; The video work &amp; installation performance\u00a0Ocean Glory\u00a0is the first artistic outcome from this collaboration. It was commissioned by Savy Contemporary in Berlin and shown on the 9th\u00a0of November 2019 as part of an exhibition\u00a0'The long time you cannot afford. On the distribution of the toxic'\u00a0curated [&hellip;]","og_url":"https:\/\/msgudjonsdottir.com\/index.php\/ocean-glory-multimedia-work-2019\/","og_site_name":"MARGRET SARA GUDJONSDOTTIR","article_modified_time":"2023-07-26T11:36:09+00:00","twitter_card":"summary_large_image","twitter_misc":{"Est. reading time":"3 minutes"},"schema":{"@context":"https:\/\/schema.org","@graph":[{"@type":"WebPage","@id":"https:\/\/msgudjonsdottir.com\/index.php\/ocean-glory-multimedia-work-2019\/","url":"https:\/\/msgudjonsdottir.com\/index.php\/ocean-glory-multimedia-work-2019\/","name":"OCEAN GLORY - multimedia work (2019) - MARGRET SARA GUDJONSDOTTIR","isPartOf":{"@id":"https:\/\/msgudjonsdottir.com\/#website"},"datePublished":"2020-08-14T15:38:39+00:00","dateModified":"2023-07-26T11:36:09+00:00","breadcrumb":{"@id":"https:\/\/msgudjonsdottir.com\/index.php\/ocean-glory-multimedia-work-2019\/#breadcrumb"},"inLanguage":"en-US","potentialAction":[{"@type":"ReadAction","target":["https:\/\/msgudjonsdottir.com\/index.php\/ocean-glory-multimedia-work-2019\/"]}]},{"@type":"BreadcrumbList","@id":"https:\/\/msgudjonsdottir.com\/index.php\/ocean-glory-multimedia-work-2019\/#breadcrumb","itemListElement":[{"@type":"ListItem","position":1,"name":"Home","item":"https:\/\/msgudjonsdottir.com\/"},{"@type":"ListItem","position":2,"name":"OCEAN GLORY &#8211; multimedia work (2019)"}]},{"@type":"WebSite","@id":"https:\/\/msgudjonsdottir.com\/#website","url":"https:\/\/msgudjonsdottir.com\/","name":"MARGRET SARA GUDJONSDOTTIR","description":"","publisher":{"@id":"https:\/\/msgudjonsdottir.com\/#organization"},"potentialAction":[{"@type":"SearchAction","target":{"@type":"EntryPoint","urlTemplate":"https:\/\/msgudjonsdottir.com\/?s={search_term_string}"},"query-input":{"@type":"PropertyValueSpecification","valueRequired":true,"valueName":"search_term_string"}}],"inLanguage":"en-US"},{"@type":"Organization","@id":"https:\/\/msgudjonsdottir.com\/#organization","name":"MARGRET SARA GUDJONSDOTTIR","url":"https:\/\/msgudjonsdottir.com\/","logo":{"@type":"ImageObject","inLanguage":"en-US","@id":"https:\/\/msgudjonsdottir.com\/#\/schema\/logo\/image\/","url":"https:\/\/msgudjonsdottir.com\/wp-content\/uploads\/2020\/06\/msg.png","contentUrl":"https:\/\/msgudjonsdottir.com\/wp-content\/uploads\/2020\/06\/msg.png","width":551,"height":90,"caption":"MARGRET SARA GUDJONSDOTTIR"},"image":{"@id":"https:\/\/msgudjonsdottir.com\/#\/schema\/logo\/image\/"}}]}},"_links":{"self":[{"href":"https:\/\/msgudjonsdottir.com\/index.php\/wp-json\/wp\/v2\/pages\/713","targetHints":{"allow":["GET"]}}],"collection":[{"href":"https:\/\/msgudjonsdottir.com\/index.php\/wp-json\/wp\/v2\/pages"}],"about":[{"href":"https:\/\/msgudjonsdottir.com\/index.php\/wp-json\/wp\/v2\/types\/page"}],"author":[{"embeddable":true,"href":"https:\/\/msgudjonsdottir.com\/index.php\/wp-json\/wp\/v2\/users\/1"}],"replies":[{"embeddable":true,"href":"https:\/\/msgudjonsdottir.com\/index.php\/wp-json\/wp\/v2\/comments?post=713"}],"version-history":[{"count":26,"href":"https:\/\/msgudjonsdottir.com\/index.php\/wp-json\/wp\/v2\/pages\/713\/revisions"}],"predecessor-version":[{"id":2765,"href":"https:\/\/msgudjonsdottir.com\/index.php\/wp-json\/wp\/v2\/pages\/713\/revisions\/2765"}],"wp:attachment":[{"href":"https:\/\/msgudjonsdottir.com\/index.php\/wp-json\/wp\/v2\/media?parent=713"}],"curies":[{"name":"wp","href":"https:\/\/api.w.org\/{rel}","templated":true}]}}