{"id":92,"date":"2020-06-11T15:29:47","date_gmt":"2020-06-11T13:29:47","guid":{"rendered":"https:\/\/msgudjonsdottir.com\/?page_id=92"},"modified":"2024-09-09T13:58:17","modified_gmt":"2024-09-09T11:58:17","slug":"publications","status":"publish","type":"page","link":"https:\/\/msgudjonsdottir.com\/index.php\/publications\/","title":{"rendered":"PUBLICATIONS"},"content":{"rendered":"<p>[et_pb_section fb_built=&#8221;1&#8243; fullwidth=&#8221;on&#8221; _builder_version=&#8221;4.16&#8243; background_color=&#8221;#ece9ea&#8221; global_colors_info=&#8221;{}&#8221;][et_pb_fullwidth_header title=&#8221;PUBLICATIONS&#8221; header_fullscreen=&#8221;on&#8221; admin_label=&#8221;PUBLICATIONS : TEXT&#8221; _builder_version=&#8221;4.26.0&#8243; title_font=&#8221;Dosis|700||on|||||&#8221; title_text_align=&#8221;center&#8221; title_text_color=&#8221;#9b9996&#8243; content_font=&#8221;Dosis|500|||||||&#8221; content_text_align=&#8221;center&#8221; content_text_color=&#8221;#727272&#8243; subhead_font=&#8221;Dosis|700|||||||&#8221; subhead_text_align=&#8221;center&#8221; subhead_text_color=&#8221;#bbbab8&#8243; subhead_font_size=&#8221;20px&#8221; background_color=&#8221;#ece9ea&#8221; background_layout=&#8221;light&#8221; custom_margin_tablet=&#8221;&#8221; custom_margin_phone=&#8221;&#8221; custom_margin_last_edited=&#8221;on|desktop&#8221; custom_padding=&#8221;0px|||||&#8221; hover_enabled=&#8221;0&#8243; global_colors_info=&#8221;{}&#8221; sticky_enabled=&#8221;0&#8243;]<\/p>\n<p style=\"text-align: left;\">\n<p>&nbsp;<\/p>\n<p>&nbsp;<\/p>\n<p style=\"text-align: left;\"><strong>-Philosopher Dr. Lucilla Guidi\u00a0did a postdoctoral at Hildesheim University\u00a0 on the research project &#8220;Performance and language games as transformative events&#8221;. Which focuses on the systematic relationship between aesthetic and philosophical exercises based on Gu\u00f0j\u00f3nsd\u00f3ttir&#8217;s somatic choreography and Wittgenstein&#8217;s philosophy of language. The research project aims to establish a systematic connection between aesthetic and philosophical practice. 2017-2022.<\/strong><\/p>\n<p>&nbsp;<\/p>\n<p>&nbsp;<\/p>\n<p style=\"text-align: left;\">\n<p style=\"text-align: left;\"><strong>&#8211; CATALYSTS-Somatic Resonance. A Mixed Reality Somatic Archive of Margr\u00e9t Sara Gu\u00f0j\u00f3nsd\u00f3ttir\u2019s choreographic work (2013 \u2013 2018). Margr\u00e9t Sara Gu\u00f0j\u00f3nsd\u00f3ttir &amp; Susan Kozel with Jeannette Ginslov and Keith Lim. A Living Archives Publication, 2022<span class=\"Apple-converted-space\">\u00a0<\/span><\/strong><\/p>\n<p>&nbsp;<\/p>\n<p>&nbsp;<\/p>\n<p style=\"text-align: left;\">\n<p style=\"text-align: left;\"><strong>&#8211; &#8220;AUTONOM&#8221;, Artificial intelligence and theatre. A catalogue with 30 performative creations from the AUTONOM special program. Fonds Darstellende Ku\u0308nste e.V. May 2022<\/strong><\/p>\n<p>&nbsp;<\/p>\n<p>&nbsp;<\/p>\n<p style=\"text-align: left;\">\n<div class=\"page\" style=\"text-align: left;\" title=\"Page 14\">\n<div class=\"layoutArea\">\n<div class=\"column\" style=\"text-align: left;\">\n<p><strong>&#8211; &#8220;Confronting hyper reality&#8221;, Margre\u0301t Sara Gu\u00f0jo\u0301nsdo\u0301ttir in dialog with Susan Kozel. Contribution to the Sophiensaele jubilee publication, 2021.<\/strong><\/p>\n<\/div>\n<p>&nbsp;<\/p>\n<\/div>\n<\/div>\n<div class=\"page\" style=\"text-align: left;\" title=\"Page 14\">\n<div class=\"layoutArea\">\n<div class=\"column\" style=\"text-align: left;\">\n<p>&nbsp;<\/p>\n<p><strong>-&#8220;Within distinction we are all equal&#8221;, Margre\u0301t Sara Gu\u00f0jo\u0301nsdo\u0301ttir. Contribution for the publication &#8220;Lie &amp; Theft as Practice&#8221;.\u00a0\u00a0Artistic Director and Editor Darko Dragi\u010devi\u0107. Series of Goethe-Institut, 2021.<\/strong><\/p>\n<\/div>\n<\/div>\n<\/div>\n<div class=\"page\" style=\"text-align: left;\" title=\"Page 14\">\n<p>&nbsp;<\/p>\n<div class=\"layoutArea\">\n<div class=\"column\" style=\"text-align: left;\">\n<p>&nbsp;<\/p>\n<p><strong>\u2013 Performing Phenomenology: The Work of Choreographer Margre\u0301t Sara Gu\u00f0jo\u0301nsdo\u0301ttir, in Phenomenology as Performative Exercise, eds. Lucilla Guidi and Thomas Rentsch, for the Studies in Contemporary Phenomenology series, Brill Publishers, 2021.<\/strong><\/p>\n<p>&nbsp;<\/p>\n<\/div>\n<div class=\"column\">\n<p>&nbsp;<\/p>\n<p style=\"text-align: left;\"><strong>\u2013 Margre\u0301t Sara Gu\u00f0jo\u0301nsdo\u0301ttir &amp; Susan Kozel, \u201cMargre\u0301t Sara Gu\u00f0jo\u0301nsdo\u0301ttir\u2019s Full Drop into the Body. A Conversation with Susan Kozel and Public Discussion\u201d, in \u201cEnergetic forces as aesthetic interventions\u201d, Sabine Huschka (ed.), Transcript Verlag, 2019.<\/strong><\/p>\n<p>&nbsp;<\/p>\n<p style=\"text-align: left;\"><strong>\u2013 Susan Kozel, Margre\u0301t Sara Gu\u00f0jo\u0301nsdo\u0301ttir, Jeannette Ginslov and Keith\u00a0Lim, \u201cConspiracy Archives \u2013 a process archive of an archival process\u201d, in \u201cArtistic Doctorates in Europe (ADiE) Resource\u201d, Vida Midgelow et al. (eds.), TEAK publications, 2018.<\/strong><\/p>\n<\/div>\n<p>&nbsp;<\/p>\n<\/div>\n<\/div>\n<div class=\"page\" title=\"Page 14\">\n<div class=\"layoutArea\">\n<div class=\"column\">\n<p style=\"text-align: left;\">\n<p style=\"text-align: left;\"><strong>\u2013Danjel Anderson, \u201cPost dance: But They Are Not Dancing?\u201d. Danjel Andersson, Mette Edvarsdsen and Marten Spa\u030angberg(eds.). Published by MDT 2017.<\/strong><\/p>\n<p style=\"text-align: left;\">\n<\/div>\n<\/div>\n<\/div>\n<p>[\/et_pb_fullwidth_header][\/et_pb_section]<\/p>\n","protected":false},"excerpt":{"rendered":"<p>&nbsp; &nbsp; -Philosopher Dr. Lucilla Guidi\u00a0did a postdoctoral at Hildesheim University\u00a0 on the research project &#8220;Performance and language games as transformative events&#8221;. Which focuses on the systematic relationship between aesthetic and philosophical exercises based on Gu\u00f0j\u00f3nsd\u00f3ttir&#8217;s somatic choreography and Wittgenstein&#8217;s philosophy of language. The research project aims to establish a systematic connection between aesthetic and [&hellip;]<\/p>\n","protected":false},"author":1,"featured_media":0,"parent":0,"menu_order":0,"comment_status":"closed","ping_status":"open","template":"","meta":{"_et_pb_use_builder":"on","_et_pb_old_content":"<!-- wp:paragraph -->\r\n<p>Ceci est une page d\u2019exemple. C\u2019est diff\u00e9rent d\u2019un article de blog parce qu\u2019elle restera au m\u00eame endroit et appara\u00eetra dans la navigation de votre site (dans la plupart des th\u00e8mes). La plupart des gens commencent par une page \u00ab\u00a0\u00c0 propos\u00a0\u00bb qui les pr\u00e9sente aux visiteurs du site. Cela pourrait ressembler \u00e0 quelque chose comme cela\u00a0:<\/p>\r\n<!-- \/wp:paragraph --><!-- wp:quote -->\r\n<blockquote class=\"wp-block-quote\">\r\n<p>Bonjour\u00a0! Je suis un m\u00e9canicien qui aspire \u00e0 devenir acteur, et voici mon site. J\u2019habite \u00e0 Bordeaux, j\u2019ai un super chien baptis\u00e9 Russell, et j\u2019aime la vodka-ananas (ainsi qu\u2019\u00eatre surpris par la pluie soudaine lors de longues balades sur la plage au coucher du soleil).<\/p>\r\n<\/blockquote>\r\n<!-- \/wp:quote --><!-- wp:paragraph -->\r\n<p>... ou quelque chose comme cela\u00a0:<\/p>\r\n<!-- \/wp:paragraph --><!-- wp:quote -->\r\n<blockquote class=\"wp-block-quote\">\r\n<p>La soci\u00e9t\u00e9 123 Machin Truc a \u00e9t\u00e9 cr\u00e9\u00e9e en 1971, et n\u2019a cess\u00e9 de proposer au public des machins-trucs de qualit\u00e9 depuis lors. Situ\u00e9e \u00e0 Saint-Remy-en-Bouzemont-Saint-Genest-et-Isson, 123 Machin Truc emploie 2 000 personnes, et fabrique toutes sortes de bidules super pour la communaut\u00e9 bouzemontoise.<\/p>\r\n<\/blockquote>\r\n<!-- \/wp:quote --><!-- wp:paragraph -->\r\n<p>En tant que nouvel\u00b7le utilisateur ou utilisatrice de WordPress, vous devriez vous rendre sur <a href=\"http:\/\/msgudjonsdottir.com\/wp-admin\/\">votre tableau de bord<\/a> pour supprimer cette page et cr\u00e9er de nouvelles pages pour votre contenu. Amusez-vous bien\u00a0!<\/p>\r\n<!-- \/wp:paragraph -->","_et_gb_content_width":"","footnotes":""},"class_list":["post-92","page","type-page","status-publish","hentry"],"yoast_head":"<!-- This site is optimized with the Yoast SEO plugin v27.4 - https:\/\/yoast.com\/product\/yoast-seo-wordpress\/ -->\n<title>PUBLICATIONS - MARGRET SARA GUDJONSDOTTIR<\/title>\n<meta name=\"robots\" content=\"index, follow, max-snippet:-1, max-image-preview:large, max-video-preview:-1\" \/>\n<link rel=\"canonical\" href=\"https:\/\/msgudjonsdottir.com\/index.php\/publications\/\" \/>\n<meta property=\"og:locale\" content=\"en_US\" \/>\n<meta property=\"og:type\" content=\"article\" \/>\n<meta property=\"og:title\" content=\"PUBLICATIONS - MARGRET SARA GUDJONSDOTTIR\" \/>\n<meta property=\"og:description\" content=\"&nbsp; &nbsp; -Philosopher Dr. Lucilla Guidi\u00a0did a postdoctoral at Hildesheim University\u00a0 on the research project &quot;Performance and language games as transformative events&quot;. Which focuses on the systematic relationship between aesthetic and philosophical exercises based on Gu\u00f0j\u00f3nsd\u00f3ttir&#039;s somatic choreography and Wittgenstein&#039;s philosophy of language. The research project aims to establish a systematic connection between aesthetic and [&hellip;]\" \/>\n<meta property=\"og:url\" content=\"https:\/\/msgudjonsdottir.com\/index.php\/publications\/\" \/>\n<meta property=\"og:site_name\" content=\"MARGRET SARA GUDJONSDOTTIR\" \/>\n<meta property=\"article:modified_time\" content=\"2024-09-09T11:58:17+00:00\" \/>\n<meta name=\"twitter:card\" content=\"summary_large_image\" \/>\n<meta name=\"twitter:label1\" content=\"Est. reading time\" \/>\n\t<meta name=\"twitter:data1\" content=\"2 minutes\" \/>\n<script type=\"application\/ld+json\" class=\"yoast-schema-graph\">{\"@context\":\"https:\\\/\\\/schema.org\",\"@graph\":[{\"@type\":\"WebPage\",\"@id\":\"https:\\\/\\\/msgudjonsdottir.com\\\/index.php\\\/publications\\\/\",\"url\":\"https:\\\/\\\/msgudjonsdottir.com\\\/index.php\\\/publications\\\/\",\"name\":\"PUBLICATIONS - MARGRET SARA GUDJONSDOTTIR\",\"isPartOf\":{\"@id\":\"https:\\\/\\\/msgudjonsdottir.com\\\/#website\"},\"datePublished\":\"2020-06-11T13:29:47+00:00\",\"dateModified\":\"2024-09-09T11:58:17+00:00\",\"breadcrumb\":{\"@id\":\"https:\\\/\\\/msgudjonsdottir.com\\\/index.php\\\/publications\\\/#breadcrumb\"},\"inLanguage\":\"en-US\",\"potentialAction\":[{\"@type\":\"ReadAction\",\"target\":[\"https:\\\/\\\/msgudjonsdottir.com\\\/index.php\\\/publications\\\/\"]}]},{\"@type\":\"BreadcrumbList\",\"@id\":\"https:\\\/\\\/msgudjonsdottir.com\\\/index.php\\\/publications\\\/#breadcrumb\",\"itemListElement\":[{\"@type\":\"ListItem\",\"position\":1,\"name\":\"Home\",\"item\":\"https:\\\/\\\/msgudjonsdottir.com\\\/\"},{\"@type\":\"ListItem\",\"position\":2,\"name\":\"PUBLICATIONS\"}]},{\"@type\":\"WebSite\",\"@id\":\"https:\\\/\\\/msgudjonsdottir.com\\\/#website\",\"url\":\"https:\\\/\\\/msgudjonsdottir.com\\\/\",\"name\":\"MARGRET SARA GUDJONSDOTTIR\",\"description\":\"\",\"publisher\":{\"@id\":\"https:\\\/\\\/msgudjonsdottir.com\\\/#organization\"},\"potentialAction\":[{\"@type\":\"SearchAction\",\"target\":{\"@type\":\"EntryPoint\",\"urlTemplate\":\"https:\\\/\\\/msgudjonsdottir.com\\\/?s={search_term_string}\"},\"query-input\":{\"@type\":\"PropertyValueSpecification\",\"valueRequired\":true,\"valueName\":\"search_term_string\"}}],\"inLanguage\":\"en-US\"},{\"@type\":\"Organization\",\"@id\":\"https:\\\/\\\/msgudjonsdottir.com\\\/#organization\",\"name\":\"MARGRET SARA GUDJONSDOTTIR\",\"url\":\"https:\\\/\\\/msgudjonsdottir.com\\\/\",\"logo\":{\"@type\":\"ImageObject\",\"inLanguage\":\"en-US\",\"@id\":\"https:\\\/\\\/msgudjonsdottir.com\\\/#\\\/schema\\\/logo\\\/image\\\/\",\"url\":\"https:\\\/\\\/msgudjonsdottir.com\\\/wp-content\\\/uploads\\\/2020\\\/06\\\/msg.png\",\"contentUrl\":\"https:\\\/\\\/msgudjonsdottir.com\\\/wp-content\\\/uploads\\\/2020\\\/06\\\/msg.png\",\"width\":551,\"height\":90,\"caption\":\"MARGRET SARA GUDJONSDOTTIR\"},\"image\":{\"@id\":\"https:\\\/\\\/msgudjonsdottir.com\\\/#\\\/schema\\\/logo\\\/image\\\/\"}}]}<\/script>\n<!-- \/ Yoast SEO plugin. -->","yoast_head_json":{"title":"PUBLICATIONS - MARGRET SARA GUDJONSDOTTIR","robots":{"index":"index","follow":"follow","max-snippet":"max-snippet:-1","max-image-preview":"max-image-preview:large","max-video-preview":"max-video-preview:-1"},"canonical":"https:\/\/msgudjonsdottir.com\/index.php\/publications\/","og_locale":"en_US","og_type":"article","og_title":"PUBLICATIONS - MARGRET SARA GUDJONSDOTTIR","og_description":"&nbsp; &nbsp; -Philosopher Dr. Lucilla Guidi\u00a0did a postdoctoral at Hildesheim University\u00a0 on the research project \"Performance and language games as transformative events\". Which focuses on the systematic relationship between aesthetic and philosophical exercises based on Gu\u00f0j\u00f3nsd\u00f3ttir's somatic choreography and Wittgenstein's philosophy of language. The research project aims to establish a systematic connection between aesthetic and [&hellip;]","og_url":"https:\/\/msgudjonsdottir.com\/index.php\/publications\/","og_site_name":"MARGRET SARA GUDJONSDOTTIR","article_modified_time":"2024-09-09T11:58:17+00:00","twitter_card":"summary_large_image","twitter_misc":{"Est. reading time":"2 minutes"},"schema":{"@context":"https:\/\/schema.org","@graph":[{"@type":"WebPage","@id":"https:\/\/msgudjonsdottir.com\/index.php\/publications\/","url":"https:\/\/msgudjonsdottir.com\/index.php\/publications\/","name":"PUBLICATIONS - MARGRET SARA GUDJONSDOTTIR","isPartOf":{"@id":"https:\/\/msgudjonsdottir.com\/#website"},"datePublished":"2020-06-11T13:29:47+00:00","dateModified":"2024-09-09T11:58:17+00:00","breadcrumb":{"@id":"https:\/\/msgudjonsdottir.com\/index.php\/publications\/#breadcrumb"},"inLanguage":"en-US","potentialAction":[{"@type":"ReadAction","target":["https:\/\/msgudjonsdottir.com\/index.php\/publications\/"]}]},{"@type":"BreadcrumbList","@id":"https:\/\/msgudjonsdottir.com\/index.php\/publications\/#breadcrumb","itemListElement":[{"@type":"ListItem","position":1,"name":"Home","item":"https:\/\/msgudjonsdottir.com\/"},{"@type":"ListItem","position":2,"name":"PUBLICATIONS"}]},{"@type":"WebSite","@id":"https:\/\/msgudjonsdottir.com\/#website","url":"https:\/\/msgudjonsdottir.com\/","name":"MARGRET SARA GUDJONSDOTTIR","description":"","publisher":{"@id":"https:\/\/msgudjonsdottir.com\/#organization"},"potentialAction":[{"@type":"SearchAction","target":{"@type":"EntryPoint","urlTemplate":"https:\/\/msgudjonsdottir.com\/?s={search_term_string}"},"query-input":{"@type":"PropertyValueSpecification","valueRequired":true,"valueName":"search_term_string"}}],"inLanguage":"en-US"},{"@type":"Organization","@id":"https:\/\/msgudjonsdottir.com\/#organization","name":"MARGRET SARA GUDJONSDOTTIR","url":"https:\/\/msgudjonsdottir.com\/","logo":{"@type":"ImageObject","inLanguage":"en-US","@id":"https:\/\/msgudjonsdottir.com\/#\/schema\/logo\/image\/","url":"https:\/\/msgudjonsdottir.com\/wp-content\/uploads\/2020\/06\/msg.png","contentUrl":"https:\/\/msgudjonsdottir.com\/wp-content\/uploads\/2020\/06\/msg.png","width":551,"height":90,"caption":"MARGRET SARA GUDJONSDOTTIR"},"image":{"@id":"https:\/\/msgudjonsdottir.com\/#\/schema\/logo\/image\/"}}]}},"_links":{"self":[{"href":"https:\/\/msgudjonsdottir.com\/index.php\/wp-json\/wp\/v2\/pages\/92","targetHints":{"allow":["GET"]}}],"collection":[{"href":"https:\/\/msgudjonsdottir.com\/index.php\/wp-json\/wp\/v2\/pages"}],"about":[{"href":"https:\/\/msgudjonsdottir.com\/index.php\/wp-json\/wp\/v2\/types\/page"}],"author":[{"embeddable":true,"href":"https:\/\/msgudjonsdottir.com\/index.php\/wp-json\/wp\/v2\/users\/1"}],"replies":[{"embeddable":true,"href":"https:\/\/msgudjonsdottir.com\/index.php\/wp-json\/wp\/v2\/comments?post=92"}],"version-history":[{"count":24,"href":"https:\/\/msgudjonsdottir.com\/index.php\/wp-json\/wp\/v2\/pages\/92\/revisions"}],"predecessor-version":[{"id":2851,"href":"https:\/\/msgudjonsdottir.com\/index.php\/wp-json\/wp\/v2\/pages\/92\/revisions\/2851"}],"wp:attachment":[{"href":"https:\/\/msgudjonsdottir.com\/index.php\/wp-json\/wp\/v2\/media?parent=92"}],"curies":[{"name":"wp","href":"https:\/\/api.w.org\/{rel}","templated":true}]}}